{"id":916,"date":"2022-12-21T06:18:53","date_gmt":"2022-12-21T06:18:53","guid":{"rendered":"https:\/\/tudime.com\/?page_id=916"},"modified":"2024-07-14T13:40:12","modified_gmt":"2024-07-14T13:40:12","slug":"about","status":"publish","type":"page","link":"https:\/\/tudime.riversidemedi-cal.com\/vi\/about\/","title":{"rendered":"Trong kho\u1ea3ng"},"content":{"rendered":"<p><\/p>\n<h2><strong>Tuy\u00ean b\u1ed1 TuDimeMission<\/strong><\/h2>\n<ul>\n<li>Mang \u0111\u1ebfn c\u01a1 h\u1ed9i tuy\u1ec7t v\u1eddi nh\u1ea5t \u0111\u1ec3 hi\u1ec7n di\u1ec7n tr\u00ean m\u1ea1ng x\u00e3 h\u1ed9i nh\u1eb1m x\u00e2y d\u1ef1ng b\u1ea3n s\u1eafc v\u00e0 \u0111\u1ea3m b\u1ea3o c\u0169ng nh\u01b0 hy v\u1ecdng s\u1ebd v\u01b0\u1ee3t qu\u00e1 mong \u0111\u1ee3i c\u1ee7a ng\u01b0\u1eddi d\u00f9ng.<\/li>\n<li>C\u00f3 \u0111\u1ed9i ng\u0169 nh\u00e2n vi\u00ean TuDime cam k\u1ebft l\u00e0m vi\u1ec7c c\u00f3 ch\u1ea5t l\u01b0\u1ee3ng v\u1edbi m\u1ee5c ti\u00eau cu\u1ed1i c\u00f9ng l\u00e0 cung c\u1ea5p cho ng\u01b0\u1eddi d\u00f9ng tr\u00ean to\u00e0n th\u1ebf gi\u1edbi \u1ee9ng d\u1ee5ng tr\u00f2 chuy\u1ec7n t\u1ed1t nh\u1ea5t t\u1eeb \u200b\u200btr\u01b0\u1edbc \u0111\u1ebfn nay.<\/li>\n<li>C\u1ea3i thi\u1ec7n s\u1ef1 h\u00e0i l\u00f2ng c\u1ee7a kh\u00e1ch h\u00e0ng<\/li>\n<li>Cam k\u1ebft th\u00fac \u0111\u1ea9y giao ti\u1ebfp c\u00f3 \u0111\u1ea1o \u0111\u1ee9c, c\u00f3 tr\u00e1ch nhi\u1ec7m v\u00e0 hi\u1ec7u qu\u1ea3.<\/li>\n<li>C\u1ed1 g\u1eafng cung c\u1ea5p \u1ee9ng d\u1ee5ng giao ti\u1ebfp AN TO\u00c0N v\u00e0 \u0110\u1ea2M B\u1ea2O cho t\u1ea5t c\u1ea3 ng\u01b0\u1eddi d\u00f9ng.<\/li>\n<li>\u0110\u1ec3 k\u1ebft n\u1ed1i t\u1ed1t h\u01a1n d\u00e2n s\u1ed1 th\u1ebf gi\u1edbi nh\u1eb1m t\u1ea1o ra m\u1ed9t m\u00f4i tr\u01b0\u1eddng c\u1ed9ng \u0111\u1ed3ng to\u00e0n c\u1ea7u h\u1ea1nh ph\u00fac h\u01a1n.<\/li>\n<li>\u0110\u1ec3 ng\u0103n c\u1ea3n v\u00e0 hy v\u1ecdng ng\u0103n ch\u1eb7n ng\u01b0\u1eddi d\u00f9ng TuDime kh\u1ecfi s\u1ef1 c\u0103m gh\u00e9t, b\u1ea5t m\u00e3n, b\u1eaft n\u1ea1t, n\u1ed9i dung khi\u00eau d\u00e2m, s\u0103n \u0111\u00f3n ng\u01b0\u1eddi kh\u00e1c, bu\u00f4n ng\u01b0\u1eddi, b\u00f3c l\u1ed9t t\u00ecnh d\u1ee5c, kh\u1ee7ng b\u1ed1 v\u00e0 c\u00e1c vi ph\u1ea1m h\u00ecnh s\u1ef1 kh\u00e1c khi s\u1eed d\u1ee5ng \u1ee9ng d\u1ee5ng n\u00e0y.<\/li>\n<li>\u0110\u1ec3 ti\u1ebfp t\u1ee5c m\u1edf l\u00f2ng \u0111\u00f3n nh\u1eadn c\u00e1c \u0111\u1ec1 xu\u1ea5t v\u00e0 \u00fd t\u01b0\u1edfng c\u1ee7a ng\u01b0\u1eddi d\u00f9ng TuDime trong nhi\u1ec7m v\u1ee5 kh\u00f4ng ng\u1eebng nh\u1eb1m cung c\u1ea5p cho th\u1ebf gi\u1edbi \u1ee9ng d\u1ee5ng tr\u00f2 chuy\u1ec7n t\u1ed1t nh\u1ea5t.<\/li>\n<\/ul>\n<p><\/p>","protected":false},"excerpt":{"rendered":"<p>Tuy\u00ean b\u1ed1 TuDimeMission Mang \u0111\u1ebfn c\u01a1 h\u1ed9i tuy\u1ec7t v\u1eddi nh\u1ea5t \u0111\u1ec3 hi\u1ec7n di\u1ec7n tr\u00ean m\u1ea1ng x\u00e3 h\u1ed9i nh\u1eb1m x\u00e2y d\u1ef1ng b\u1ea3n s\u1eafc v\u00e0 \u0111\u1ea3m b\u1ea3o c\u0169ng nh\u01b0 hy v\u1ecdng s\u1ebd v\u01b0\u1ee3t qu\u00e1 mong \u0111\u1ee3i c\u1ee7a ng\u01b0\u1eddi d\u00f9ng. C\u00f3 \u0111\u1ed9i ng\u0169 [&hellip;]<\/p>\n","protected":false},"author":1,"featured_media":0,"parent":0,"menu_order":0,"comment_status":"closed","ping_status":"closed","template":"","meta":{"footnotes":""},"class_list":["post-916","page","type-page","status-publish","hentry"],"_links":{"self":[{"href":"https:\/\/tudime.riversidemedi-cal.com\/vi\/wp-json\/wp\/v2\/pages\/916"}],"collection":[{"href":"https:\/\/tudime.riversidemedi-cal.com\/vi\/wp-json\/wp\/v2\/pages"}],"about":[{"href":"https:\/\/tudime.riversidemedi-cal.com\/vi\/wp-json\/wp\/v2\/types\/page"}],"author":[{"embeddable":true,"href":"https:\/\/tudime.riversidemedi-cal.com\/vi\/wp-json\/wp\/v2\/users\/1"}],"replies":[{"embeddable":true,"href":"https:\/\/tudime.riversidemedi-cal.com\/vi\/wp-json\/wp\/v2\/comments?post=916"}],"version-history":[{"count":15,"href":"https:\/\/tudime.riversidemedi-cal.com\/vi\/wp-json\/wp\/v2\/pages\/916\/revisions"}],"predecessor-version":[{"id":1444,"href":"https:\/\/tudime.riversidemedi-cal.com\/vi\/wp-json\/wp\/v2\/pages\/916\/revisions\/1444"}],"wp:attachment":[{"href":"https:\/\/tudime.riversidemedi-cal.com\/vi\/wp-json\/wp\/v2\/media?parent=916"}],"curies":[{"name":"wp","href":"https:\/\/api.w.org\/{rel}","templated":true}]}}