{"id":25,"date":"2017-08-04T10:25:49","date_gmt":"2017-08-04T10:25:49","guid":{"rendered":"http:\/\/localhost\/tudimes\/?page_id=25"},"modified":"2024-07-14T13:47:42","modified_gmt":"2024-07-14T13:47:42","slug":"faq","status":"publish","type":"page","link":"https:\/\/tudime.riversidemedi-cal.com\/vi\/faq\/","title":{"rendered":"C\u00e2u h\u1ecfi th\u01b0\u1eddng g\u1eb7p"},"content":{"rendered":"<p><strong> <span style = \"color: # 0e93cc;\"> 1. TuDime l\u00e0 g\u00ec? <\/span><br \/>\n<\/strong><br \/>\nM\u00f4 t\u1ea3 ch\u00ednh th\u1ee9c s\u1ebd l\u00e0 TuDime l\u00e0 m\u1ed9t \u1ee9ng d\u1ee5ng tr\u00f2 chuy\u1ec7n \u0111\u1ec3 th\u1ef1c hi\u1ec7n tin nh\u1eafn v\u0103n b\u1ea3n, g\u1eedi h\u00ecnh \u1ea3nh, video, t\u1ec7p, chia s\u1ebb v\u1ecb tr\u00ed \/ th\u00f4ng tin li\u00ean h\u1ec7 \/ h\u00ecnh t\u01b0\u1ee3ng tr\u01b0ng, \u200b\u200bv.v., \u1ee9ng d\u1ee5ng cho \u1ee9ng d\u1ee5ng g\u1ecdi \u00e2m thanh \/ video, \u1ee9ng d\u1ee5ng g\u1ecdi \u0111i\u1ec7n tho\u1ea1i \/ \u0111i\u1ec7n tho\u1ea1i c\u1ed1 \u0111\u1ecbnh s\u1eed d\u1ee5ng t\u00ednh n\u0103ng g\u1ecdi t\u00edn d\u1ee5ng TuDime \u0111\u00e2y l\u00e0 t\u00ednh n\u0103ng t\u1ed1t nh\u1ea5t v\u00e0 nhi\u1ec1u nh\u1ea5t c\u1ee7a \u1ee9ng d\u1ee5ng cung c\u1ea5p m\u1ee9c c\u01b0\u1edbc cu\u1ed9c g\u1ecdi r\u1ebb nh\u1ea5t tr\u00ean to\u00e0n c\u1ea7u. Ngo\u00e0i ra, TuDime c\u00f3 m\u1ed9t s\u1ed1 t\u00ednh n\u0103ng tuy\u1ec7t v\u1eddi nh\u01b0 Encounters &#8211; m\u1ed9t phi\u00ean b\u1ea3n n\u00e2ng cao c\u1ee7a y\u00eau c\u1ea7u h\u1eb9n h\u00f2, eCards &#8211; t\u1ea1o \u0111i\u1ec1u ki\u1ec7n thu\u1eadn l\u1ee3i cho vi\u1ec7c g\u1eedi bi\u1ec3u c\u1ea3m \u0111\u1ebfn m\u1ed9t ng\u01b0\u1eddi \u0111\u1eb7c bi\u1ec7t \u0111\u1ec3 khi\u1ebfn h\u1ecd c\u1ea3m th\u1ea5y \u0111\u1eb7c bi\u1ec7t b\u1eb1ng c\u00e1ch ch\u00e0o h\u1ecfi b\u1eb1ng nh\u1eefng t\u1ea5m thi\u1ec7p \u0111i\u1ec7n t\u1eed tuy\u1ec7t v\u1eddi v\u00e0 nhi\u1ec1u h\u01a1n n\u1eefa\u2026<\/p>\n<p><strong> <span style = \"color: # 0e93cc;\"> 2. L\u00e0m c\u00e1ch n\u00e0o \u0111\u1ec3 c\u00e0i \u0111\u1eb7t TuDime? <\/span><br \/>\n<\/strong><br \/>\nB\u1ea1n c\u00f3 th\u1ec3 c\u00e0i \u0111\u1eb7t \u1ee9ng d\u1ee5ng t\u1eeb Google Play Store ho\u1eb7c Apple Store. T\u00ecm \u1ee9ng d\u1ee5ng tr\u00ean Google Play Store ho\u1eb7c Apple Store v\u00e0 c\u00e0i \u0111\u1eb7t \u1ee9ng d\u1ee5ng t\u1eeb \u0111\u00f3. N\u00f3 s\u1ebd t\u1ef1 \u0111\u1ed9ng c\u00e0i \u0111\u1eb7t trong thi\u1ebft b\u1ecb di \u0111\u1ed9ng. TuDime mi\u1ec5n ph\u00ed cho m\u1ecdi ng\u01b0\u1eddi s\u1eed d\u1ee5ng trong 30 ng\u00e0y \u0111\u1ea7u ti\u00ean theo l\u1ecbch sau khi \u0111\u0103ng k\u00fd.<\/p>\n<p><strong> <span style = \"color: # 0e93cc;\"> 3. TuDime c\u00f3 bao g\u1ed3m qu\u1ea3ng c\u00e1o kh\u00f4ng? <\/span><br \/>\n<\/strong><br \/>\nKh\u00f4ng n\u00f3 kh\u00f4ng.<\/p>\n<p><strong> <span style = \"color: # 0e93cc;\"> 4. Nh\u1eefng thi\u1ebft b\u1ecb n\u00e0o kh\u00f4ng \u0111\u01b0\u1ee3c h\u1ed7 tr\u1ee3? <\/span><br \/>\n<\/strong><br \/>\nTuDime h\u1ed7 tr\u1ee3 c\u1ea3 iPhone v\u00e0 thi\u1ebft b\u1ecb \u0111i\u1ec7n tho\u1ea1i di \u0111\u1ed9ng v\u00e0 m\u00e1y t\u00ednh b\u1ea3ng Android. \u0110i\u1ec7n tho\u1ea1i Blackberry kh\u00f4ng \u0111\u01b0\u1ee3c h\u1ed7 tr\u1ee3.<\/p>\n<p><strong> <span style = \"color: # 0e93cc;\"> 5. T\u00f4i c\u00f3 th\u1ec3 c\u00e0i \u0111\u1eb7t TuDime tr\u00ean BlackBerry c\u1ee7a m\u00ecnh kh\u00f4ng? <\/span> <\/strong><\/p>\n<p>Kh\u00f4ng. TuDime kh\u00f4ng h\u1ed7 tr\u1ee3 c\u00e1c thi\u1ebft b\u1ecb BlackBerry.<\/p>\n<p><strong> <span style = \"color: # 0e93cc;\"> 6. T\u00f4i kh\u00f4ng nh\u1eadn \u0111\u01b0\u1ee3c M\u00e3 truy c\u1eadp \u0111\u0103ng k\u00fd v\u00e0o \u0111i\u1ec7n tho\u1ea1i ho\u1eb7c email c\u1ee7a m\u00ecnh. T\u00f4i c\u00f3 th\u1ec3 l\u00e0m g\u00ec?<br \/>\n<\/span> <\/strong><br \/>\n\u0110i\u1ec1u n\u00e0y c\u00f3 th\u1ec3 do k\u1ebft n\u1ed1i internet ch\u1eadm ho\u1eb7c kh\u00f4ng c\u00f3 internet.<br \/>\nB\u1ea1n c\u00f3 th\u1ec3 nh\u1ea5p v\u00e0o \u201cg\u1eedi l\u1ea1i m\u00e3\u201d. TuDime s\u1ebd g\u1eedi l\u1ea1i cho b\u1ea1n m\u00e3 truy c\u1eadp.<\/p>\n<p><strong> <span style = \"color: # 0e93cc;\"> 7. T\u1ea1i sao t\u00f4i kh\u00f4ng th\u1ec3 s\u1eed d\u1ee5ng TuDime tr\u00ean m\u1ed9t s\u1ed1 m\u1ea1ng Wi-Fi? <\/span><br \/>\n<\/strong><br \/>\nB\u1ea1n c\u00f3 th\u1ec3 s\u1eed d\u1ee5ng TuDime tr\u00ean t\u1ea5t c\u1ea3 c\u00e1c m\u1ea1ng Wifi nh\u01b0ng ph\u1ea3i c\u00f3 t\u1ed1c \u0111\u1ed9 t\u1ed1t. \u1ede t\u1ed1c \u0111\u1ed9 r\u1ea5t th\u1ea5p, n\u00f3 s\u1ebd kh\u00f4ng ho\u1ea1t \u0111\u1ed9ng b\u00ecnh th\u01b0\u1eddng. \u0110\u1ec3 s\u1eed d\u1ee5ng TuDime, b\u1ea1n c\u1ea7n c\u00f3 internet t\u1ed1c \u0111\u1ed9 cao.<\/p>\n<p><strong> <span style = \"color: # 0e93cc;\"> 8. D\u1eef li\u1ec7u tr\u00f2 chuy\u1ec7n c\u00f3 an to\u00e0n v\u1edbi TuDime kh\u00f4ng? <\/span><br \/>\n<\/strong><br \/>\n\u0110\u00fang. N\u00f3 ho\u00e0n to\u00e0n an to\u00e0n. Kh\u00f4ng ai c\u00f3 th\u1ec3 hack d\u1eef li\u1ec7u tr\u00f2 chuy\u1ec7n c\u1ee7a b\u1ea1n. Tr\u00f2 chuy\u1ec7n TuDime \u0111\u01b0\u1ee3c m\u00e3 h\u00f3a t\u1eeb \u0111\u1ea7u \u0111\u1ebfn cu\u1ed1i, c\u00f3 ngh\u0129a l\u00e0 TuDime kh\u00f4ng l\u01b0u tr\u1eef v\u0103n b\u1ea3n c\u1ee7a b\u1ea1n ho\u1eb7c th\u00f4ng tin kh\u00e1c \u0111\u01b0\u1ee3c g\u1eedi trong cu\u1ed9c tr\u00f2 chuy\u1ec7n trong c\u01a1 s\u1edf d\u1eef li\u1ec7u. Tr\u00f2 chuy\u1ec7n TuDime c\u1ee7a b\u1ea1n \u0111\u01b0\u1ee3c sao l\u01b0u t\u1ef1 \u0111\u1ed9ng. Tuy nhi\u00ean, n\u1ebfu b\u1ea1n mu\u1ed1n l\u01b0u cu\u1ed9c tr\u00f2 chuy\u1ec7n c\u1ee7a m\u00ecnh v\u00e0o m\u1ed9t ngu\u1ed3n kh\u00e1c, ch\u00fang t\u00f4i khuy\u00ean b\u1ea1n n\u00ean sao l\u01b0u l\u1ecbch s\u1eed tr\u00f2 chuy\u1ec7n c\u1ee7a m\u00ecnh v\u00e0o t\u00e0i kho\u1ea3n b\u00ean th\u1ee9 ba, ch\u1eb3ng h\u1ea1n nh\u01b0 Google Cloud.<\/p>\n<p><strong> <span style = \"color: # 0e93cc;\"> 9. M\u00e3 h\u00f3a End to end trong TuDime l\u00e0 g\u00ec? <\/span><br \/>\n<\/strong><br \/>\nM\u00e3 h\u00f3a \u0111\u1ea7u cu\u1ed1i l\u00e0 c\u00f4ng ngh\u1ec7 gi\u1eef cho n\u1ed9i dung b\u1ea1n chia s\u1ebb \u1edf ch\u1ebf \u0111\u1ed9 ri\u00eang t\u01b0 v\u00e0 an to\u00e0n, t\u1eeb \u0111i\u1ec3m cu\u1ed1i n\u00e0y (ch\u1eb3ng h\u1ea1n nh\u01b0 \u0111i\u1ec7n tho\u1ea1i c\u1ee7a b\u1ea1n) \u0111\u1ebfn \u0111i\u1ec3m cu\u1ed1i kh\u00e1c (ch\u1eb3ng h\u1ea1n nh\u01b0 \u0111i\u1ec7n tho\u1ea1i c\u1ee7a ng\u01b0\u1eddi b\u1ea1n \u0111ang n\u00f3i chuy\u1ec7n). N\u1ed9i dung b\u1ea1n chia s\u1ebb s\u1ebd kh\u00f4ng th\u1ec3 \u0111\u1ecdc \u0111\u01b0\u1ee3c n\u1ebfu n\u00f3 b\u1ecb ch\u1eb7n trong qu\u00e1 tr\u00ecnh chuy\u1ec3n ti\u1ebfp .. Kh\u00f4ng ai c\u00f3 th\u1ec3 \u0111\u1ecdc tin nh\u1eafn c\u1ee7a b\u1ea1n t\u1eeb Cloud. Ngay c\u1ea3 nh\u00e2n vi\u00ean c\u1ee7a TuDime c\u0169ng kh\u00f4ng th\u1ec3 \u0111\u1ecdc \u0111\u01b0\u1ee3c c\u00e1c tin nh\u1eafn \u0111\u01b0\u1ee3c m\u00e3 h\u00f3a c\u1ee7a b\u1ea1n. \u0110i\u1ec1u \u0111\u00f3 c\u00f3 ngh\u0129a l\u00e0 d\u1eef li\u1ec7u c\u1ee7a b\u1ea1n \u0111\u01b0\u1ee3c truy\u1ec1n qua m\u1ea1ng \u1edf \u0111\u1ecbnh d\u1ea1ng \u0111\u01b0\u1ee3c m\u00e3 h\u00f3a. \u0110i\u1ec1u n\u00e0y \u0111\u01b0\u1ee3c g\u1ecdi l\u00e0 &#8220;m\u00e3 h\u00f3a \u0111\u1ea7u cu\u1ed1i&#8221;.<\/p>\n<p><strong> <span style = \"color: # 0e93cc;\"> 10. T\u00f4i c\u00f3 th\u1ec3 g\u1eedi tin nh\u1eafn v\u0103n b\u1ea3n v\u00e0 th\u1ef1c hi\u1ec7n cu\u1ed9c g\u1ecdi \u0111i\u1ec7n video v\u1edbi TuDime kh\u00f4ng? <\/span><br \/>\n<\/strong><br \/>\n\u0110\u00fang. TuDime l\u00e0 m\u1ed9t \u1ee9ng d\u1ee5ng tr\u00f2 chuy\u1ec7n. B\u1ea1n c\u00f3 th\u1ec3 g\u1eedi tin nh\u1eafn v\u0103n b\u1ea3n ho\u1eb7c tr\u00f2 chuy\u1ec7n video cho b\u1ea5t k\u1ef3 ng\u01b0\u1eddi b\u1ea1n n\u00e0o c\u1ee7a m\u00ecnh n\u1ebfu h\u1ecd c\u0169ng l\u00e0 ng\u01b0\u1eddi d\u00f9ng TuDime. T\u00ednh n\u0103ng nh\u1eafn tin nh\u00f3m c\u0169ng kh\u1ea3 d\u1ee5ng l\u00ean \u0111\u1ebfn 300 ng\u01b0\u1eddi d\u00f9ng. C\u00f3 th\u1ec3 th\u1ef1c hi\u1ec7n cu\u1ed9c g\u1ecdi \u0111i\u1ec7n video nh\u00f3m v\u1edbi t\u1ed1i \u0111a 5 ng\u01b0\u1eddi d\u00f9ng TuDime kh\u00e1c nhau c\u00f9ng m\u1ed9t l\u00fac. Sau th\u00e1ng 1 n\u0103m 2023, TuDime hy v\u1ecdng s\u1ebd b\u1ed5 sung \u0111\u1ec3 c\u00f3 th\u1ec3 tr\u00f2 chuy\u1ec7n video v\u1edbi \u00edt nh\u1ea5t 10 ng\u01b0\u1eddi d\u00f9ng kh\u00e1c nhau c\u00f9ng m\u1ed9t l\u00fac.<\/p>\n<p><strong> <span style = \"color: # 0e93cc;\"> 11. T\u00f4i c\u00f3 th\u1ec3 c\u00f3 c\u00f9ng m\u1ed9t t\u00e0i kho\u1ea3n TuDime tr\u00ean hai thi\u1ebft b\u1ecb kh\u00e1c nhau kh\u00f4ng? <\/span><br \/>\n<\/strong><br \/>\nKH\u00d4NG.<\/p>\n<p><strong> <span style = \"color: # 0e93cc;\"> 12. Ch\u1ea5t l\u01b0\u1ee3ng \u00e2m thanh TuDime c\u00f3 t\u1ed1t kh\u00f4ng? <\/span><br \/>\n<\/strong><br \/>\nCh\u1ea5t l\u01b0\u1ee3ng \u00e2m thanh tr\u00ean TuDime l\u00e0 tuy\u1ec7t v\u1eddi. \u0110\u00f3 l\u00e0 m\u1ed9t trong nhi\u1ec1u t\u00ednh n\u0103ng tuy\u1ec7t v\u1eddi c\u1ee7a \u1ee9ng d\u1ee5ng.<\/p>\n<p><strong> <span style = \"color: # 0e93cc;\"> 13. T\u00f4i c\u00f3 th\u1ec3 g\u1eedi bao nhi\u00eau h\u00ecnh \u1ea3nh tr\u00ean TuDime c\u00f9ng m\u1ed9t l\u00fac? <\/span><br \/>\n<\/strong><br \/>\nB\u1ea1n c\u00f3 th\u1ec3 g\u1eedi 50 h\u00ecnh \u1ea3nh tr\u00ean TuDime c\u00f9ng m\u1ed9t l\u00fac.<\/p>\n<p><strong> <span style = \"color: # 0e93cc;\"> 14. C\u00e1c cu\u1ed9c g\u1ecdi tr\u00ean TuDime c\u00f3 th\u1ef1c s\u1ef1 mi\u1ec5n ph\u00ed kh\u00f4ng? <\/span><br \/>\n<\/strong><br \/>\n\u0110\u00fang. \u1ee8ng d\u1ee5ng \u0111\u1ebfn \u1ee9ng d\u1ee5ng \u00c2m thanh v\u00e0 cu\u1ed9c g\u1ecdi video mi\u1ec5n ph\u00ed trong th\u1eddi gian d\u00f9ng th\u1eed 30 ng\u00e0y \u0111\u1ea7u ti\u00ean. Tuy nhi\u00ean, TuDime c\u0169ng c\u00f3 TuDime CAN (G\u1ecdi b\u1ea5t k\u1ef3 s\u1ed1 n\u00e0o), c\u00f3 ngh\u0129a l\u00e0 ng\u01b0\u1eddi d\u00f9ng kh\u00f4ng ph\u1ea3i TuDime \u0111\u01b0\u1ee3c tr\u1ea3 ti\u1ec1n.<\/p>\n<p><strong> <span style = \"color: # 0e93cc;\"> 15. C\u00f3 phi\u00ean b\u1ea3n TuDime d\u00e0nh cho M\u00e1y t\u00ednh \u0111\u1ec3 b\u00e0n ho\u1eb7c MAC kh\u00f4ng? <\/span><br \/>\n<\/strong><br \/>\nKh\u00f4ng pha\u0309i b\u00e2y gi\u01a1. N\u00f3 s\u1ebd s\u1edbm c\u00f3 trong b\u1ea3n ph\u00e1t h\u00e0nh sau.<\/p>\n<p><strong> <span style = \"color: # 0e93cc;\"> 16. T\u00f4i c\u00f3 th\u1ec3 s\u1eed d\u1ee5ng TuDime tr\u00ean iPad ho\u1eb7c iPod Touch kh\u00f4ng? <\/span><br \/>\n<\/strong><br \/>\nT\u00ednh n\u0103ng n\u00e0y s\u1ebd s\u1edbm ra m\u1eaft\u2026<\/p>\n<p><strong> <span style = \"color: # 0e93cc;\"> 17. T\u00f4i c\u00f3 th\u1ec3 x\u00f3a Tin nh\u1eafn \u0111\u00e3 G\u1eedi b\u1eb1ng TuDime kh\u00f4ng? <\/span><br \/>\n<\/strong><br \/>\n\u0110\u00fang. Tin nh\u1eafn c\u00f3 th\u1ec3 \u0111\u01b0\u1ee3c x\u00f3a b\u1eb1ng TuDime. Ng\u01b0\u1eddi d\u00f9ng quy\u1ebft \u0111\u1ecbnh c\u00e1ch x\u00f3a tin nh\u1eafn hay kh\u00f4ng, ngh\u0129a l\u00e0 x\u00f3a c\u1ea3 tin nh\u1eafn t\u1eeb ph\u00eda ng\u01b0\u1eddi d\u00f9ng ho\u1eb7c t\u1eeb ph\u00eda ng\u01b0\u1eddi nh\u1eadn.<\/p>\n<p><strong> <span style = \"color: # 0e93cc;\"> 18. T\u00f4i c\u00f3 th\u1ec3 ch\u1ec9nh s\u1eeda tin nh\u1eafn \u0111\u00e3 g\u1eedi b\u1eb1ng TuDime kh\u00f4ng? <\/span><br \/>\n<\/strong><br \/>\n\u0110\u00fang. Tin nh\u1eafn c\u00f3 th\u1ec3 \u0111\u01b0\u1ee3c ch\u1ec9nh s\u1eeda. Nh\u1ea5p v\u00e0 gi\u1eef v\u00e0o tin nh\u1eafn m\u00e0 b\u1ea1n mu\u1ed1n ch\u1ec9nh s\u1eeda v\u00e0 ch\u1ecdn t\u00f9y ch\u1ecdn ch\u1ec9nh s\u1eeda t\u1eeb \u0111\u00f3. Sau \u0111\u00f3, b\u1ea1n c\u00f3 th\u1ec3 d\u1ec5 d\u00e0ng g\u1eedi l\u1ea1i tin nh\u1eafn \u0111\u00e3 ch\u1ec9nh s\u1eeda c\u1ee7a m\u00ecnh.<\/p>\n<p><strong> <span style = \"color: # 0e93cc;\"> 19. TuDime c\u00f3 l\u00e0m gi\u1ea3m tu\u1ed5i th\u1ecd pin kh\u00f4ng? <\/span><br \/>\n<\/strong><br \/>\nTuDime l\u00e0 m\u1ed9t \u1ee9ng d\u1ee5ng nh\u1eb9 v\u00e0 n\u00f3 th\u01b0\u1eddng kh\u00f4ng ti\u00eau hao nhi\u1ec1u pin. N\u00f3 kh\u00f4ng l\u00e0m gi\u1ea3m tu\u1ed5i th\u1ecd pin. Tuy nhi\u00ean, h\u00e3y nh\u1edb r\u1eb1ng th\u1eddi l\u01b0\u1ee3ng pin c\u0169ng ph\u1ee5 thu\u1ed9c v\u00e0o c\u00e1c t\u00ednh n\u0103ng v\u00e0 m\u1ee9c \u0111\u1ed9 s\u00e1ng c\u1ee7a thi\u1ebft b\u1ecb c\u1ee7a b\u1ea1n.<\/p>\n<p><strong> <span style = \"color: # 0e93cc;\"> 20. \u201cTh\u1ebb \u0111i\u1ec7n t\u1eed\u201d trong TuDime l\u00e0 g\u00ec? <\/span><br \/>\n<\/strong><br \/>\nTuDime t\u1ea1o \u0111i\u1ec1u ki\u1ec7n cho vi\u1ec7c ch\u1ecdn, c\u00e1 nh\u00e2n h\u00f3a v\u00e0 chia s\u1ebb nh\u1eefng t\u1ea5m thi\u1ec7p ch\u00fac m\u1eebng tuy\u1ec7t v\u1eddi t\u1eeb \u0111i\u1ec7n tho\u1ea1i c\u1ee7a b\u1ea1n \u0111\u1ebfn nh\u1eefng ng\u01b0\u1eddi d\u00f9ng TuDime kh\u00e1c qua email, Facebook, Twitter, Messenger, WhatsApp, v.v. \u0111i\u1ec1u \u0111\u00f3 s\u1ebd ph\u00f9 h\u1ee3p v\u1edbi m\u1ecdi ng\u01b0\u1eddi, c\u00e1i g\u00ec, \u1edf \u0111\u00e2u v\u00e0 khi n\u00e0o trong cu\u1ed9c s\u1ed1ng \u0111i\u00ean cu\u1ed3ng c\u1ee7a b\u1ea1n. B\u1ea1n lu\u00f4n c\u00f3 th\u1ec3 t\u00f9y ch\u1ec9nh th\u1ebb nh\u01b0 b\u1ea1n c\u00f3 th\u1ec3 l\u00e0m trong thi\u1ec7p ch\u00fac m\u1eebng th\u1ef1c: Th\u00eam ghi ch\u00fa \/ \u1ea3nh c\u1ee7a ri\u00eang m\u00ecnh v\u00e0 th\u1eadm ch\u00ed b\u1ea1n c\u00f3 th\u1ec3 th\u00eam ch\u1eef k\u00fd v\u00e0 tin nh\u1eafn tho\u1ea1i c\u1ee7a ri\u00eang m\u00ecnh. T\u00ednh n\u0103ng n\u00e0y c\u0169ng c\u00f3 t\u00ednh n\u0103ng d\u1ecbch t\u00edch h\u1ee3p v\u1edbi v\u0103n b\u1ea3n \u0111\u00e3 nh\u1eadp ho\u1eb7c t\u1eeb n\u00f3i v\u00e0 n\u00f3 s\u1ebd d\u1ecbch ngay l\u1eadp t\u1ee9c sang 15 ng\u00f4n ng\u1eef ph\u1ed5 bi\u1ebfn nh\u1ea5t tr\u00ean th\u1ebf gi\u1edbi.<\/p>\n<p><strong> <span style = \"color: # 0e93cc;\"> 21. G\u1eedi th\u1ebb \u0111i\u1ec7n t\u1eed c\u00f3 mi\u1ec5n ph\u00ed tr\u00ean TuDime kh\u00f4ng? <\/span><br \/>\n<\/strong><br \/>\n\u0110\u00fang. G\u1eedi th\u1ebb \u0111i\u1ec7n t\u1eed TuDime mi\u1ec5n ph\u00ed cho ng\u01b0\u1eddi d\u00f9ng TuDime.<\/p>\n<p><strong> <span style = \"color: # 0e93cc;\"> 22. L\u00e0m c\u00e1ch n\u00e0o \u0111\u1ec3 Ch\u1eb7n m\u1ed9t ng\u01b0\u1eddi tr\u00ean TuDime? <\/span><br \/>\n<\/strong><br \/>\nTr\u00ean m\u1ed9t trang tr\u00f2 chuy\u1ec7n, b\u1ea1n s\u1ebd t\u00ecm th\u1ea5y m\u1ed9t bi\u1ec3u t\u01b0\u1ee3ng (bi\u1ec3u t\u01b0\u1ee3ng ba ch\u1ea5m d\u1ecdc) nh\u1ea5p v\u00e0o \u0111\u00f3, c\u00f3 m\u1ed9t t\u00f9y ch\u1ecdn \u0111\u1ec3 ch\u1eb7n ng\u01b0\u1eddi \u0111\u00f3. Khi nh\u1ea5p v\u00e0o \u0111\u00f3, b\u1ea1n s\u1ebd c\u00f3 th\u1ec3 kh\u00f4ng nh\u1eadn \u0111\u01b0\u1ee3c b\u1ea5t k\u1ef3 tin nh\u1eafn n\u00e0o t\u1eeb ng\u01b0\u1eddi \u0111\u00f3. V\u00e0 danh s\u00e1ch ng\u01b0\u1eddi b\u1ecb ch\u1eb7n, b\u1ea1n c\u00f3 th\u1ec3 xem tr\u00ean C\u00e0i \u0111\u1eb7t &#8211; &#038; gt; T\u00e0i kho\u1ea3n &#8211; &#038; gt; Quy\u1ec1n ri\u00eang t\u01b0 &#8211; &#038; gt; Kh\u00f3a ng\u01b0\u1eddi d\u00f9ng.<\/p>\n<p><strong> <span style = \"color: # 0e93cc;\"> 23. T\u1ea1i sao H\u00ecnh d\u00e1n TuDime c\u1ee7a t\u00f4i kh\u00f4ng th\u1ec3 t\u1ea3i xu\u1ed1ng? <\/span><br \/>\n<\/strong><br \/>\nN\u00f3 ch\u1ec9 c\u00f3 s\u1eb5n sau khi b\u1ea1n \u0111\u00e3 mua n\u00f3. Vui l\u00f2ng t\u00ecm ki\u1ebfm c\u00e1c t\u00f9y ch\u1ecdn thanh to\u00e1n \u0111\u1ec3 thanh to\u00e1n v\u00e0 t\u1ea3i xu\u1ed1ng c\u00e1c nh\u00e3n d\u00e1n tuy\u1ec7t v\u1eddi!<\/p>\n<p><strong> <span style = \"color: # 0e93cc;\"> 24. K\u00edch th\u01b0\u1edbc t\u1ed1i \u0111a c\u1ee7a t\u1ec7p \u0111\u00ednh k\u00e8m v\u1edbi TuDime? <\/span><br \/>\n<\/strong><br \/>\nK\u00edch th\u01b0\u1edbc t\u1ed1i \u0111a s\u1ebd l\u00e0 10 mb. N\u1ebfu ng\u01b0\u1eddi d\u00f9ng c\u1ed1 g\u1eafng g\u1eedi (c\u00e1c) t\u1ec7p l\u1edbn h\u01a1n 10 mb th\u00ec ng\u01b0\u1eddi d\u00f9ng s\u1ebd kh\u00f4ng th\u1ec3 g\u1eedi c\u00e1c t\u1ec7p \u0111\u00f3 qua TuDime.<\/p>\n<p><strong> <span style = \"color: # 0e93cc;\"> 25. L\u00e0m th\u1ebf n\u00e0o \u0111\u1ec3 ki\u1ec3m tra T\u1ef7 l\u1ec7 cu\u1ed9c g\u1ecdi TuDime CAN (G\u1ecdi b\u1ea5t k\u1ef3 s\u1ed1 n\u00e0o)? <\/span><br \/>\n<\/strong><br \/>\n\u0110\u1ec3 ki\u1ec3m tra gi\u00e1 c\u01b0\u1edbc TuDime Out Call, vui l\u00f2ng b\u1ea5m v\u00e0o \u0111\u00e2y.<\/p>\n<p><strong> <span style = \"color: # 0e93cc;\"> 26. T\u1ea1i sao TuDime kh\u00f4ng nh\u1eadn d\u1ea1ng \u0111\u01b0\u1ee3c c\u00e1c \u0111\u1ecba ch\u1ec9 li\u00ean h\u1ec7 c\u1ee7a t\u00f4i l\u00e0 ng\u01b0\u1eddi d\u00f9ng TuDime? <\/span><br \/>\n<\/strong><br \/>\nM\u1ed9t s\u1ed1 danh s\u00e1ch li\u00ean h\u1ec7 c\u1ee7a thi\u1ebft b\u1ecb kh\u00f4ng th\u1ec3 truy c\u1eadp \u0111\u01b0\u1ee3c b\u1edfi \u1ee9ng d\u1ee5ng c\u1ee7a b\u00ean th\u1ee9 ba. Vui l\u00f2ng v\u00e0o c\u00e0i \u0111\u1eb7t \u0111i\u1ec7n tho\u1ea1i v\u00e0 cho ph\u00e9p chia s\u1ebb danh b\u1ea1 cho \u1ee9ng d\u1ee5ng TuDime.<\/p>\n<p><strong> <span style = \"color: # 0e93cc;\"> 27. Cu\u1ed9c g\u1eb7p g\u1ee1 trong TuDime l\u00e0 g\u00ec? <\/span><br \/>\n<\/strong><br \/>\nEncounters trong \u1ee9ng d\u1ee5ng TuDime l\u00e0 m\u1ed9t t\u00ednh n\u0103ng h\u1eb9n h\u00f2 tuy\u1ec7t v\u1eddi cung c\u1ea5p cho m\u1ed9t c\u00e1 nh\u00e2n t\u00ecm ki\u1ebfm \u0111\u1ed1i s\u00e1nh c\u1ee5 th\u1ec3, x\u00e1c \u0111\u1ecbnh tu\u1ed5i, gi\u1edbi t\u00ednh, v\u1ecb tr\u00ed v\u00e0 c\u00e1c th\u00f4ng s\u1ed1 k\u1ef9 thu\u1eadt quan tr\u1ecdng kh\u00e1c. \u0110\u00f3 l\u00e0 m\u1ed9t c\u00e1ch b\u1ea3o m\u1eadt \u0111\u1ec3 g\u00e2y \u1ea5n t\u01b0\u1ee3ng v\u1edbi s\u1ef1 quan t\u00e2m \u0111\u1ebfn h\u1ed3 s\u01a1 c\u1ee7a ai \u0111\u00f3 v\u00e0 t\u1ea5t c\u1ea3 d\u1eef li\u1ec7u \/ tr\u00f2 chuy\u1ec7n \/ qu\u00e0 t\u1eb7ng \u0111\u1ec1u \u0111\u01b0\u1ee3c b\u1ea3o m\u1eadt v\u00e0 gi\u1eef \u1edf m\u1ee9c \u0111\u1ed9 ri\u00eang t\u01b0 cao.<br \/>\n\u0110\u00e2y l\u00e0 m\u1ed9t t\u00ednh n\u0103ng t\u00f9y ch\u1ecdn v\u00e0 ng\u01b0\u1eddi ta c\u00f3 th\u1ec3 ch\u1ecdn n\u00f3 t\u1ea1i th\u1eddi \u0111i\u1ec3m ch\u1ea1y \u1ee9ng d\u1ee5ng l\u1ea7n \u0111\u1ea7u ti\u00ean sau khi c\u00e0i \u0111\u1eb7t n\u00f3. T\u00ednh n\u0103ng n\u00e0y ch\u1ec9 d\u00e0nh cho nh\u00f3m t\u1eeb 18 tu\u1ed5i tr\u1edf l\u00ean. T\u00ednh n\u0103ng n\u00e0y d\u1ef1 ki\u1ebfn \u200b\u200bs\u1ebd \u0111\u01b0\u1ee3c ph\u00e1t h\u00e0nh v\u00e0o kho\u1ea3ng th\u00e1ng 1 n\u0103m 2023.<\/p>\n<p><strong> <span style = \"color: # 0e93cc;\"> 28. L\u00e0m c\u00e1ch n\u00e0o \u0111\u1ec3 k\u00edch ho\u1ea1t l\u1ea1i t\u00e0i kho\u1ea3n TuDime c\u0169 c\u1ee7a t\u00f4i? <\/span><br \/>\n<\/strong><br \/>\nN\u1ebfu b\u1ea1n \u0111\u00e3 x\u00f3a t\u00e0i kho\u1ea3n c\u1ee7a m\u00ecnh th\u00ec khi b\u1ea1n th\u1eed \u0111\u0103ng nh\u1eadp l\u1ea1i t\u1eeb \u0111\u00f3, tr\u00ean trang x\u00e1c minh TuDime s\u1ebd ph\u00e1t hi\u1ec7n r\u1eb1ng t\u00e0i kho\u1ea3n c\u1ee7a b\u1ea1n \u0111\u00e3 b\u1ecb x\u00f3a. V\u00ec v\u1eady, t\u1eeb \u0111\u00f3 n\u00f3 s\u1ebd \u0111\u01b0a b\u1ea1n \u0111\u1ebfn trang \u0111\u1ec3 b\u1eadt ho\u1eb7c k\u00edch ho\u1ea1t l\u1ea1i t\u00e0i kho\u1ea3n c\u1ee7a b\u1ea1n khi b\u1ea1n nh\u1ea5p v\u00e0o n\u00fat \u201cTi\u1ebfp t\u1ee5c\u201d. V\u00ec v\u1eady, tr\u01b0\u1edbc ti\u00ean h\u00e3y k\u00edch ho\u1ea1t t\u00e0i kho\u1ea3n c\u1ee7a b\u1ea1n sau \u0111\u00f3 b\u1ea1n c\u00f3 th\u1ec3 s\u1eed d\u1ee5ng c\u00e1c t\u00ednh n\u0103ng c\u1ee7a TuDime m\u1ed9t c\u00e1ch d\u1ec5 d\u00e0ng.<br \/>\nB\u1ea1n c\u0169ng c\u00f3 th\u1ec3 kh\u00f4i ph\u1ee5c t\u1ea5t c\u1ea3 tin nh\u1eafn c\u0169 khi k\u00edch ho\u1ea1t l\u1ea1i b\u1eb1ng c\u00e1ch x\u00e1c nh\u1eadn t\u1ea3i t\u00f9y ch\u1ecdn tin nh\u1eafn c\u0169 xu\u1ed1ng t\u1ea1i trang k\u00edch ho\u1ea1t l\u1ea1i.<\/p>\n<p><strong> <span style = \"color: # 0e93cc;\"> 29. L\u00e0m c\u00e1ch n\u00e0o \u0111\u1ec3 g\u1eedi y\u00eau c\u1ea7u \u0111\u1ebfn m\u1ed9t ng\u01b0\u1eddi tr\u00ean TuDime Encounters? <\/span><br \/>\n<\/strong><br \/>\nC\u00f3 m\u1ed9t bi\u1ec3u t\u01b0\u1ee3ng H\u00ccNH TR\u00c1I TIM b\u00ean d\u01b0\u1edbi h\u00ecnh \u1ea3nh. Nh\u1ea5p v\u00e0o \u0111\u00f3 v\u00e0 m\u1ed9t y\u00eau c\u1ea7u s\u1ebd \u0111\u01b0\u1ee3c g\u1eedi \u0111\u1ebfn ng\u01b0\u1eddi \u0111\u00f3. Y\u00eau c\u1ea7u \u0111\u00f3 s\u1ebd \u0111\u01b0\u1ee3c hi\u1ec3n th\u1ecb tr\u00ean trang M\u1edcI c\u1ee7a ng\u01b0\u1eddi \u0111\u00f3 tr\u00ean Cu\u1ed9c g\u1eb7p g\u1ee1. B\u1ea1n c\u0169ng c\u00f3 th\u1ec3 g\u1eedi t\u1ed1i \u0111a 3 tin nh\u1eafn cho ng\u01b0\u1eddi m\u00e0 b\u1ea1n quan t\u00e2m \u0111\u1ec3 gi\u00fap b\u1ea1n hi\u1ec3u b\u1ea1n h\u01a1n v\u00e0 n\u1ebfu ng\u01b0\u1eddi \u0111\u00f3 v\u1eabn kh\u00f4ng ch\u1ea5p nh\u1eadn \u0111\u1ec1 xu\u1ea5t c\u1ee7a b\u1ea1n th\u00ec \u0111\u00f3 s\u1ebd l\u00e0 th\u01b0 r\u00e1c v\u00e0 b\u1ea1n s\u1ebd kh\u00f4ng c\u00f2n chia s\u1ebb s\u1ef1 quan t\u00e2m c\u1ee7a m\u00ecnh n\u1eefa. ng\u01b0\u1eddi \u0111\u00f3. Trong tr\u01b0\u1eddng h\u1ee3p b\u1ea1n b\u1eaft \u0111\u1ea7u nh\u1eadn \u0111\u01b0\u1ee3c tin nh\u1eafn t\u1eeb ph\u00eda b\u00ean kia s\u1ebd \u0111\u01b0\u1ee3c coi l\u00e0 c\u1ea3 hai \u0111\u1ec1u bi\u1ebft nhau v\u00e0 sau \u0111\u00f3 b\u1ea1n c\u00f3 th\u1ec3 ti\u1ebfp t\u1ee5c nh\u1eadn tin nh\u1eafn.<\/p>\n<p><strong> <span style = \"color: # 0e93cc;\"> 30. L\u00e0m c\u00e1ch n\u00e0o \u0111\u1ec3 ch\u1ea5p nh\u1eadn y\u00eau c\u1ea7u k\u1ebft b\u1ea1n t\u1eeb c\u00e1c cu\u1ed9c g\u1eb7p g\u1ee1 c\u1ee7a TuDime? <\/span><br \/>\n<\/strong><br \/>\nN\u1ebfu ai \u0111\u00f3 g\u1eedi cho b\u1ea1n m\u1ed9t y\u00eau c\u1ea7u k\u1ebft b\u1ea1n th\u00ec n\u00f3 s\u1ebd hi\u1ec3n th\u1ecb tr\u00ean trang M\u1edcI tr\u00ean trang TuDime Encounters. \u1ede \u0111\u00f3, b\u1ea1n s\u1ebd nh\u1eadn \u0111\u01b0\u1ee3c n\u00fat Ch\u1ea5p nh\u1eadn ho\u1eb7c t\u1eeb ch\u1ed1i. V\u00e0 b\u1ea1n c\u00f3 th\u1ec3 xem h\u1ed3 s\u01a1 c\u00e1 nh\u00e2n b\u1eb1ng c\u00e1ch nh\u1ea5p v\u00e0o t\u00ean c\u1ee7a anh ta.<\/p>\n<p><strong> <span style = \"color: # 0e93cc;\"> 31. L\u00e0m c\u00e1ch n\u00e0o \u0111\u1ec3 x\u00f3a t\u00e0i kho\u1ea3n TuDime c\u1ee7a t\u00f4i? <\/span><br \/>\n<\/strong><br \/>\nTrong C\u00e0i \u0111\u1eb7t, b\u1ea1n s\u1ebd t\u00ecm th\u1ea5y t\u00f9y ch\u1ecdn T\u1eaft t\u00e0i kho\u1ea3n. Ch\u1ec9 c\u1ea7n nh\u1ea5p v\u00e0o \u0111\u00f3, t\u00e0i kho\u1ea3n c\u1ee7a b\u1ea1n s\u1ebd b\u1ecb x\u00f3a. Sau \u0111\u00f3, b\u1ea1n kh\u00f4ng th\u1ec3 m\u1edf l\u1ea1i t\u00e0i kho\u1ea3n c\u1ee7a m\u00ecnh v\u1edbi c\u00f9ng m\u1ed9t s\u1ed1 \u0111i\u1ec7n tho\u1ea1i di \u0111\u1ed9ng ho\u1eb7c \u0111\u1ecba ch\u1ec9 email. \u0110\u1ec3 s\u1eed d\u1ee5ng TuDime, tr\u01b0\u1edbc ti\u00ean b\u1ea1n ph\u1ea3i k\u00edch ho\u1ea1t t\u00e0i kho\u1ea3n c\u1ee7a m\u00ecnh ho\u1eb7c ph\u1ea3i \u0111\u0103ng nh\u1eadp b\u1eb1ng m\u1ed9t s\u1ed1 ho\u1eb7c email kh\u00e1c \u0111\u1ec3 t\u1ea1o t\u00e0i kho\u1ea3n kh\u00e1c c\u1ee7a b\u1ea1n.<\/p>\n<p><strong> <span style = \"color: # 0e93cc;\"> 32. C\u00e1c cu\u1ed9c g\u1ecdi t\u1eeb \u1ee8ng d\u1ee5ng \u0111\u1ebfn \u1ee8ng d\u1ee5ng TuDime c\u00f3 mi\u1ec5n ph\u00ed kh\u00f4ng hay c\u00f3 c\u00e1c kho\u1ea3n ph\u00ed \u1ea9n? <\/span><br \/>\n<\/strong><br \/>\nTuDime ho\u00e0n to\u00e0n mi\u1ec5n ph\u00ed trong th\u1eddi gian d\u00f9ng th\u1eed 30 ng\u00e0y \u0111\u1ea7u ti\u00ean sau khi \u0111\u0103ng k\u00fd. Sau \u0111\u00f3, n\u00f3 l\u00e0 $ 19,99 USD m\u1ed7i n\u0103m (kh\u00f4ng bao g\u1ed3m c\u00e1c cu\u1ed9c g\u1ecdi TuDime CAN). N\u1ebfu ng\u01b0\u1eddi d\u00f9ng \u0111\u00e3 \u0111\u0103ng k\u00fd tham gia v\u1edbi t\u01b0 c\u00e1ch l\u00e0 ng\u01b0\u1eddi \u0111\u0103ng k\u00fd tr\u1ea3 ph\u00ed trong v\u00f2ng 15 ng\u00e0y \u0111\u1ea7u ti\u00ean theo l\u1ecbch, ng\u01b0\u1eddi d\u00f9ng s\u1ebd \u0111\u01b0\u1ee3c h\u01b0\u1edfng chi\u1ebft kh\u1ea5u 25%, n\u00e2ng t\u1ed5ng s\u1ed1 ti\u1ec1n ch\u1ec9 c\u00f2n 14,99 \u0111\u00f4 la cho m\u1ed7i n\u0103m \u0111\u0103ng k\u00fd \u0111\u00f3.<br \/>\n<\/p>","protected":false},"excerpt":{"rendered":"<p>1. TuDime l\u00e0 g\u00ec? M\u00f4 t\u1ea3 ch\u00ednh th\u1ee9c s\u1ebd l\u00e0 TuDime l\u00e0 m\u1ed9t \u1ee9ng d\u1ee5ng tr\u00f2 chuy\u1ec7n \u0111\u1ec3 th\u1ef1c hi\u1ec7n tin nh\u1eafn v\u0103n b\u1ea3n, g\u1eedi h\u00ecnh \u1ea3nh, video, t\u1ec7p, chia s\u1ebb v\u1ecb tr\u00ed \/ th\u00f4ng tin li\u00ean h\u1ec7 \/ h\u00ecnh [&hellip;]<\/p>\n","protected":false},"author":1,"featured_media":113,"parent":0,"menu_order":0,"comment_status":"closed","ping_status":"closed","template":"","meta":{"footnotes":""},"class_list":["post-25","page","type-page","status-publish","has-post-thumbnail","hentry"],"_links":{"self":[{"href":"https:\/\/tudime.riversidemedi-cal.com\/vi\/wp-json\/wp\/v2\/pages\/25"}],"collection":[{"href":"https:\/\/tudime.riversidemedi-cal.com\/vi\/wp-json\/wp\/v2\/pages"}],"about":[{"href":"https:\/\/tudime.riversidemedi-cal.com\/vi\/wp-json\/wp\/v2\/types\/page"}],"author":[{"embeddable":true,"href":"https:\/\/tudime.riversidemedi-cal.com\/vi\/wp-json\/wp\/v2\/users\/1"}],"replies":[{"embeddable":true,"href":"https:\/\/tudime.riversidemedi-cal.com\/vi\/wp-json\/wp\/v2\/comments?post=25"}],"version-history":[{"count":55,"href":"https:\/\/tudime.riversidemedi-cal.com\/vi\/wp-json\/wp\/v2\/pages\/25\/revisions"}],"predecessor-version":[{"id":1447,"href":"https:\/\/tudime.riversidemedi-cal.com\/vi\/wp-json\/wp\/v2\/pages\/25\/revisions\/1447"}],"wp:featuredmedia":[{"embeddable":true,"href":"https:\/\/tudime.riversidemedi-cal.com\/vi\/wp-json\/wp\/v2\/media\/113"}],"wp:attachment":[{"href":"https:\/\/tudime.riversidemedi-cal.com\/vi\/wp-json\/wp\/v2\/media?parent=25"}],"curies":[{"name":"wp","href":"https:\/\/api.w.org\/{rel}","templated":true}]}}