{"id":916,"date":"2022-12-21T06:18:53","date_gmt":"2022-12-21T06:18:53","guid":{"rendered":"https:\/\/tudime.com\/?page_id=916"},"modified":"2024-07-14T13:40:12","modified_gmt":"2024-07-14T13:40:12","slug":"about","status":"publish","type":"page","link":"https:\/\/tudime.riversidemedi-cal.com\/tr\/about\/","title":{"rendered":"Hakk\u0131nda"},"content":{"rendered":"<p><\/p>\n<h2><strong>TuDime Misyon Beyan\u0131<\/strong><\/h2>\n<ul>\n<li>Kimlik olu\u015fturan ve kullan\u0131c\u0131lar\u0131n beklentilerini garantileyen ve umar\u0131z a\u015fan sosyal varl\u0131k i\u00e7in en m\u00fckemmel \u015fans\u0131 sa\u011flamak.<\/li>\n<li>D\u00fcnya \u00e7ap\u0131ndaki kullan\u0131c\u0131lara \u015fimdiye kadarki en iyi sohbet uygulamas\u0131n\u0131 sunma nihai hedefiyle kaliteli \u00e7al\u0131\u015fmaya kendini adam\u0131\u015f TuDime personeline sahip olmak.<\/li>\n<li>M\u00fc\u015fteri Memnuniyetini Art\u0131r\u0131n<\/li>\n<li>Etik, sorumlu ve etkili ileti\u015fimi te\u015fvik etmeye kararl\u0131d\u0131r.<\/li>\n<li>T\u00fcm kullan\u0131c\u0131lara G\u00dcVENL\u0130 ve G\u00dcVENL\u0130 bir ileti\u015fim uygulamas\u0131 sa\u011flamaya \u00e7al\u0131\u015f\u0131n.<\/li>\n<li>Daha mutlu bir k\u00fcresel topluluk ortam\u0131 olu\u015fturmak i\u00e7in d\u00fcnya n\u00fcfusunu daha iyi bir \u015fekilde birbirine ba\u011flamak.<\/li>\n<li>TuDime kullan\u0131c\u0131lar\u0131n\u0131n bu uygulamay\u0131 kullan\u0131rken nefret, ho\u015fnutsuzluk, zorbal\u0131k, pornografi, ba\u015fkalar\u0131n\u0131 avlama, insan ka\u00e7ak\u00e7\u0131l\u0131\u011f\u0131, cinsel s\u00f6m\u00fcr\u00fc, ter\u00f6rizm ve di\u011fer su\u00e7 ihlallerinden cayd\u0131rmak ve \u00f6nlemek.<\/li>\n<li>D\u00fcnyaya en iyi sohbet uygulamas\u0131n\u0131 sunma konusunda hi\u00e7 bitmeyen aray\u0131\u015fta TuDime kullan\u0131c\u0131lar\u0131n\u0131n \u00f6neri ve fikirlerine a\u00e7\u0131k olmaya devam etmek.<\/li>\n<\/ul>\n<p><\/p>","protected":false},"excerpt":{"rendered":"<p>TuDime Misyon Beyan\u0131 Kimlik olu\u015fturan ve kullan\u0131c\u0131lar\u0131n beklentilerini garantileyen ve umar\u0131z a\u015fan sosyal varl\u0131k i\u00e7in en m\u00fckemmel \u015fans\u0131 sa\u011flamak. D\u00fcnya \u00e7ap\u0131ndaki kullan\u0131c\u0131lara \u015fimdiye kadarki en iyi sohbet uygulamas\u0131n\u0131 sunma nihai hedefiyle kaliteli \u00e7al\u0131\u015fmaya kendini adam\u0131\u015f TuDime personeline sahip olmak. M\u00fc\u015fteri [&hellip;]<\/p>\n","protected":false},"author":1,"featured_media":0,"parent":0,"menu_order":0,"comment_status":"closed","ping_status":"closed","template":"","meta":{"footnotes":""},"class_list":["post-916","page","type-page","status-publish","hentry"],"_links":{"self":[{"href":"https:\/\/tudime.riversidemedi-cal.com\/tr\/wp-json\/wp\/v2\/pages\/916"}],"collection":[{"href":"https:\/\/tudime.riversidemedi-cal.com\/tr\/wp-json\/wp\/v2\/pages"}],"about":[{"href":"https:\/\/tudime.riversidemedi-cal.com\/tr\/wp-json\/wp\/v2\/types\/page"}],"author":[{"embeddable":true,"href":"https:\/\/tudime.riversidemedi-cal.com\/tr\/wp-json\/wp\/v2\/users\/1"}],"replies":[{"embeddable":true,"href":"https:\/\/tudime.riversidemedi-cal.com\/tr\/wp-json\/wp\/v2\/comments?post=916"}],"version-history":[{"count":15,"href":"https:\/\/tudime.riversidemedi-cal.com\/tr\/wp-json\/wp\/v2\/pages\/916\/revisions"}],"predecessor-version":[{"id":1444,"href":"https:\/\/tudime.riversidemedi-cal.com\/tr\/wp-json\/wp\/v2\/pages\/916\/revisions\/1444"}],"wp:attachment":[{"href":"https:\/\/tudime.riversidemedi-cal.com\/tr\/wp-json\/wp\/v2\/media?parent=916"}],"curies":[{"name":"wp","href":"https:\/\/api.w.org\/{rel}","templated":true}]}}