{"id":25,"date":"2017-08-04T10:25:49","date_gmt":"2017-08-04T10:25:49","guid":{"rendered":"http:\/\/localhost\/tudimes\/?page_id=25"},"modified":"2024-07-14T13:47:42","modified_gmt":"2024-07-14T13:47:42","slug":"faq","status":"publish","type":"page","link":"https:\/\/tudime.riversidemedi-cal.com\/tr\/faq\/","title":{"rendered":"SSS"},"content":{"rendered":"<p><strong><span style=\"color: #0e93cc;\">1. TuDime nedir?<\/span><br \/>\n<\/strong><br \/>\nResmi a\u00e7\u0131klama, TuDime&#8217;\u0131n k\u0131sa mesaj g\u00f6ndermek, resim, video, dosya g\u00f6ndermek, konum\/ileti\u015fim bilgisi\/karalama vb. payla\u015fmak, uygulamadan uygulamaya sesli\/g\u00f6r\u00fcnt\u00fcl\u00fc arama, uygulamadan telefona\/sabit hat aramas\u0131 yapmak i\u00e7in TuDime kredi arama \u00f6zelli\u011fini kullanan bir sohbet uygulamas\u0131 oldu\u011fu \u015feklinde olacakt\u0131r. Bu, d\u00fcnya \u00e7ap\u0131nda en ucuz arama \u00fccretlerini sa\u011flayan uygulaman\u0131n en iyi ve en \u00f6zelli\u011fidir. Ayr\u0131ca, TuDime&#8217;\u0131n, fl\u00f6rt gereksinimlerinin geli\u015fmi\u015f bir versiyonu olan Kar\u015f\u0131la\u015fmalar, harika e-Greeting kartlar\u0131yla selamla\u015farak \u00f6zel birine kendilerini \u00f6zel hissetmelerini sa\u011flamak i\u00e7in ifade g\u00f6ndermeyi kolayla\u015ft\u0131ran e-Kartlar ve \u00e7ok daha fazlas\u0131 gibi baz\u0131 harika \u00f6zellikleri var\u2026<\/p>\n<p><strong><span style=\"color: #0e93cc;\">2. TuDime&#8217;\u0131 nas\u0131l y\u00fcklerim?<\/span><br \/>\n<\/strong><br \/>\nUygulamay\u0131 Google Play Store veya Apple Store&#8217;dan y\u00fckleyebilirsiniz. Uygulamay\u0131 Google Play Store veya Apple Store&#8217;da bulun ve oradan y\u00fckleyin. Mobil cihaza otomatik olarak y\u00fcklenecektir. TuDime, kay\u0131ttan sonraki ilk 30 takvim g\u00fcn\u00fc boyunca herkesin kullan\u0131m\u0131 i\u00e7in \u00fccretsizdir.<\/p>\n<p><strong><span style=\"color: #0e93cc;\">3. TuDime reklam i\u00e7eriyor mu?<\/span><br \/>\n<\/strong><br \/>\nHay\u0131r, \u00f6yle de\u011fil.<\/p>\n<p><strong><span style=\"color: #0e93cc;\">4. Hangi cihazlar desteklenmiyor?<\/span><br \/>\n<\/strong><br \/>\nTuDime hem iPhone hem de Android cep telefonu ve tablet cihazlar\u0131n\u0131 destekler. Blackberry telefonlar desteklenmez.<\/p>\n<p><strong><span style=\"color: #0e93cc;\">5. TuDime&#8217;\u0131 BlackBerry cihaz\u0131ma y\u00fckleyebilir miyim?<\/span><\/strong><\/p>\n<p>Hay\u0131r. TuDime, BlackBerry cihazlar\u0131n\u0131 desteklemez.<\/p>\n<p><strong><span style=\"color: #0e93cc;\">6. Kay\u0131t Eri\u015fim Kodum telefonuma veya e-posta adresime ula\u015fmad\u0131. Ne yapabilirim?<br \/>\n<\/span><\/strong><br \/>\nBunun nedeni internet ba\u011flant\u0131s\u0131n\u0131n yava\u015f olmas\u0131 veya internetin kullan\u0131lamamas\u0131 olabilir.<br \/>\n\u201cKodu tekrar g\u00f6nder\u201d se\u00e7ene\u011fine t\u0131klayabilirsiniz. TuDime size eri\u015fim kodunu tekrar g\u00f6nderecektir.<\/p>\n<p><strong><span style=\"color: #0e93cc;\">7. TuDime&#8217;\u0131 neden baz\u0131 Wi-Fi a\u011flar\u0131nda kullanam\u0131yorum?<\/span><br \/>\n<\/strong><br \/>\nTuDime&#8217;\u0131 t\u00fcm Wifi a\u011flar\u0131nda kullanabilirsiniz ancak h\u0131z\u0131n\u0131n iyi olmas\u0131 gerekir. \u00c7ok d\u00fc\u015f\u00fck h\u0131zda d\u00fczg\u00fcn \u00e7al\u0131\u015fmayacakt\u0131r. TuDime&#8217;\u0131 kullanmak i\u00e7in y\u00fcksek h\u0131zl\u0131 internete ihtiyac\u0131n\u0131z var.<\/p>\n<p><strong><span style=\"color: #0e93cc;\">8. Sohbet verileri TuDime&#8217;da g\u00fcvende mi?<\/span><br \/>\n<\/strong><br \/>\nEvet. Tamamen g\u00fcvenlidir. Hi\u00e7 kimse sohbet verilerinizi hackleyemez. TuDime sohbeti u\u00e7tan uca \u015fifrelenmi\u015ftir; bu, TuDime&#8217;\u0131n sohbette g\u00f6nderilen metinlerinizi veya di\u011fer bilgileri bir veritaban\u0131nda saklamad\u0131\u011f\u0131 anlam\u0131na gelir. TuDime sohbetiniz otomatik olarak yedeklenir. Ancak sohbetinizi ba\u015fka bir kayna\u011fa kaydetmek istiyorsan\u0131z sohbet ge\u00e7mi\u015finizi Google Cloud gibi bir \u00fc\u00e7\u00fcnc\u00fc taraf hesab\u0131na yedeklemenizi \u00f6neririz.<\/p>\n<p><strong><span style=\"color: #0e93cc;\">9. TuDime&#8217;da u\u00e7tan uca \u015fifreleme nedir?<\/span><br \/>\n<\/strong><br \/>\nU\u00e7tan uca \u015fifreleme, payla\u015ft\u0131\u011f\u0131n\u0131z i\u00e7eri\u011fin bir u\u00e7 noktadan (telefonunuz gibi) di\u011ferine (konu\u015ftu\u011funuz ki\u015finin telefonu gibi) kadar gizli ve g\u00fcvenli kalmas\u0131n\u0131 sa\u011flayan bir teknolojidir. Payla\u015ft\u0131\u011f\u0131n\u0131z i\u00e7erik, aktar\u0131m s\u0131ras\u0131nda ele ge\u00e7irilirse okunamaz. Buluttan hi\u00e7 kimse mesajlar\u0131n\u0131z\u0131 okuyamaz. TuDime personeli bile \u015fifrelenmi\u015f mesajlar\u0131n\u0131z\u0131 okuyamaz. Bu, verilerinizin a\u011f \u00fczerinden \u015fifrelenmi\u015f bi\u00e7imde ta\u015f\u0131nd\u0131\u011f\u0131 anlam\u0131na gelir. Buna \u201cu\u00e7tan uca \u015fifreleme\u201d denir.<\/p>\n<p><strong><span style=\"color: #0e93cc;\">10. TuDime ile k\u0131sa mesaj g\u00f6nderebilir ve g\u00f6r\u00fcnt\u00fcl\u00fc g\u00f6r\u00fc\u015fme yapabilir miyim?<\/span><br \/>\n<\/strong><br \/>\nEvet. TuDime bir sohbet uygulamas\u0131d\u0131r. Arkada\u015f\u0131n\u0131z ayn\u0131 zamanda TuDime kullan\u0131c\u0131s\u0131ysa ona k\u0131sa mesaj veya g\u00f6r\u00fcnt\u00fcl\u00fc sohbet g\u00f6nderebilirsiniz. Grup mesajla\u015fmas\u0131 da 300 kullan\u0131c\u0131ya kadar mevcuttur. Grup g\u00f6r\u00fcnt\u00fcl\u00fc g\u00f6r\u00fc\u015fmeleri ayn\u0131 anda en fazla 5 farkl\u0131 TuDime kullan\u0131c\u0131s\u0131yla yap\u0131labilir. TuDime, Ocak 2023&#8217;ten sonra ayn\u0131 anda en az 10 farkl\u0131 kullan\u0131c\u0131yla g\u00f6r\u00fcnt\u00fcl\u00fc sohbet olana\u011f\u0131 sunmay\u0131 umuyor.<\/p>\n<p><strong><span style=\"color: #0e93cc;\">11. Ayn\u0131 TuDime hesab\u0131n\u0131 iki farkl\u0131 cihazda kullanabilir miyim?<\/span><br \/>\n<\/strong><br \/>\nEvet, ba\u015fka bir cihazda ayn\u0131 hesaba sahip olabilirsiniz.<\/p>\n<p><strong><span style=\"color: #0e93cc;\">12. TuDime&#8217;\u0131n ses kalitesi iyi mi?<\/span><br \/>\n<\/strong><br \/>\nTuDime&#8217;\u0131n ses kalitesi m\u00fckemmel. Uygulaman\u0131n bir\u00e7ok harika \u00f6zelli\u011finden biridir.<\/p>\n<p><strong><span style=\"color: #0e93cc;\">13. TuDime&#8217;da tek seferde ka\u00e7 resim g\u00f6nderebilirim?<\/span><br \/>\n<\/strong><br \/>\nTuDime&#8217;da tek seferde 50 g\u00f6rsel g\u00f6nderebilirsiniz.<\/p>\n<p><strong><span style=\"color: #0e93cc;\">14. TuDime&#8217;daki aramalar ger\u00e7ekten \u00fccretsiz mi?<\/span><br \/>\n<\/strong><br \/>\nEvet. Uygulamadan Uygulamaya Sesli ve g\u00f6r\u00fcnt\u00fcl\u00fc aramalar, ilk 30 g\u00fcnl\u00fck deneme s\u00fcresi boyunca \u00fccretsizdir. Ancak TuDime&#8217;da ayr\u0131ca TuDime CAN (Herhangi Bir Numaray\u0131 Aray\u0131n) \u00f6zelli\u011fi bulunur, bu da TuDime olmayan kullan\u0131c\u0131lara \u00f6deme yap\u0131ld\u0131\u011f\u0131 anlam\u0131na gelir.<\/p>\n<p><strong><span style=\"color: #0e93cc;\">15. TuDime&#8217;\u0131n Masa\u00fcst\u00fc veya MAC s\u00fcr\u00fcm\u00fc var m\u0131?<\/span><br \/>\n<\/strong><br \/>\nHay\u0131r \u015fimdi de\u011fil. Yak\u0131nda daha sonraki bir s\u00fcr\u00fcmde kullan\u0131ma sunulacak.<\/p>\n<p><strong><span style=\"color: #0e93cc;\">16. TuDime&#8217;\u0131 iPad veya iPod Touch&#8217;ta kullanabilir miyim?<\/span><br \/>\n<\/strong><br \/>\nBu \u00f6zellik yak\u0131nda geliyor\u2026<\/p>\n<p><strong><span style=\"color: #0e93cc;\">17. G\u00f6nderilen Mesajlar\u0131 TuDime ile silebilir miyim?<\/span><br \/>\n<\/strong><br \/>\nEvet. TuDime ile mesajlar silinebilir. Mesajlar\u0131n silinip silinmeyece\u011finin, mesajlar\u0131n kullan\u0131c\u0131n\u0131n kendi taraf\u0131ndan m\u0131 yoksa al\u0131c\u0131 taraf\u0131ndan m\u0131 silinece\u011fi anlam\u0131na geldi\u011fine karar vermek kullan\u0131c\u0131ya kalm\u0131\u015ft\u0131r.<\/p>\n<p><strong><span style=\"color: #0e93cc;\">18. G\u00f6nderilen mesajlar\u0131 TuDime ile d\u00fczenleyebilir miyim?<\/span><br \/>\n<\/strong><br \/>\nEvet. Mesajlar d\u00fczenlenebilir. D\u00fczenlemek istedi\u011finiz mesaja uzun t\u0131klay\u0131n ve oradan d\u00fczenleme se\u00e7ene\u011fini se\u00e7in. Daha sonra d\u00fczenledi\u011finiz mesaj\u0131n\u0131z\u0131 kolayca tekrar g\u00f6nderebilirsiniz.<\/p>\n<p><strong><span style=\"color: #0e93cc;\">19. TuDime pil \u00f6mr\u00fcn\u00fc k\u0131salt\u0131r m\u0131?<\/span><br \/>\n<\/strong><br \/>\nTuDime hafif bir uygulamad\u0131r ve genellikle \u00e7ok fazla pil t\u00fcketmez. Pil \u00f6mr\u00fcn\u00fc azaltmaz. Ancak pil \u00f6mr\u00fcn\u00fcn cihaz\u0131n\u0131z\u0131n \u00f6zelliklerine ve parlakl\u0131k d\u00fczeyine de ba\u011fl\u0131 oldu\u011funu unutmay\u0131n.<\/p>\n<p><strong><span style=\"color: #0e93cc;\">20. TuDime&#8217;da \u201ce-Kartlar\u201d nedir?<\/span><br \/>\n<\/strong><br \/>\nTuDime, harika tebrik kartlar\u0131n\u0131 telefonunuzdan se\u00e7meyi, ki\u015fiselle\u015ftirmeyi ve e-posta, Facebook, Twitter, Messenger, WhatsApp vb. arac\u0131l\u0131\u011f\u0131yla di\u011fer TuDime kullan\u0131c\u0131lar\u0131na veya ba\u015fkalar\u0131na payla\u015fmay\u0131 kolayla\u015ft\u0131r\u0131r. TuDime e-Kartlar b\u00f6l\u00fcm\u00fcnde parmaklar\u0131n\u0131z\u0131n ucunda belirli bir an i\u00e7in m\u00fckemmel bir kart bulacaks\u0131n\u0131z: kartlar bu \u00e7\u0131lg\u0131n hayat\u0131n\u0131zdaki herkes i\u00e7in, ne i\u00e7in, nerede ve ne zaman i\u015fe yarayacakt\u0131r. Kartlar\u0131 her zaman ger\u00e7ek tebrik kartlar\u0131nda oldu\u011fu gibi \u00f6zelle\u015ftirebilirsiniz: Kendi notunuzu\/foto\u011fraf\u0131n\u0131z\u0131 ekleyin, hatta kendi imzan\u0131z\u0131 ve sesli mesaj\u0131n\u0131z\u0131 bile ekleyebilirsiniz. Bu \u00f6zellik ayn\u0131 zamanda yaz\u0131l\u0131 metin veya konu\u015fulan s\u00f6zc\u00fckleri i\u00e7eren yerle\u015fik bir \u00e7eviri \u00f6zelli\u011fine de sahiptir ve an\u0131nda d\u00fcnyan\u0131n en pop\u00fcler 15 diline \u00e7eviri yapacakt\u0131r.<\/p>\n<p><strong><span style=\"color: #0e93cc;\">21. TuDime&#8217;da e-Kart g\u00f6ndermek \u00fccretsiz mi?<\/span><br \/>\n<\/strong><br \/>\nEvet. TuDime e-Kartlar\u0131n\u0131n g\u00f6nderilmesi TuDime kullan\u0131c\u0131lar\u0131 i\u00e7in \u00fccretsizdir.<\/p>\n<p><strong><span style=\"color: #0e93cc;\">22. TuDime&#8217;da bir ki\u015fi nas\u0131l engellenir?<\/span><br \/>\n<\/strong><br \/>\nBir sohbet sayfas\u0131nda bir simge bulacaks\u0131n\u0131z (\u00fc\u00e7 dikey noktal\u0131 simge) ona t\u0131klay\u0131n, ki\u015fiyi engelleme se\u00e7ene\u011fi vard\u0131r. Buna t\u0131klad\u0131\u011f\u0131n\u0131zda o ki\u015fiden herhangi bir mesaj alamayacaks\u0131n\u0131z. Engellenen ki\u015filerin listesini Ayarlar -&gt; Hesaplar -&gt; Gizlilik -&gt; Kullan\u0131c\u0131lar\u0131 engelle.<\/p>\n<p><strong><span style=\"color: #0e93cc;\">23. TuDime \u00c7\u0131kartmalar\u0131m neden indirilemiyor?<\/span><br \/>\n<\/strong><br \/>\nYaln\u0131zca bunu sat\u0131n ald\u0131ktan sonra kullan\u0131labilir. Harika \u00e7\u0131kartmalar\u0131 \u00f6demek ve indirmek i\u00e7in l\u00fctfen \u00f6deme se\u00e7eneklerini aray\u0131n!<\/p>\n<p><strong><span style=\"color: #0e93cc;\">24. TuDime ile maksimum dosya ekleme boyutu?<\/span><br \/>\n<\/strong><br \/>\nMaksimum Boyut 10 mb olacakt\u0131r. Bir kullan\u0131c\u0131 10 MB&#8217;tan b\u00fcy\u00fck dosya(lar) g\u00f6ndermeye \u00e7al\u0131\u015f\u0131rsa, kullan\u0131c\u0131 bu dosyalar\u0131 TuDime arac\u0131l\u0131\u011f\u0131yla g\u00f6nderemeyecektir.<\/p>\n<p><strong><span style=\"color: #0e93cc;\">25. TuDime CAN (Herhangi Bir Numaray\u0131 Aray\u0131n) \u00c7a\u011fr\u0131 \u00dccretlerini nas\u0131l kontrol edebilirim?<\/span><br \/>\n<\/strong><br \/>\nTuDime Out \u00c7a\u011fr\u0131 \u00fccretlerini kontrol etmek i\u00e7in l\u00fctfen buraya t\u0131klay\u0131n.<\/p>\n<p><strong><span style=\"color: #0e93cc;\">26. TuDime neden ki\u015filerimi TuDime kullan\u0131c\u0131s\u0131 olarak tan\u0131yam\u0131yor?<\/span><br \/>\n<\/strong><br \/>\nBaz\u0131 cihaz ki\u015fi listelerine \u00fc\u00e7\u00fcnc\u00fc taraf bir uygulama taraf\u0131ndan eri\u015filemiyor. L\u00fctfen telefon ayarlar\u0131na gidin ve TuDime uygulamas\u0131 i\u00e7in ki\u015fi payla\u015f\u0131m\u0131na izin verin.<\/p>\n<p><strong><span style=\"color: #0e93cc;\">27. TuDime&#8217;da Kar\u015f\u0131la\u015fmalar nedir?<\/span><br \/>\n<\/strong><br \/>\nTuDime uygulamas\u0131ndaki Kar\u015f\u0131la\u015fmalar, bir ki\u015finin ya\u015f\u0131, cinsiyeti, konumu ve di\u011fer \u00f6nemli \u00f6zellikleri belirten belirli bir e\u015fle\u015fmeyi aramas\u0131n\u0131 sa\u011flayan harika bir fl\u00f6rt \u00f6zelli\u011fidir. Kar\u015f\u0131la\u015fmalar \u00f6zelli\u011fi, bireylerin hediye kartlar\u0131n\u0131, sohbet mesajlar\u0131n\u0131 payla\u015fmas\u0131na ve baz\u0131 profillere ilgi g\u00f6stermesine olanak tan\u0131r. Birinin profiline ilgi g\u00f6stermenin g\u00fcvenli bir yoludur ve t\u00fcm veriler\/sohbetler\/hediyeler g\u00fcvence alt\u0131na al\u0131n\u0131r ve y\u00fcksek d\u00fczeyde gizlilikle tutulur.<br \/>\nBu iste\u011fe ba\u011fl\u0131 bir \u00f6zelliktir ve uygulamay\u0131 y\u00fckledikten sonra ilk kez \u00e7al\u0131\u015ft\u0131r\u0131rken tercih edebilirsiniz. Bu yaln\u0131zca 18 ya\u015f ve \u00fczeri ya\u015f grubu i\u00e7indir. Bu \u00f6zelli\u011fin Ocak 2023 civar\u0131nda piyasaya s\u00fcr\u00fclmesi bekleniyor.<\/p>\n<p><strong><span style=\"color: #0e93cc;\">28. Eski TuDime hesab\u0131m\u0131 nas\u0131l yeniden etkinle\u015ftiririm?<\/span><br \/>\n<\/strong><br \/>\nHesab\u0131n\u0131z\u0131 zaten sildiyseniz, tekrar giri\u015f yapmay\u0131 denedi\u011finizde do\u011frulama sayfas\u0131nda TuDime hesab\u0131n\u0131z\u0131n zaten silindi\u011fini tespit edecektir. Buradan \u201cDevam Et\u201d butonuna t\u0131klad\u0131\u011f\u0131n\u0131zda hesab\u0131n\u0131z\u0131 tekrar etkinle\u015ftirmeniz veya etkinle\u015ftirmeniz gereken sayfaya y\u00f6nlendirileceksiniz. Bu y\u00fczden \u00f6ncelikle hesab\u0131n\u0131z\u0131 etkinle\u015ftirin, sonras\u0131nda TuDime \u00f6zelliklerini rahatl\u0131kla kullanabilirsiniz.<br \/>\nAyr\u0131ca, yeniden etkinle\u015ftirme sayfas\u0131nda eski mesaj se\u00e7ene\u011fini indirmeyi onaylayarak, yeniden etkinle\u015ftirme s\u0131ras\u0131nda t\u00fcm eski mesajlar\u0131n\u0131z\u0131 geri y\u00fckleyebilirsiniz.<\/p>\n<p><strong><span style=\"color: #0e93cc;\">29. TuDime Encounters&#8217;ta bir ki\u015fiye nas\u0131l istek g\u00f6nderilir?<\/span><br \/>\n<\/strong><br \/>\nResmin alt\u0131nda bir KALP \u015eekli simgesi var. Buna t\u0131klad\u0131\u011f\u0131n\u0131zda o ki\u015fiye bir istek g\u00f6nderilecektir. Bu istek, o ki\u015finin Kar\u015f\u0131la\u015fmalardaki DAVETLER sayfas\u0131nda g\u00f6sterilecektir. Ayr\u0131ca ilgilendi\u011finiz ki\u015finin sizi daha iyi anlamas\u0131na yard\u0131mc\u0131 olmak i\u00e7in en fazla 3 mesaj g\u00f6nderebilirsiniz ve e\u011fer o ki\u015fi teklifinizi yine de kabul etmezse bu spam olur ve art\u0131k ilginizi payla\u015fmazs\u0131n\u0131z. o ki\u015fi. Kar\u015f\u0131 taraftan mesajlar almaya ba\u015flaman\u0131z durumunda ikiniz de birbirinizi tan\u0131yormu\u015fsunuz gibi kabul edilecek ve sonras\u0131nda mesajlar\u0131n\u0131za devam edebilirsiniz.<\/p>\n<p><strong><span style=\"color: #0e93cc;\">30. TuDime kar\u015f\u0131la\u015fmalar\u0131ndan gelen arkada\u015fl\u0131k iste\u011fi nas\u0131l kabul edilir?<\/span><br \/>\n<\/strong><br \/>\nBirisi size bir arkada\u015fl\u0131k iste\u011fi g\u00f6nderirse, bu TuDime Kar\u015f\u0131la\u015fmalar\u0131 sayfas\u0131ndaki DAVETLER b\u00f6l\u00fcm\u00fcnde g\u00f6r\u00fcnecektir. Orada Kabul Et veya Reddet d\u00fc\u011fmesini g\u00f6receksiniz. Ve ki\u015finin profilini ismine t\u0131klayarak g\u00f6rebilirsiniz.<\/p>\n<p><strong><span style=\"color: #0e93cc;\">31. TuDime hesab\u0131m\u0131 nas\u0131l silebilirim?<\/span><br \/>\n<\/strong><br \/>\nAyarlar&#8217;da Hesab\u0131 Devre D\u0131\u015f\u0131 B\u0131rak se\u00e7ene\u011fini bulacaks\u0131n\u0131z. Sadece ona t\u0131klay\u0131n, hesab\u0131n\u0131z silinecek. Bu durumda hesab\u0131n\u0131z\u0131 ayn\u0131 cep telefonu numaras\u0131 veya e-posta adresiyle yeniden a\u00e7amazs\u0131n\u0131z. TuDime&#8217;\u0131 kullanmak i\u00e7in \u00f6nce hesab\u0131n\u0131z\u0131 etkinle\u015ftirmeniz veya farkl\u0131 bir hesap olu\u015fturmak i\u00e7in farkl\u0131 bir numara veya e-posta adresiyle giri\u015f yapman\u0131z gerekir.<\/p>\n<p><strong><span style=\"color: #0e93cc;\">32. TuDime Uygulamadan Uygulamaya aramalar \u00fccretsiz mi yoksa gizli \u00fccretler var m\u0131?<\/span><br \/>\n<\/strong><br \/>\nTuDime, yaln\u0131zca 1 ABD Dolar\u0131 veya e\u015fde\u011fer para birimi kar\u015f\u0131l\u0131\u011f\u0131nda y\u0131ll\u0131k abonelik sunar. Bu s\u0131n\u0131rl\u0131 s\u00fcreli bir tekliftir. Ancak bu s\u00fcre i\u00e7erisinde TuDime&#8217;a abone olan t\u00fcm kullan\u0131c\u0131lar ayn\u0131 fiyattan yenileme hakk\u0131na sahip olacakt\u0131r. Google Play Store ve Apple Store \u00f6deme portallar\u0131n\u0131n kullan\u0131m\u0131 g\u00fcvenli ve emniyetlidir.<\/p>","protected":false},"excerpt":{"rendered":"<p>1. TuDime nedir? Resmi a\u00e7\u0131klama, TuDime&#8217;\u0131n k\u0131sa mesaj g\u00f6ndermek, resim, video, dosya g\u00f6ndermek, konum\/ileti\u015fim bilgisi\/karalama vb. payla\u015fmak, uygulamadan uygulamaya sesli\/g\u00f6r\u00fcnt\u00fcl\u00fc arama, uygulamadan telefona\/sabit hat aramas\u0131 yapmak i\u00e7in TuDime kredi arama \u00f6zelli\u011fini kullanan bir sohbet uygulamas\u0131 oldu\u011fu \u015feklinde olacakt\u0131r. Bu, d\u00fcnya [&hellip;]<\/p>\n","protected":false},"author":1,"featured_media":113,"parent":0,"menu_order":0,"comment_status":"closed","ping_status":"closed","template":"","meta":{"footnotes":""},"class_list":["post-25","page","type-page","status-publish","has-post-thumbnail","hentry"],"_links":{"self":[{"href":"https:\/\/tudime.riversidemedi-cal.com\/tr\/wp-json\/wp\/v2\/pages\/25"}],"collection":[{"href":"https:\/\/tudime.riversidemedi-cal.com\/tr\/wp-json\/wp\/v2\/pages"}],"about":[{"href":"https:\/\/tudime.riversidemedi-cal.com\/tr\/wp-json\/wp\/v2\/types\/page"}],"author":[{"embeddable":true,"href":"https:\/\/tudime.riversidemedi-cal.com\/tr\/wp-json\/wp\/v2\/users\/1"}],"replies":[{"embeddable":true,"href":"https:\/\/tudime.riversidemedi-cal.com\/tr\/wp-json\/wp\/v2\/comments?post=25"}],"version-history":[{"count":55,"href":"https:\/\/tudime.riversidemedi-cal.com\/tr\/wp-json\/wp\/v2\/pages\/25\/revisions"}],"predecessor-version":[{"id":1447,"href":"https:\/\/tudime.riversidemedi-cal.com\/tr\/wp-json\/wp\/v2\/pages\/25\/revisions\/1447"}],"wp:featuredmedia":[{"embeddable":true,"href":"https:\/\/tudime.riversidemedi-cal.com\/tr\/wp-json\/wp\/v2\/media\/113"}],"wp:attachment":[{"href":"https:\/\/tudime.riversidemedi-cal.com\/tr\/wp-json\/wp\/v2\/media?parent=25"}],"curies":[{"name":"wp","href":"https:\/\/api.w.org\/{rel}","templated":true}]}}