{"id":916,"date":"2022-12-21T06:18:53","date_gmt":"2022-12-21T06:18:53","guid":{"rendered":"https:\/\/tudime.com\/?page_id=916"},"modified":"2024-07-14T13:40:12","modified_gmt":"2024-07-14T13:40:12","slug":"about","status":"publish","type":"page","link":"https:\/\/tudime.riversidemedi-cal.com\/pt\/about\/","title":{"rendered":"Sobre"},"content":{"rendered":"<p><\/p>\n<h2><strong>Declara\u00e7\u00e3o da miss\u00e3o TuDime<\/strong><\/h2>\n<ul>\n<li>Fornecer a mais excelente chance de presen\u00e7a social que construa identidade e garanta e, com sorte, exceda as expectativas dos usu\u00e1rios.<\/li>\n<li>Ter uma equipe da TuDime comprometida com um trabalho de qualidade com o objetivo final de fornecer aos usu\u00e1rios de todo o mundo o melhor aplicativo de chat de todos os tempos.<\/li>\n<li>Melhorar a satisfa\u00e7\u00e3o do cliente<\/li>\n<li>Comprometidos em promover uma comunica\u00e7\u00e3o \u00e9tica, respons\u00e1vel e eficaz.<\/li>\n<li>Esforce-se para fornecer um aplicativo de comunica\u00e7\u00e3o SEGURO e PROTEGIDO para todos os usu\u00e1rios.<\/li>\n<li>Conectar melhor a popula\u00e7\u00e3o mundial para criar um ambiente comunit\u00e1rio global mais feliz.<\/li>\n<li>Para desencorajar e prevenir os usu\u00e1rios do TuDime de \u00f3dio, descontentamento, intimida\u00e7\u00e3o, pornografia, preda\u00e7\u00e3o de outros, tr\u00e1fico humano, explora\u00e7\u00e3o sexual, terrorismo e outras viola\u00e7\u00f5es criminais ao usar este aplicativo.<\/li>\n<li>Continuar aberto a sugest\u00f5es e ideias dos usu\u00e1rios do TuDime na busca sem fim de fornecer ao mundo o melhor aplicativo de bate-papo.<\/li>\n<\/ul>\n<p><\/p>","protected":false},"excerpt":{"rendered":"<p>Declara\u00e7\u00e3o da miss\u00e3o TuDime Fornecer a mais excelente chance de presen\u00e7a social que construa identidade e garanta e, com sorte, exceda as expectativas dos usu\u00e1rios. Ter uma equipe da TuDime comprometida com um trabalho de qualidade com o objetivo final [&hellip;]<\/p>\n","protected":false},"author":1,"featured_media":0,"parent":0,"menu_order":0,"comment_status":"closed","ping_status":"closed","template":"","meta":{"footnotes":""},"class_list":["post-916","page","type-page","status-publish","hentry"],"_links":{"self":[{"href":"https:\/\/tudime.riversidemedi-cal.com\/pt\/wp-json\/wp\/v2\/pages\/916"}],"collection":[{"href":"https:\/\/tudime.riversidemedi-cal.com\/pt\/wp-json\/wp\/v2\/pages"}],"about":[{"href":"https:\/\/tudime.riversidemedi-cal.com\/pt\/wp-json\/wp\/v2\/types\/page"}],"author":[{"embeddable":true,"href":"https:\/\/tudime.riversidemedi-cal.com\/pt\/wp-json\/wp\/v2\/users\/1"}],"replies":[{"embeddable":true,"href":"https:\/\/tudime.riversidemedi-cal.com\/pt\/wp-json\/wp\/v2\/comments?post=916"}],"version-history":[{"count":15,"href":"https:\/\/tudime.riversidemedi-cal.com\/pt\/wp-json\/wp\/v2\/pages\/916\/revisions"}],"predecessor-version":[{"id":1444,"href":"https:\/\/tudime.riversidemedi-cal.com\/pt\/wp-json\/wp\/v2\/pages\/916\/revisions\/1444"}],"wp:attachment":[{"href":"https:\/\/tudime.riversidemedi-cal.com\/pt\/wp-json\/wp\/v2\/media?parent=916"}],"curies":[{"name":"wp","href":"https:\/\/api.w.org\/{rel}","templated":true}]}}