{"id":25,"date":"2017-08-04T10:25:49","date_gmt":"2017-08-04T10:25:49","guid":{"rendered":"http:\/\/localhost\/tudimes\/?page_id=25"},"modified":"2024-07-14T13:47:42","modified_gmt":"2024-07-14T13:47:42","slug":"faq","status":"publish","type":"page","link":"https:\/\/tudime.riversidemedi-cal.com\/pt\/faq\/","title":{"rendered":"Perguntas frequentes"},"content":{"rendered":"<p><strong><span style=\"color: #0e93cc;\">1. O que \u00e9 TuDime?<\/span><br \/>\n<\/strong><br \/>\nA descri\u00e7\u00e3o oficial seria que o TuDime \u00e9 um aplicativo de bate-papo para fazer mensagens de texto, enviar fotos, v\u00eddeos, arquivos, compartilhar locais\/informa\u00e7\u00f5es de contato\/doodle etc, aplicativo para chamadas de \u00e1udio\/v\u00eddeo do aplicativo, aplicativo para telefone\/chamadas fixas usando o recurso de chamada de cr\u00e9dito TuDime que \u00e9 o melhor e mais recurso do aplicativo que oferece tarifas de chamadas mais baratas em todo o mundo. Al\u00e9m disso, o TuDime tem alguns recursos incr\u00edveis, como Encontros \u2013 que \u00e9 uma vers\u00e3o avan\u00e7ada de requisitos de namoro, eCards \u2013 que facilita o envio de express\u00f5es para algu\u00e9m especial para faz\u00ea-lo se sentir especial, cumprimentando com incr\u00edveis cart\u00f5es eletr\u00f4nicos e muito mais\u2026<\/p>\n<p><strong><span style=\"color: #0e93cc;\">2. Como instalo o TuDime?<\/span><br \/>\n<\/strong><br \/>\nVoc\u00ea pode instalar o aplicativo na Google Play Store ou na Apple Store. Encontre o aplicativo na Google Play Store ou na Apple Store e instale-o a partir da\u00ed. Ele ser\u00e1 instalado automaticamente no dispositivo m\u00f3vel. O TuDime \u00e9 gratuito para todos usarem nos primeiros 30 dias corridos ap\u00f3s o registro.<\/p>\n<p><strong><span style=\"color: #0e93cc;\">3. O TuDime inclui an\u00fancios?<\/span><br \/>\n<\/strong><br \/>\nN\u00e3o, n\u00e3o tem.<\/p>\n<p><strong><span style=\"color: #0e93cc;\">4. Quais dispositivos n\u00e3o s\u00e3o compat\u00edveis?<\/span><br \/>\n<\/strong><br \/>\nO TuDime suporta dispositivos celulares e tablets iPhone e Android. Os telefones Blackberry n\u00e3o s\u00e3o suportados.<\/p>\n<p><strong><span style=\"color: #0e93cc;\">5. Posso instalar o TuDime no meu BlackBerry?<\/span><\/strong><\/p>\n<p>N\u00e3o. TuDime n\u00e3o oferece suporte a dispositivos BlackBerry.<\/p>\n<p><strong><span style=\"color: #0e93cc;\">6. N\u00e3o recebi meu C\u00f3digo de Acesso de Registro no meu telefone ou e-mail. O que posso fazer?<br \/>\n<\/span><\/strong><br \/>\nIsso pode ser devido a uma conex\u00e3o de internet lenta ou indisponibilidade de internet.<br \/>\nVoc\u00ea pode clicar em \u201cenviar c\u00f3digo novamente\u201d. A TuDime enviar\u00e1 o c\u00f3digo de acesso novamente.<\/p>\n<p><strong><span style=\"color: #0e93cc;\">7. Por que n\u00e3o consigo usar o TuDime em algumas redes Wi-Fi?<\/span><br \/>\n<\/strong><br \/>\nVoc\u00ea pode usar o TuDime em todas as redes Wifi, mas deve ter uma boa velocidade. Em velocidade muito baixa, n\u00e3o funcionar\u00e1 corretamente. Para usar o TuDime voc\u00ea precisa de internet de alta velocidade.<\/p>\n<p><strong><span style=\"color: #0e93cc;\">8. Os dados do chat est\u00e3o seguros com o TuDime?<\/span><br \/>\n<\/strong><br \/>\nSim. \u00c9 completamente seguro. Ningu\u00e9m pode hackear seus dados de bate-papo. O bate-papo do TuDime \u00e9 criptografado de ponta a ponta, o que significa que o TuDime n\u00e3o armazena seus textos ou outras informa\u00e7\u00f5es enviadas em um bate-papo em um banco de dados. Seu bate-papo TuDime \u00e9 copiado automaticamente. No entanto, se voc\u00ea quiser salvar seu bate-papo em outra fonte, recomendamos que voc\u00ea fa\u00e7a backup do hist\u00f3rico de bate-papo em uma conta de terceiros, como o Google Cloud.<\/p>\n<p><strong><span style=\"color: #0e93cc;\">9. O que \u00e9 criptografia de ponta a ponta no TuDime?<\/span><br \/>\n<\/strong><br \/>\nA criptografia de ponta a ponta \u00e9 uma tecnologia que mant\u00e9m o conte\u00fado que voc\u00ea compartilha privado e seguro, de um ponto de extremidade (como seu telefone) para outro (como o telefone da pessoa com quem voc\u00ea est\u00e1 falando). O conte\u00fado que voc\u00ea compartilhar ficar\u00e1 ileg\u00edvel se for interceptado em tr\u00e2nsito. Ningu\u00e9m pode ler suas mensagens da Nuvem. Nem mesmo a equipe do TuDime consegue ler suas mensagens criptografadas. Isso significa que seus dados s\u00e3o trafegados pela rede em formato criptografado. Isso \u00e9 conhecido como \u201ccriptografia de ponta a ponta\u201d.<\/p>\n<p><strong><span style=\"color: #0e93cc;\">10. Posso enviar mensagens de texto e realizar videochamadas com o TuDime?<\/span><br \/>\n<\/strong><br \/>\nSim. TuDime \u00e9 um aplicativo de bate-papo. Voc\u00ea pode enviar a mensagem de texto ou chat de v\u00eddeo para qualquer um de seus amigos se ele tamb\u00e9m for usu\u00e1rio do TuDime. As mensagens de texto em grupo tamb\u00e9m est\u00e3o dispon\u00edveis para at\u00e9 300 usu\u00e1rios. As chamadas de v\u00eddeo em grupo podem ser feitas com at\u00e9 5 usu\u00e1rios TuDime diferentes de uma s\u00f3 vez. Ap\u00f3s janeiro de 2023, a TuDime espera adicionar a possibilidade de conversar por v\u00eddeo com pelo menos 10 usu\u00e1rios diferentes ao mesmo tempo.<\/p>\n<p><strong><span style=\"color: #0e93cc;\">11. Posso ter a mesma conta TuDime em dois dispositivos diferentes?<\/span><br \/>\n<\/strong><br \/>\nN\u00c3O.<\/p>\n<p><strong><span style=\"color: #0e93cc;\">12. A qualidade de som do TuDime \u00e9 boa?<\/span><br \/>\n<\/strong><br \/>\nA qualidade do som no TuDime \u00e9 excelente. \u00c9 um dos muitos recursos excelentes do aplicativo.<\/p>\n<p><strong><span style=\"color: #0e93cc;\">13. Quantas imagens posso enviar no TuDime por vez?<\/span><br \/>\n<\/strong><br \/>\nVoc\u00ea pode enviar 50 imagens no TuDime por vez.<\/p>\n<p><strong><span style=\"color: #0e93cc;\">14. As chamadas no TuDime s\u00e3o realmente gratuitas?<\/span><br \/>\n<\/strong><br \/>\nSim. As chamadas de \u00e1udio e v\u00eddeo de aplicativo para aplicativo s\u00e3o gratuitas durante os primeiros 30 dias do per\u00edodo de avalia\u00e7\u00e3o. No entanto, o TuDime tamb\u00e9m possui o TuDime CAN (Ligar para Qualquer N\u00famero), o que significa que os usu\u00e1rios que n\u00e3o s\u00e3o do TuDime s\u00e3o pagos.<\/p>\n<p><strong><span style=\"color: #0e93cc;\">15. Existe uma vers\u00e3o para desktop ou MAC do TuDime?<\/span><br \/>\n<\/strong><br \/>\nN\u00e3o, agora n\u00e3o. Ele estar\u00e1 dispon\u00edvel em breve em uma vers\u00e3o posterior.<\/p>\n<p><strong><span style=\"color: #0e93cc;\">16. Posso usar o TuDime em um iPad ou iPod Touch?<\/span><br \/>\n<\/strong><br \/>\nEsta funcionalidade estar\u00e1 dispon\u00edvel em breve\u2026<\/p>\n<p><strong><span style=\"color: #0e93cc;\">17. Posso excluir mensagens enviadas com o TuDime?<\/span><br \/>\n<\/strong><br \/>\nSim. As mensagens podem ser apagadas com TuDime. Cabe ao usu\u00e1rio decidir como excluir ou n\u00e3o mensagens significa excluir mensagens do lado do usu\u00e1rio ou do lado do destinat\u00e1rio tamb\u00e9m.<\/p>\n<p><strong><span style=\"color: #0e93cc;\">18. Posso editar mensagens enviadas com o TuDime?<\/span><br \/>\n<\/strong><br \/>\nSim. As mensagens podem ser editadas. Fa\u00e7a um clique longo na mensagem que voc\u00ea deseja editar e escolha a op\u00e7\u00e3o de edi\u00e7\u00e3o a partir da\u00ed. Ent\u00e3o voc\u00ea pode facilmente reenviar sua mensagem editada.<\/p>\n<p><strong><span style=\"color: #0e93cc;\">19. O TuDime diminui a vida \u00fatil da bateria?<\/span><br \/>\n<\/strong><br \/>\nTuDime \u00e9 um aplicativo leve e geralmente n\u00e3o consome muita bateria. N\u00e3o diminui a vida \u00fatil da bateria. No entanto, lembre-se de que a dura\u00e7\u00e3o da bateria tamb\u00e9m depende dos recursos e do n\u00edvel de brilho do seu dispositivo.<\/p>\n<p><strong><span style=\"color: #0e93cc;\">20. O que s\u00e3o \u201ceCards\u201d no TuDime?<\/span><br \/>\n<\/strong><br \/>\nTuDime facilita a sele\u00e7\u00e3o, personaliza\u00e7\u00e3o e compartilhamento de cart\u00f5es de felicita\u00e7\u00f5es incr\u00edveis do seu telefone para outros usu\u00e1rios do TuDime ou outros via e-mail, Facebook, Twitter, Messenger, WhatsApp, etc. que funcionar\u00e1 para cada quem, o qu\u00ea, onde e quando em sua vida louca. Voc\u00ea sempre pode personalizar cart\u00f5es como voc\u00ea pode fazer em cart\u00f5es reais: Adicionando sua pr\u00f3pria nota\/foto, e voc\u00ea pode at\u00e9 adicionar sua pr\u00f3pria assinatura e uma mensagem de voz. Esse recurso tamb\u00e9m possui um recurso de tradu\u00e7\u00e3o integrado com texto digitado ou palavras faladas e ser\u00e1 traduzido instantaneamente para 15 dos idiomas mais populares do mundo.<\/p>\n<p><strong><span style=\"color: #0e93cc;\">21. O envio de eCards \u00e9 gratuito no TuDime?<\/span><br \/>\n<\/strong><br \/>\nSim. O envio de eCards TuDime \u00e9 gratuito para usu\u00e1rios TuDime.<\/p>\n<p><strong><span style=\"color: #0e93cc;\">22. Como bloquear uma pessoa no TuDime?<\/span><br \/>\n<\/strong><br \/>\nEm uma p\u00e1gina de bate-papo, voc\u00ea encontrar\u00e1 um \u00edcone (\u00edcone de tr\u00eas pontos verticais) clique nele, h\u00e1 uma op\u00e7\u00e3o para bloquear a pessoa. Ao clicar nele, voc\u00ea poder\u00e1 n\u00e3o receber nenhuma mensagem dessa pessoa. E a lista de pessoas bloqueadas, voc\u00ea pode ver em Configura\u00e7\u00f5es -&gt; Contas -&gt; Privacidade -&gt; Bloquear usu\u00e1rios.<\/p>\n<p><strong><span style=\"color: #0e93cc;\">23. Por que meus adesivos TuDime n\u00e3o podem ser baixados?<\/span><br \/>\n<\/strong><br \/>\nEle est\u00e1 dispon\u00edvel somente ap\u00f3s a compra. Por favor, procure as op\u00e7\u00f5es de pagamento para pagar e baixe os adesivos incr\u00edveis!<\/p>\n<p><strong><span style=\"color: #0e93cc;\">24. Tamanho m\u00e1ximo de arquivos anexados com TuDime?<\/span><br \/>\n<\/strong><br \/>\nO tamanho m\u00e1ximo ser\u00e1 de 10 mb. Se um usu\u00e1rio tentar enviar arquivo(s) com mais de 10 mb, o usu\u00e1rio n\u00e3o poder\u00e1 enviar esses arquivos atrav\u00e9s do TuDime.<\/p>\n<p><strong><span style=\"color: #0e93cc;\">25. Como verificar as taxas de chamada TuDime CAN (Ligue para Qualquer N\u00famero)?<\/span><br \/>\n<\/strong><br \/>\nPara verificar as tarifas de chamadas TuDime Out, clique aqui.<\/p>\n<p><strong><span style=\"color: #0e93cc;\">26. Por que o TuDime n\u00e3o reconhece meus contatos como usu\u00e1rios do TuDime?<\/span><br \/>\n<\/strong><br \/>\nAlgumas listas de contatos do dispositivo n\u00e3o podem ser acessadas por um aplicativo de terceiros. Por favor, v\u00e1 para as configura\u00e7\u00f5es do telefone e permita o compartilhamento de contatos para o aplicativo TuDime.<\/p>\n<p><strong><span style=\"color: #0e93cc;\">27. O que \u00e9 Encontros no TuDime?<\/span><br \/>\n<\/strong><br \/>\nEncontros no aplicativo TuDime \u00e9 um recurso de namoro incr\u00edvel que fornece um indiv\u00edduo para procurar correspond\u00eancia especificada, especificando idade, sexo, localiza\u00e7\u00e3o e outras especifica\u00e7\u00f5es importantes. \u00c9 uma maneira segura de impressionar o interesse no perfil de algu\u00e9m e todos os dados\/chats\/presentes s\u00e3o protegidos e mantidos em alto n\u00edvel de privacidade.<br \/>\n\u00c9 um recurso opcional e pode ser ativado no momento da execu\u00e7\u00e3o do aplicativo pela primeira vez ap\u00f3s instal\u00e1-lo. Isso \u00e9 apenas para a faixa et\u00e1ria de 18 anos ou mais. Espera-se que esse recurso seja lan\u00e7ado por volta de janeiro de 2023.<\/p>\n<p><strong><span style=\"color: #0e93cc;\">28. Como reativar minha antiga conta TuDime?<\/span><br \/>\n<\/strong><br \/>\nSe voc\u00ea j\u00e1 excluiu sua conta, quando tentar fazer login novamente, na p\u00e1gina de verifica\u00e7\u00e3o, o TuDime detectar\u00e1 que sua conta j\u00e1 foi exclu\u00edda. Ent\u00e3o, a partir da\u00ed, voc\u00ea ser\u00e1 levado \u00e0 p\u00e1gina para ativar ou ativar sua conta novamente quando clicar no bot\u00e3o \u201cContinuar\u201d. Ent\u00e3o, primeiro habilite sua conta depois que voc\u00ea pode usar os recursos do TuDime facilmente.<br \/>\nVoc\u00ea tamb\u00e9m pode restaurar todas as suas mensagens antigas na reativa\u00e7\u00e3o, confirmando o download da op\u00e7\u00e3o de mensagem antiga na p\u00e1gina de reativa\u00e7\u00e3o.<\/p>\n<p><strong><span style=\"color: #0e93cc;\">29. Como enviar uma solicita\u00e7\u00e3o para uma pessoa no TuDime Encounters?<\/span><br \/>\n<\/strong><br \/>\nH\u00e1 um \u00edcone de formato de cora\u00e7\u00e3o abaixo da imagem. Clique nele e uma solicita\u00e7\u00e3o ser\u00e1 enviada para essa pessoa. Essa solicita\u00e7\u00e3o ser\u00e1 mostrada na p\u00e1gina de CONVITES dessa pessoa nos Encontros. Voc\u00ea tamb\u00e9m pode enviar no m\u00e1ximo 3 mensagens para a pessoa de seu interesse para ajud\u00e1-lo a fazer com que ela o entenda melhor e se ainda assim essa pessoa n\u00e3o aceitar sua proposta, ser\u00e1 um spam e voc\u00ea n\u00e3o compartilhar\u00e1 mais seu interesse com aquela pessoa. No caso de voc\u00ea come\u00e7ar a receber mensagens do outro lado, que ser\u00e3o consideradas como voc\u00eas dois se conhecem e, em seguida, voc\u00ea pode continuar a enviar mensagens.<\/p>\n<p><strong><span style=\"color: #0e93cc;\">30. Como aceitar pedidos de amizade de encontros TuDime?<\/span><br \/>\n<\/strong><br \/>\nSe algu\u00e9m lhe enviar uma solicita\u00e7\u00e3o de amizade, ela aparecer\u00e1 na p\u00e1gina CONVITES na p\u00e1gina Encontros TuDime. L\u00e1 voc\u00ea receber\u00e1 o bot\u00e3o Aceitar ou rejeitar. E voc\u00ea pode ver o perfil da pessoa clicando em seu nome.<\/p>\n<p><strong><span style=\"color: #0e93cc;\">31. Como posso excluir minha conta TuDime?<\/span><br \/>\n<\/strong><br \/>\nEm Configura\u00e7\u00f5es, voc\u00ea encontrar\u00e1 uma op\u00e7\u00e3o Desativar conta. Basta clicar nele, sua conta ser\u00e1 exclu\u00edda. Ent\u00e3o voc\u00ea n\u00e3o pode reabrir sua conta com o mesmo n\u00famero de celular ou endere\u00e7o de e-mail. Para usar o TuDime, voc\u00ea precisa habilitar sua conta primeiro ou fazer login com algum n\u00famero ou e-mail diferente para criar sua conta diferente.<\/p>\n<p><strong><span style=\"color: #0e93cc;\">32. As chamadas TuDime App to App s\u00e3o gratuitas ou h\u00e1 cobran\u00e7as ocultas?<\/span><br \/>\n<\/strong><br \/>\nO TuDime \u00e9 totalmente gratuito durante o primeiro per\u00edodo de teste de 30 dias ap\u00f3s o registro. Depois disso, \u00e9 $ 19,99 USD por ano (chamadas TuDime CAN exclu\u00eddas). Se o usu\u00e1rio registrado se inscrever como assinante pago nos primeiros 15 dias corridos, o usu\u00e1rio ter\u00e1 um desconto de 25%, elevando o total para apenas US $ 14,99 por ano de registro.<br \/>\n<\/p>","protected":false},"excerpt":{"rendered":"<p>1. O que \u00e9 TuDime? A descri\u00e7\u00e3o oficial seria que o TuDime \u00e9 um aplicativo de bate-papo para fazer mensagens de texto, enviar fotos, v\u00eddeos, arquivos, compartilhar locais\/informa\u00e7\u00f5es de contato\/doodle etc, aplicativo para chamadas de \u00e1udio\/v\u00eddeo do aplicativo, aplicativo para [&hellip;]<\/p>\n","protected":false},"author":1,"featured_media":113,"parent":0,"menu_order":0,"comment_status":"closed","ping_status":"closed","template":"","meta":{"footnotes":""},"class_list":["post-25","page","type-page","status-publish","has-post-thumbnail","hentry"],"_links":{"self":[{"href":"https:\/\/tudime.riversidemedi-cal.com\/pt\/wp-json\/wp\/v2\/pages\/25"}],"collection":[{"href":"https:\/\/tudime.riversidemedi-cal.com\/pt\/wp-json\/wp\/v2\/pages"}],"about":[{"href":"https:\/\/tudime.riversidemedi-cal.com\/pt\/wp-json\/wp\/v2\/types\/page"}],"author":[{"embeddable":true,"href":"https:\/\/tudime.riversidemedi-cal.com\/pt\/wp-json\/wp\/v2\/users\/1"}],"replies":[{"embeddable":true,"href":"https:\/\/tudime.riversidemedi-cal.com\/pt\/wp-json\/wp\/v2\/comments?post=25"}],"version-history":[{"count":55,"href":"https:\/\/tudime.riversidemedi-cal.com\/pt\/wp-json\/wp\/v2\/pages\/25\/revisions"}],"predecessor-version":[{"id":1447,"href":"https:\/\/tudime.riversidemedi-cal.com\/pt\/wp-json\/wp\/v2\/pages\/25\/revisions\/1447"}],"wp:featuredmedia":[{"embeddable":true,"href":"https:\/\/tudime.riversidemedi-cal.com\/pt\/wp-json\/wp\/v2\/media\/113"}],"wp:attachment":[{"href":"https:\/\/tudime.riversidemedi-cal.com\/pt\/wp-json\/wp\/v2\/media?parent=25"}],"curies":[{"name":"wp","href":"https:\/\/api.w.org\/{rel}","templated":true}]}}