{"id":25,"date":"2017-08-04T10:25:49","date_gmt":"2017-08-04T10:25:49","guid":{"rendered":"http:\/\/localhost\/tudimes\/?page_id=25"},"modified":"2024-07-14T13:47:42","modified_gmt":"2024-07-14T13:47:42","slug":"faq","status":"publish","type":"page","link":"https:\/\/tudime.riversidemedi-cal.com\/it\/faq\/","title":{"rendered":"FAQ"},"content":{"rendered":"<p><strong><span style=\"color: #0e93cc;\">1. Cos&#8217;\u00e8 TuDime?<\/span><br \/>\n<\/strong><br \/>\nLa descrizione ufficiale sarebbe che TuDime \u00e8 un&#8217;app di chat per inviare messaggi di testo, inviare foto, video, file, condividere posizioni\/informazioni di contatto\/doodle ecc., app per chiamate audio\/video, app per telefono\/telefono fisso utilizzando la funzione di chiamata di credito TuDime che \u00e8 la migliore e pi\u00f9 caratteristica dell&#8217;app che fornisce tariffe di chiamata pi\u00f9 economiche in tutto il mondo. Inoltre, TuDime ha alcune fantastiche funzionalit\u00e0 come Incontri \u2013 che \u00e8 una versione avanzata di requisiti per appuntamenti, eCard \u2013 che facilita l&#8217;invio di espressioni a qualcuno di speciale per farli sentire speciali salutandoli con fantastici biglietti di auguri elettronici e molti altri&#8230;<\/p>\n<p><strong><span style=\"color: #0e93cc;\">2. Come installo TuDime?<\/span><br \/>\n<\/strong><br \/>\nPuoi installare l&#8217;applicazione da Google Play Store o da Apple Store. Trova l&#8217;applicazione su Google Play Store o Apple Store e installala da l\u00ec. Verr\u00e0 installato automaticamente nel dispositivo mobile. TuDime \u00e8 gratuito per tutti i primi 30 giorni di calendario dopo la registrazione.<\/p>\n<p><strong><span style=\"color: #0e93cc;\">3. TuDime include pubblicit\u00e0?<\/span><br \/>\n<\/strong><br \/>\nNo non lo fa.<\/p>\n<p><strong><span style=\"color: #0e93cc;\">4. Quali dispositivi non sono supportati?<\/span><br \/>\n<\/strong><br \/>\nTuDime supporta sia dispositivi cellulari e tablet iPhone che Android. I telefoni Blackberry non sono supportati.<\/p>\n<p><strong><span style=\"color: #0e93cc;\">5. Posso installare TuDime sul mio BlackBerry?<\/span><\/strong><\/p>\n<p>No. TuDime non supporta i dispositivi BlackBerry.<\/p>\n<p><strong><span style=\"color: #0e93cc;\">6. Non ho ricevuto il mio codice di accesso alla registrazione sul mio telefono o e-mail. Cosa posso fare?<br \/>\n<\/span><\/strong><br \/>\nCi\u00f2 potrebbe essere dovuto a una connessione Internet lenta o all&#8217;indisponibilit\u00e0 di Internet.<br \/>\n\u00c8 possibile fare clic su &#8220;invia nuovamente il codice&#8221;. TuDime ti invier\u00e0 nuovamente il codice di accesso.<\/p>\n<p><strong><span style=\"color: #0e93cc;\">7. Perch\u00e9 non posso utilizzare TuDime su alcune reti Wi-Fi?<\/span><br \/>\n<\/strong><br \/>\nPuoi usare TuDime su tutte le reti Wifi ma dovrebbe avere una buona velocit\u00e0. A velocit\u00e0 molto bassa non funzioner\u00e0 correttamente. Per usare TuDime hai bisogno di internet ad alta velocit\u00e0.<\/p>\n<p><strong><span style=\"color: #0e93cc;\">8. I dati della chat sono al sicuro con TuDime?<\/span><br \/>\n<\/strong><br \/>\nS\u00ec. \u00c8 completamente sicuro. Nessuno pu\u00f2 hackerare i dati della tua chat. La chat di TuDime \u00e8 crittografata end-to-end, il che significa che TuDime non memorizza i tuoi testi o altre informazioni inviate in una chat in un database. Il backup della tua chat TuDime viene eseguito automaticamente. Tuttavia, se desideri salvare la tua chat su un&#8217;altra fonte, ti consigliamo di eseguire il backup della cronologia chat su un account di terze parti, come Google Cloud.<\/p>\n<p><strong><span style=\"color: #0e93cc;\">9. Che cos&#8217;\u00e8 la crittografia end-to-end in TuDime?<\/span><br \/>\n<\/strong><br \/>\nLa crittografia end-to-end \u00e8 una tecnologia che mantiene il contenuto condiviso privato e protetto, da un endpoint (come il telefono) a un altro (come il telefono della persona con cui stai parlando). Il contenuto che condividi sar\u00e0 illeggibile se viene intercettato in transito. Nessuno pu\u00f2 leggere i tuoi messaggi dal Cloud. Nemmeno lo staff di TuDime \u00e8 in grado di leggere i tuoi messaggi crittografati. Ci\u00f2 significa che i tuoi dati vengono trasferiti sulla rete in formato crittografato. Questo \u00e8 indicato come &#8220;crittografia end-to-end&#8221;.<\/p>\n<p><strong><span style=\"color: #0e93cc;\">10. Posso inviare messaggi di testo ed effettuare videochiamate con TuDime?<\/span><br \/>\n<\/strong><br \/>\nS\u00ec. TuDime \u00e8 un&#8217;applicazione di chat. Puoi inviare il messaggio di testo o la chat video a qualsiasi tuo amico se \u00e8 anche un utente di TuDime. SMS di gruppo \u00e8 disponibile anche fino a 300 utenti. \u00c8 possibile effettuare videochiamate di gruppo con un massimo di 5 diversi utenti TuDime contemporaneamente. Dopo gennaio 2023, TuDime spera di aggiungere di poter chattare in video con almeno 10 utenti diversi contemporaneamente.<\/p>\n<p><strong><span style=\"color: #0e93cc;\">11. Posso avere lo stesso account TuDime su due dispositivi diversi?<\/span><br \/>\n<\/strong><br \/>\nNO.<\/p>\n<p><strong><span style=\"color: #0e93cc;\">12. La qualit\u00e0 del suono di TuDime \u00e8 buona?<\/span><br \/>\n<\/strong><br \/>\nLa qualit\u00e0 del suono su TuDime \u00e8 eccellente. \u00c8 una delle tante fantastiche funzionalit\u00e0 dell&#8217;app.<\/p>\n<p><strong><span style=\"color: #0e93cc;\">13. Quante immagini posso inviare su TuDime alla volta?<\/span><br \/>\n<\/strong><br \/>\nPuoi inviare 50 immagini su TuDime alla volta.<\/p>\n<p><strong><span style=\"color: #0e93cc;\">14. Le chiamate su TuDime sono davvero gratuite?<\/span><br \/>\n<\/strong><br \/>\nS\u00ec. Le chiamate audio e video da App ad App sono gratuite durante i primi 30 giorni di prova. Tuttavia, TuDime ha anche TuDime CAN (Call Any Number), il che significa che gli utenti non TuDime vengono pagati.<\/p>\n<p><strong><span style=\"color: #0e93cc;\">15. Esiste una versione desktop o MAC di TuDime?<\/span><br \/>\n<\/strong><br \/>\nNo non ora. Sar\u00e0 presto disponibile in una versione successiva.<\/p>\n<p><strong><span style=\"color: #0e93cc;\">16. Posso usare TuDime su un iPad o un iPod Touch?<\/span><br \/>\n<\/strong><br \/>\nQuesta funzionalit\u00e0 arriver\u00e0 presto\u2026<\/p>\n<p><strong><span style=\"color: #0e93cc;\">17. Posso eliminare i messaggi inviati con TuDime?<\/span><br \/>\n<\/strong><br \/>\nS\u00ec. I messaggi possono essere cancellati con TuDime. Spetta all&#8217;utente decidere in che modo eliminare o meno i messaggi significhi eliminare i messaggi dal lato dell&#8217;utente o anche dal lato del destinatario.<\/p>\n<p><strong><span style=\"color: #0e93cc;\">18. Posso modificare i messaggi inviati con TuDime?<\/span><br \/>\n<\/strong><br \/>\nS\u00ec. I messaggi possono essere modificati. Fai clic a lungo sul messaggio che desideri modificare e scegli l&#8217;opzione di modifica da l\u00ec. Quindi puoi facilmente inviare nuovamente il tuo messaggio modificato.<\/p>\n<p><strong><span style=\"color: #0e93cc;\">19. TuDime riduce la durata della batteria?<\/span><br \/>\n<\/strong><br \/>\nTuDime \u00e8 un&#8217;applicazione leggera e di solito non consuma molta batteria. Non diminuisce la durata della batteria. Tuttavia, tieni presente che la durata della batteria dipende anche dalle funzionalit\u00e0 e dal livello di luminosit\u00e0 del tuo dispositivo.<\/p>\n<p><strong><span style=\"color: #0e93cc;\">20. Cosa sono le &#8220;eCard&#8221; in TuDime?<\/span><br \/>\n<\/strong><br \/>\nTuDime facilita la selezione, la personalizzazione e la condivisione di fantastici biglietti di auguri dal tuo telefono con altri utenti TuDime o altri tramite e-mail, Facebook, Twitter, Messenger, WhatsApp, ecc&#8230; Troverai una carta perfetta per un momento particolare dalla sezione TuDime eCards a portata di mano: carte che funzioner\u00e0 per ogni chi, cosa, dove e quando nella tua pazza vita. Puoi sempre personalizzare i biglietti come puoi fare nei biglietti di auguri reali: aggiungendo la tua nota\/foto e puoi persino aggiungere la tua firma e un messaggio vocale. Questa funzione ha anche una funzione di traduzione integrata con testo digitato o parole pronunciate e si tradurr\u00e0 istantaneamente in 15 delle lingue pi\u00f9 popolari al mondo.<\/p>\n<p><strong><span style=\"color: #0e93cc;\">21. L&#8217;invio di eCard su TuDime \u00e8 gratuito?<\/span><br \/>\n<\/strong><br \/>\nS\u00ec. L&#8217;invio di eCard TuDime \u00e8 gratuito per gli utenti TuDime.<\/p>\n<p><strong><span style=\"color: #0e93cc;\">22. Come bloccare una persona su TuDime?<\/span><br \/>\n<\/strong><br \/>\nIn una pagina di chat, troverai un&#8217;icona (tre icone punteggiate verticali) fai clic su di essa, c&#8217;\u00e8 un&#8217;opzione per bloccare la persona. Una volta cliccato su quello sarai in grado di non ricevere alcun messaggio da quella persona. E l&#8217;elenco delle persone bloccate, puoi vedere su Impostazioni -&gt; Conti -&gt; Privacy -&gt; Blocca gli utenti.<\/p>\n<p><strong><span style=\"color: #0e93cc;\">23. Perch\u00e9 i miei adesivi TuDime non possono essere scaricati?<\/span><br \/>\n<\/strong><br \/>\n\u00c8 disponibile solo dopo averlo acquistato. Cerca le opzioni di pagamento per pagare e scarica i fantastici adesivi!<\/p>\n<p><strong><span style=\"color: #0e93cc;\">24. Dimensione massima dei file allegati con TuDime?<\/span><br \/>\n<\/strong><br \/>\nLa dimensione massima sar\u00e0 di 10 mb. Se un utente tenta di inviare file di dimensioni superiori a 10 MB, l&#8217;utente non sar\u00e0 in grado di inviare tali file tramite TuDime.<\/p>\n<p><strong><span style=\"color: #0e93cc;\">25. Come controllare le tariffe delle chiamate CAN (Call Any Number) di TuDime?<\/span><br \/>\n<\/strong><br \/>\nPer verificare le tariffe di TuDime Out Call, fare clic qui.<\/p>\n<p><strong><span style=\"color: #0e93cc;\">26. Perch\u00e9 TuDime non riconosce i miei contatti come utenti TuDime?<\/span><br \/>\n<\/strong><br \/>\nAlcuni elenchi di contatti del dispositivo non sono accessibili da un&#8217;app di terze parti. Vai alle impostazioni del telefono e consenti la condivisione dei contatti per l&#8217;applicazione TuDime.<\/p>\n<p><strong><span style=\"color: #0e93cc;\">27. Che cos&#8217;\u00e8 Incontri in TuDime?<\/span><br \/>\n<\/strong><br \/>\nIncontri nell&#8217;app TuDime \u00e8 una fantastica funzione di appuntamenti che consente a un individuo di cercare una corrispondenza specificata specificando et\u00e0, sesso, posizione e altre specifiche importanti. La funzione Incontri consente alle persone di condividere carte regalo, chattare messaggi e mostrare interesse per alcuni profili. \u00c8 un modo sicuro per impressionare l&#8217;interesse per il profilo di qualcuno e tutti i dati\/chat\/regali sono protetti e mantenuti a un alto livello di privacy.<br \/>\n\u00c8 una funzionalit\u00e0 opzionale e si pu\u00f2 optare per l&#8217;esecuzione dell&#8217;app per la prima volta dopo l&#8217;installazione. Questo \u00e8 solo per la fascia di et\u00e0 dai 18 anni in su. Questa funzione dovrebbe essere rilasciata intorno a gennaio del 2023.<\/p>\n<p><strong><span style=\"color: #0e93cc;\">28. Come riattivare il mio vecchio account TuDime?<\/span><br \/>\n<\/strong><br \/>\nSe hai gi\u00e0 eliminato il tuo account, quando proverai ad accedere nuovamente da quello, nella pagina di verifica TuDime rilever\u00e0 che il tuo account \u00e8 gi\u00e0 stato eliminato. Quindi da l\u00ec ti porter\u00e0 alla pagina per abilitare o riattivare il tuo account quando fai clic sul pulsante &#8220;Continua&#8221;. Quindi prima abilita il tuo account, dopodich\u00e9 puoi utilizzare facilmente le funzionalit\u00e0 di TuDime.<br \/>\nPuoi anche ripristinare tutti i tuoi vecchi messaggi alla riattivazione confermando di scaricare l&#8217;opzione del vecchio messaggio nella pagina di riattivazione.<\/p>\n<p><strong><span style=\"color: #0e93cc;\">29. Come inviare una richiesta a una persona su TuDime Encounters?<\/span><br \/>\n<\/strong><br \/>\nC&#8217;\u00e8 un&#8217;icona a forma di CUORE sotto l&#8217;immagine. Fare clic su quello e verr\u00e0 inviata una richiesta a quella persona. Quella richiesta verr\u00e0 mostrata sulla pagina INVITIS di quella persona su Encounters. Puoi anche inviare un massimo di 3 messaggi alla persona che ti interessa per aiutarti a farle capire meglio e se ancora quella persona non accetta la tua proposta allora sar\u00e0 uno spam e non condividerai pi\u00f9 il tuo interesse con quella persona. Nel caso in cui inizi a ricevere messaggi dall&#8217;altra parte, ci\u00f2 sar\u00e0 considerato come se entrambi vi conosceste e quindi potete continuare a continuare i messaggi.<\/p>\n<p><strong><span style=\"color: #0e93cc;\">30. Come accettare la richiesta di amicizia dagli incontri di TuDime?<\/span><br \/>\n<\/strong><br \/>\nSe qualcuno ti invia una richiesta di amicizia, questa verr\u00e0 mostrata nella pagina INVITIS on TuDime Encounters. L\u00ec otterrai il pulsante Accetta o rifiuta. E puoi vedere il profilo della persona cliccando sul suo nome.<\/p>\n<p><strong><span style=\"color: #0e93cc;\">31. Come posso eliminare il mio account TuDime?<\/span><br \/>\n<\/strong><br \/>\nIn Impostazioni troverai un&#8217;opzione Disabilita account. Basta fare clic su quello, il tuo account verr\u00e0 eliminato. Quindi non puoi riaprire il tuo account con lo stesso numero di cellulare o indirizzo email. Per utilizzare TuDime devi prima abilitare il tuo account o devi accedere con un numero o e-mail diverso per creare il tuo account diverso.<\/p>\n<p><strong><span style=\"color: #0e93cc;\">32. Le chiamate da App a App TuDime sono gratuite o ci sono costi nascosti?<\/span><br \/>\n<\/strong><br \/>\nTuDime \u00e8 completamente gratuito durante i primi 30 giorni di prova dopo la registrazione. Dopodich\u00e9, \u00e8 di $ 19,99 USD all&#8217;anno (chiamate CAN TuDime escluse). Se l&#8217;utente registrato si iscrive come abbonato a pagamento entro i primi 15 giorni di calendario, godr\u00e0 di uno sconto del 25%, portando il totale a soli $ 14,99 per quell&#8217;anno di registrazione.<br \/>\n<\/p>","protected":false},"excerpt":{"rendered":"<p>1. Cos&#8217;\u00e8 TuDime? La descrizione ufficiale sarebbe che TuDime \u00e8 un&#8217;app di chat per inviare messaggi di testo, inviare foto, video, file, condividere posizioni\/informazioni di contatto\/doodle ecc., app per chiamate audio\/video, app per telefono\/telefono fisso utilizzando la funzione di chiamata [&hellip;]<\/p>\n","protected":false},"author":1,"featured_media":113,"parent":0,"menu_order":0,"comment_status":"closed","ping_status":"closed","template":"","meta":{"footnotes":""},"class_list":["post-25","page","type-page","status-publish","has-post-thumbnail","hentry"],"_links":{"self":[{"href":"https:\/\/tudime.riversidemedi-cal.com\/it\/wp-json\/wp\/v2\/pages\/25"}],"collection":[{"href":"https:\/\/tudime.riversidemedi-cal.com\/it\/wp-json\/wp\/v2\/pages"}],"about":[{"href":"https:\/\/tudime.riversidemedi-cal.com\/it\/wp-json\/wp\/v2\/types\/page"}],"author":[{"embeddable":true,"href":"https:\/\/tudime.riversidemedi-cal.com\/it\/wp-json\/wp\/v2\/users\/1"}],"replies":[{"embeddable":true,"href":"https:\/\/tudime.riversidemedi-cal.com\/it\/wp-json\/wp\/v2\/comments?post=25"}],"version-history":[{"count":55,"href":"https:\/\/tudime.riversidemedi-cal.com\/it\/wp-json\/wp\/v2\/pages\/25\/revisions"}],"predecessor-version":[{"id":1447,"href":"https:\/\/tudime.riversidemedi-cal.com\/it\/wp-json\/wp\/v2\/pages\/25\/revisions\/1447"}],"wp:featuredmedia":[{"embeddable":true,"href":"https:\/\/tudime.riversidemedi-cal.com\/it\/wp-json\/wp\/v2\/media\/113"}],"wp:attachment":[{"href":"https:\/\/tudime.riversidemedi-cal.com\/it\/wp-json\/wp\/v2\/media?parent=25"}],"curies":[{"name":"wp","href":"https:\/\/api.w.org\/{rel}","templated":true}]}}