{"id":916,"date":"2022-12-21T06:18:53","date_gmt":"2022-12-21T06:18:53","guid":{"rendered":"https:\/\/tudime.com\/?page_id=916"},"modified":"2024-07-14T13:40:12","modified_gmt":"2024-07-14T13:40:12","slug":"about","status":"publish","type":"page","link":"https:\/\/tudime.riversidemedi-cal.com\/fr\/about\/","title":{"rendered":"\u00c0 propos"},"content":{"rendered":"<p><\/p>\n<h2><strong>\u00c9nonc\u00e9 de la mission TuDime<\/strong><\/h2>\n<ul>\n<li>Fournir la meilleure chance de pr\u00e9sence sociale qui renforce l&rsquo;identit\u00e9 et assure et, esp\u00e9rons-le, d\u00e9passe les attentes des utilisateurs.<\/li>\n<li>Avoir du personnel de TuDime qui s&rsquo;engage \u00e0 fournir un travail de qualit\u00e9 dans le but ultime de fournir aux utilisateurs du monde entier la meilleure application de chat de tous les temps.<\/li>\n<li>Am\u00e9liorer la satisfaction client<\/li>\n<li>Engag\u00e9 \u00e0 promouvoir une communication \u00e9thique, responsable et efficace.<\/li>\n<li>S&rsquo;efforcer de fournir une application de communication S\u00dbRE et S\u00c9CURIS\u00c9E \u00e0 tous les utilisateurs.<\/li>\n<li>Pour mieux connecter la population mondiale afin de cr\u00e9er un environnement communautaire mondial plus heureux.<\/li>\n<li>Pour d\u00e9courager et, esp\u00e9rons-le, emp\u00eacher les utilisateurs de TuDime de la haine, du m\u00e9contentement, de l&rsquo;intimidation, de la pornographie, de l&rsquo;exploitation des autres, de la traite des \u00eatres humains, de l&rsquo;exploitation sexuelle, du terrorisme et d&rsquo;autres infractions criminelles lors de l&rsquo;utilisation de cette application.<\/li>\n<li>Pour continuer \u00e0 \u00eatre ouvert aux suggestions et aux id\u00e9es des utilisateurs de TuDime dans la qu\u00eate sans fin pour fournir au monde la meilleure application de chat.<\/li>\n<\/ul>\n<p><\/p>","protected":false},"excerpt":{"rendered":"<p>\u00c9nonc\u00e9 de la mission TuDime Fournir la meilleure chance de pr\u00e9sence sociale qui renforce l&rsquo;identit\u00e9 et assure et, esp\u00e9rons-le, d\u00e9passe les attentes des utilisateurs. Avoir du personnel de TuDime qui s&rsquo;engage \u00e0 fournir un travail de qualit\u00e9 dans le but [&hellip;]<\/p>\n","protected":false},"author":1,"featured_media":0,"parent":0,"menu_order":0,"comment_status":"closed","ping_status":"closed","template":"","meta":{"footnotes":""},"class_list":["post-916","page","type-page","status-publish","hentry"],"_links":{"self":[{"href":"https:\/\/tudime.riversidemedi-cal.com\/fr\/wp-json\/wp\/v2\/pages\/916"}],"collection":[{"href":"https:\/\/tudime.riversidemedi-cal.com\/fr\/wp-json\/wp\/v2\/pages"}],"about":[{"href":"https:\/\/tudime.riversidemedi-cal.com\/fr\/wp-json\/wp\/v2\/types\/page"}],"author":[{"embeddable":true,"href":"https:\/\/tudime.riversidemedi-cal.com\/fr\/wp-json\/wp\/v2\/users\/1"}],"replies":[{"embeddable":true,"href":"https:\/\/tudime.riversidemedi-cal.com\/fr\/wp-json\/wp\/v2\/comments?post=916"}],"version-history":[{"count":15,"href":"https:\/\/tudime.riversidemedi-cal.com\/fr\/wp-json\/wp\/v2\/pages\/916\/revisions"}],"predecessor-version":[{"id":1444,"href":"https:\/\/tudime.riversidemedi-cal.com\/fr\/wp-json\/wp\/v2\/pages\/916\/revisions\/1444"}],"wp:attachment":[{"href":"https:\/\/tudime.riversidemedi-cal.com\/fr\/wp-json\/wp\/v2\/media?parent=916"}],"curies":[{"name":"wp","href":"https:\/\/api.w.org\/{rel}","templated":true}]}}