{"id":25,"date":"2017-08-04T10:25:49","date_gmt":"2017-08-04T10:25:49","guid":{"rendered":"http:\/\/localhost\/tudimes\/?page_id=25"},"modified":"2024-07-14T13:47:42","modified_gmt":"2024-07-14T13:47:42","slug":"faq","status":"publish","type":"page","link":"https:\/\/tudime.riversidemedi-cal.com\/fr\/faq\/","title":{"rendered":"FAQ"},"content":{"rendered":"<p><strong><span style=\"color: #0e93cc;\">1. Qu&rsquo;est-ce que TuDime ?<\/span><br \/>\n<\/strong><br \/>\nLa description officielle serait que TuDime est une application de chat pour envoyer des messages texte, envoyer des images, des vid\u00e9os, des fichiers, partager des emplacements\/coordonn\u00e9es\/doodle, etc. qui est la meilleure et la plus caract\u00e9ristique de l&rsquo;application offrant les tarifs d&rsquo;appel les moins chers \u00e0 travers le monde. De plus, TuDime a des fonctionnalit\u00e9s impressionnantes comme Rencontres &#8211; qui est une version avanc\u00e9e des exigences de rencontres, eCards &#8211; qui facilite l&rsquo;envoi d&rsquo;expression \u00e0 quelqu&rsquo;un de sp\u00e9cial pour qu&rsquo;il se sente sp\u00e9cial en saluant avec de superbes cartes de v\u0153ux \u00e9lectroniques et bien d&rsquo;autres\u2026<\/p>\n<p><strong><span style=\"color: #0e93cc;\">2. Comment installer TuDime ?<\/span><br \/>\n<\/strong><br \/>\nVous pouvez installer l&rsquo;application depuis Google Play Store ou Apple Store. Trouvez l&rsquo;application sur Google Play Store ou Apple Store et installez-la \u00e0 partir de l\u00e0. Il s&rsquo;installera automatiquement sur l&rsquo;appareil mobile. TuDime est gratuit pour tout le monde pendant les 30 premiers jours calendaires apr\u00e8s l&rsquo;inscription.<\/p>\n<p><strong><span style=\"color: #0e93cc;\">3. Est-ce que TuDime inclut des publicit\u00e9s ?<\/span><br \/>\n<\/strong><br \/>\nNon.<\/p>\n<p><strong><span style=\"color: #0e93cc;\">4. Quels appareils ne sont pas pris en charge ?<\/span><br \/>\n<\/strong><br \/>\nTuDime prend en charge les t\u00e9l\u00e9phones portables et tablettes iPhone et Android. Les t\u00e9l\u00e9phones Blackberry ne sont pas pris en charge.<\/p>\n<p><strong><span style=\"color: #0e93cc;\">5. Puis-je installer TuDime sur mon BlackBerry ?<\/span><\/strong><\/p>\n<p>Non. TuDime ne prend pas en charge les appareils BlackBerry.<\/p>\n<p><strong><span style=\"color: #0e93cc;\">6. Je n&rsquo;ai pas re\u00e7u mon code d&rsquo;acc\u00e8s d&rsquo;enregistrement sur mon t\u00e9l\u00e9phone ou par e-mail. Que puis-je faire?<br \/>\n<\/span><\/strong><br \/>\nCela peut \u00eatre d\u00fb \u00e0 une connexion Internet lente ou \u00e0 une indisponibilit\u00e9 d&rsquo;Internet.<br \/>\nVous pouvez cliquer sur \u00ab\u00a0envoyer \u00e0 nouveau le code\u00a0\u00bb. TuDime vous enverra \u00e0 nouveau le code d&rsquo;acc\u00e8s.<\/p>\n<p><strong><span style=\"color: #0e93cc;\">7. Pourquoi ne puis-je pas utiliser TuDime sur certains r\u00e9seaux Wi-Fi ?<\/span><br \/>\n<\/strong><br \/>\nVous pouvez utiliser TuDime sur tous les r\u00e9seaux Wifi mais il doit avoir une bonne vitesse. \u00c0 tr\u00e8s basse vitesse, il ne fonctionnera pas correctement. Pour utiliser TuDime, vous avez besoin d&rsquo;Internet haut d\u00e9bit.<\/p>\n<p><strong><span style=\"color: #0e93cc;\">8. Les donn\u00e9es de chat sont-elles en s\u00e9curit\u00e9 avec TuDime ?<\/span><br \/>\n<\/strong><br \/>\nOui. C&rsquo;est compl\u00e8tement s\u00fbr. Personne ne peut pirater vos donn\u00e9es de chat. Le chat TuDime est crypt\u00e9 de bout en bout, ce qui signifie que TuDime ne stocke pas vos textes ou autres informations envoy\u00e9es dans un chat dans une base de donn\u00e9es. Votre chat TuDime est sauvegard\u00e9 automatiquement. Toutefois, si vous souhaitez enregistrer votre chat sur une autre source, nous vous recommandons de sauvegarder votre historique de chat sur un compte tiers, tel que Google Cloud.<\/p>\n<p><strong><span style=\"color: #0e93cc;\">9. Qu&rsquo;est-ce que le chiffrement de bout en bout dans TuDime ?<\/span><br \/>\n<\/strong><br \/>\nLe chiffrement de bout en bout est une technologie qui maintient le contenu que vous partagez priv\u00e9 et s\u00e9curis\u00e9, d&rsquo;un point de terminaison (comme votre t\u00e9l\u00e9phone) \u00e0 un autre (comme le t\u00e9l\u00e9phone de la personne \u00e0 qui vous parlez). Le contenu que vous partagez sera illisible s&rsquo;il est intercept\u00e9 en transit. Personne ne peut lire vos messages depuis le Cloud. M\u00eame le personnel de TuDime n&rsquo;est pas en mesure de lire vos messages crypt\u00e9s. Cela signifie que vos donn\u00e9es voyagent sur le r\u00e9seau dans un format crypt\u00e9. C&rsquo;est ce qu&rsquo;on appelle le \u00ab cryptage de bout en bout \u00bb.<\/p>\n<p><strong><span style=\"color: #0e93cc;\">10. Puis-je envoyer des SMS et passer des appels vid\u00e9o avec TuDime ?<\/span><br \/>\n<\/strong><br \/>\nOui. TuDime est une application de chat. Vous pouvez envoyer le message texte ou le chat vid\u00e9o \u00e0 n&rsquo;importe lequel de vos amis s&rsquo;il est \u00e9galement un utilisateur de TuDime. L&rsquo;envoi de SMS de groupe est \u00e9galement disponible jusqu&rsquo;\u00e0 300 utilisateurs. Les appels vid\u00e9o de groupe peuvent \u00eatre pass\u00e9s avec jusqu&rsquo;\u00e0 5 utilisateurs TuDime diff\u00e9rents \u00e0 la fois. Apr\u00e8s janvier 2023, TuDime esp\u00e8re ajouter pour pouvoir discuter en vid\u00e9o avec au moins 10 utilisateurs diff\u00e9rents en m\u00eame temps.<\/p>\n<p><strong><span style=\"color: #0e93cc;\">11. Puis-je avoir le m\u00eame compte TuDime sur deux appareils diff\u00e9rents ?<\/span><br \/>\n<\/strong><br \/>\nNON.<\/p>\n<p><strong><span style=\"color: #0e93cc;\">12. La qualit\u00e9 sonore de TuDime est-elle bonne ?<\/span><br \/>\n<\/strong><br \/>\nLa qualit\u00e9 sonore sur TuDime est excellente. C&rsquo;est l&rsquo;une des nombreuses fonctionnalit\u00e9s int\u00e9ressantes de l&rsquo;application.<\/p>\n<p><strong><span style=\"color: #0e93cc;\">13. Combien d&rsquo;images puis-je envoyer sur TuDime \u00e0 la fois ?<\/span><br \/>\n<\/strong><br \/>\nVous pouvez envoyer 50 images sur TuDime \u00e0 la fois.<\/p>\n<p><strong><span style=\"color: #0e93cc;\">14. Les appels sur TuDime sont-ils vraiment gratuits ?<\/span><br \/>\n<\/strong><br \/>\nOui. Les appels audio et vid\u00e9o d&rsquo;application \u00e0 application sont gratuits pendant la premi\u00e8re p\u00e9riode d&rsquo;essai de 30 jours. Cependant, TuDime a \u00e9galement TuDime CAN (Call Any Number), ce qui signifie que les utilisateurs non TuDime sont pay\u00e9s.<\/p>\n<p><strong><span style=\"color: #0e93cc;\">15. Existe-t-il une version Desktop ou MAC de TuDime ?<\/span><br \/>\n<\/strong><br \/>\nNon pas maintenant. Il sera bient\u00f4t disponible dans une version ult\u00e9rieure.<\/p>\n<p><strong><span style=\"color: #0e93cc;\">16. Puis-je utiliser TuDime sur un iPad ou un iPod Touch ?<\/span><br \/>\n<\/strong><br \/>\nCette fonctionnalit\u00e9 sera bient\u00f4t disponible\u2026<\/p>\n<p><strong><span style=\"color: #0e93cc;\">17. Puis-je supprimer les messages envoy\u00e9s avec TuDime ?<\/span><br \/>\n<\/strong><br \/>\nOui. Les messages peuvent \u00eatre supprim\u00e9s avec TuDime. C&rsquo;est \u00e0 l&rsquo;utilisateur de d\u00e9cider comment supprimer ou non les messages signifie supprimer les messages du c\u00f4t\u00e9 de l&rsquo;utilisateur ou du c\u00f4t\u00e9 du destinataire \u00e9galement.<\/p>\n<p><strong><span style=\"color: #0e93cc;\">18. Puis-je modifier les messages envoy\u00e9s avec TuDime ?<\/span><br \/>\n<\/strong><br \/>\nOui. Les messages peuvent \u00eatre modifi\u00e9s. Cliquez longuement sur le message que vous souhaitez modifier et choisissez l&rsquo;option de modification \u00e0 partir de l\u00e0. Ensuite, vous pouvez facilement renvoyer votre message modifi\u00e9.<\/p>\n<p><strong><span style=\"color: #0e93cc;\">19. Est-ce que TuDime diminue la dur\u00e9e de vie de la batterie ?<\/span><br \/>\n<\/strong><br \/>\nTuDime est une application l\u00e9g\u00e8re, et elle ne consomme g\u00e9n\u00e9ralement pas beaucoup de batterie. Cela ne diminue pas la dur\u00e9e de vie de la batterie. Cependant, gardez \u00e0 l&rsquo;esprit que l&rsquo;autonomie de la batterie d\u00e9pend \u00e9galement des fonctionnalit\u00e9s et du niveau de luminosit\u00e9 de votre appareil.<\/p>\n<p><strong><span style=\"color: #0e93cc;\">20. Que sont les \u00ab\u00a0cartes \u00e9lectroniques\u00a0\u00bb dans TuDime ?<\/span><br \/>\n<\/strong><br \/>\nTuDime facilite la s\u00e9lection, la personnalisation et le partage de superbes cartes de v\u0153ux depuis votre t\u00e9l\u00e9phone avec d&rsquo;autres utilisateurs de TuDime ou d&rsquo;autres via e-mail, Facebook, Twitter, Messenger, WhatsApp, etc. Vous trouverez une carte parfaite pour un moment particulier dans la section TuDime eCards \u00e0 port\u00e9e de main\u2014cartes cela fonctionnera pour tous qui, quoi, o\u00f9 et quand dans votre vie folle. Vous pouvez toujours personnaliser les cartes comme vous pouvez le faire dans de vraies cartes de v\u0153ux : ajouter votre propre note\/photo, et vous pouvez m\u00eame ajouter votre propre signature et un message vocal. Cette fonctionnalit\u00e9 dispose \u00e9galement d&rsquo;une fonction de traduction int\u00e9gr\u00e9e avec du texte dactylographi\u00e9 ou des mots parl\u00e9s et elle se traduira instantan\u00e9ment dans 15 des langues les plus populaires au monde.<\/p>\n<p><strong><span style=\"color: #0e93cc;\">21. L&rsquo;envoi de cartes virtuelles est-il gratuit sur TuDime ?<\/span><br \/>\n<\/strong><br \/>\nOui. L&rsquo;envoi de cartes \u00e9lectroniques TuDime est gratuit pour les utilisateurs de TuDime.<\/p>\n<p><strong><span style=\"color: #0e93cc;\">22. Comment bloquer une personne sur TuDime ?<\/span><br \/>\n<\/strong><br \/>\nSur une page de chat, vous trouverez une ic\u00f4ne (ic\u00f4ne \u00e0 trois points verticaux), cliquez dessus, il y a une option pour bloquer la personne. Lorsque vous cliquez dessus, vous pourrez ne recevoir aucun message de cette personne. Et la liste des personnes bloqu\u00e9es, vous pouvez voir sur Param\u00e8tres -&gt; Comptes -&gt; Confidentialit\u00e9 -&gt; Bloquer les utilisateurs.<\/p>\n<p><strong><span style=\"color: #0e93cc;\">23. Pourquoi mes autocollants TuDime ne peuvent-ils pas \u00eatre t\u00e9l\u00e9charg\u00e9s ?<\/span><br \/>\n<\/strong><br \/>\nIl n&rsquo;est disponible qu&rsquo;apr\u00e8s l&rsquo;avoir achet\u00e9. Veuillez rechercher les options de paiement pour payer et t\u00e9l\u00e9charger les superbes autocollants !<\/p>\n<p><strong><span style=\"color: #0e93cc;\">24. Taille maximale des fichiers joints avec TuDime ?<\/span><br \/>\n<\/strong><br \/>\nLa taille maximale sera de 10 Mo. Si un utilisateur essaie d&rsquo;envoyer des fichiers de plus de 10 Mo, l&rsquo;utilisateur ne pourra pas envoyer ces fichiers via TuDime.<\/p>\n<p><strong><span style=\"color: #0e93cc;\">25. Comment v\u00e9rifier les tarifs d&rsquo;appel TuDime CAN (Call Any Number) ?<\/span><br \/>\n<\/strong><br \/>\nPour v\u00e9rifier les tarifs TuDime Out Call, veuillez cliquer ici.<\/p>\n<p><strong><span style=\"color: #0e93cc;\">26. Pourquoi TuDime ne reconna\u00eet-il pas mes contacts en tant qu&rsquo;utilisateurs de TuDime ?<\/span><br \/>\n<\/strong><br \/>\nCertaines listes de contacts de l&rsquo;appareil ne sont pas accessibles par une application tierce. Veuillez acc\u00e9der aux param\u00e8tres du t\u00e9l\u00e9phone et autoriser le partage de contacts pour l&rsquo;application TuDime.<\/p>\n<p><strong><span style=\"color: #0e93cc;\">27. Qu&rsquo;est-ce que Rencontres dans TuDime ?<\/span><br \/>\n<\/strong><br \/>\nRencontres dans l&rsquo;application TuDime est une fonctionnalit\u00e9 de rencontres g\u00e9niale qui permet \u00e0 un individu de rechercher une correspondance sp\u00e9cifi\u00e9e en pr\u00e9cisant l&rsquo;\u00e2ge, le sexe, l&#8217;emplacement et d&rsquo;autres sp\u00e9cifications importantes. La fonction Rencontres permet aux individus de partager des cartes-cadeaux, des messages de chat et de montrer leur int\u00e9r\u00eat pour certains profils. C&rsquo;est un moyen s\u00e9curis\u00e9 d&rsquo;impressionner l&rsquo;int\u00e9r\u00eat pour le profil de quelqu&rsquo;un et toutes les donn\u00e9es\/chats\/cadeaux sont s\u00e9curis\u00e9s et conserv\u00e9s \u00e0 un niveau \u00e9lev\u00e9 de confidentialit\u00e9.<br \/>\nIl s&rsquo;agit d&rsquo;une fonctionnalit\u00e9 facultative et on peut l&rsquo;opter au moment de l&rsquo;ex\u00e9cution de l&rsquo;application pour la premi\u00e8re fois apr\u00e8s l&rsquo;avoir install\u00e9e. Ceci est uniquement pour le groupe d&rsquo;\u00e2ge de 18 ans et plus. Cette fonctionnalit\u00e9 devrait \u00eatre publi\u00e9e vers janvier 2023.<\/p>\n<p><strong><span style=\"color: #0e93cc;\">28. Comment r\u00e9activer mon ancien compte TuDime ?<\/span><br \/>\n<\/strong><br \/>\nSi vous avez d\u00e9j\u00e0 supprim\u00e9 votre compte, lorsque vous essayez de vous reconnecter \u00e0 partir de celui-ci, sur la page de v\u00e9rification, TuDime d\u00e9tectera que votre compte a d\u00e9j\u00e0 \u00e9t\u00e9 supprim\u00e9. Ainsi, \u00e0 partir de l\u00e0, vous serez redirig\u00e9 vers la page pour activer ou r\u00e9activer votre compte lorsque vous cliquerez sur le bouton \u00ab\u00a0Continuer\u00a0\u00bb. Activez donc d&rsquo;abord votre compte apr\u00e8s quoi vous pourrez utiliser facilement les fonctionnalit\u00e9s de TuDime.<br \/>\nVous pouvez \u00e9galement restaurer tous vos anciens messages lors de la r\u00e9activation en confirmant le t\u00e9l\u00e9chargement de l&rsquo;option d&rsquo;anciens messages sur la page de r\u00e9activation.<\/p>\n<p><strong><span style=\"color: #0e93cc;\">29. Comment envoyer une demande \u00e0 une personne sur TuDime Encounters ?<\/span><br \/>\n<\/strong><br \/>\nIl y a une ic\u00f4ne en forme de C\u0152UR sous l&rsquo;image. Cliquez dessus et une demande sera envoy\u00e9e \u00e0 cette personne. Cette demande sera affich\u00e9e sur la page INVITATIONS de cette personne sur Rencontres. Vous pouvez \u00e9galement envoyer un maximum de 3 messages \u00e0 la personne qui vous int\u00e9resse pour vous aider \u00e0 mieux vous comprendre et si cette personne n&rsquo;accepte toujours pas votre proposition, ce sera un spam et vous ne partagerez plus votre int\u00e9r\u00eat avec cette personne. Si vous commencez \u00e0 recevoir des messages de l&rsquo;autre c\u00f4t\u00e9, cela sera consid\u00e9r\u00e9 comme si vous vous connaissiez tous les deux et vous pourrez alors continuer \u00e0 envoyer des messages.<\/p>\n<p><strong><span style=\"color: #0e93cc;\">30. Comment accepter la demande d&rsquo;ami des rencontres TuDime ?<\/span><br \/>\n<\/strong><br \/>\nSi quelqu&rsquo;un vous envoie une demande d&rsquo;ami, elle s&rsquo;affichera sur la page INVITATIONS sur les rencontres TuDime. L\u00e0, vous obtiendrez le bouton Accepter ou rejeter. Et vous pouvez voir le profil de la personne en cliquant sur son nom.<\/p>\n<p><strong><span style=\"color: #0e93cc;\">31. Comment puis-je supprimer mon compte TuDime ?<\/span><br \/>\n<\/strong><br \/>\nDans Param\u00e8tres, vous trouverez une option D\u00e9sactiver le compte. Cliquez simplement dessus, votre compte sera supprim\u00e9. Ensuite, vous ne pouvez pas rouvrir votre compte avec le m\u00eame num\u00e9ro de t\u00e9l\u00e9phone portable ou la m\u00eame adresse e-mail. Pour utiliser TuDime, vous devez d&rsquo;abord activer votre compte ou vous connecter avec un num\u00e9ro ou un e-mail diff\u00e9rent pour cr\u00e9er votre autre compte.<\/p>\n<p><strong><span style=\"color: #0e93cc;\">32. Les appels TuDime App to App sont-ils gratuits ou y a-t-il des frais cach\u00e9s ?<\/span><br \/>\n<\/strong><br \/>\nTuDime est enti\u00e8rement gratuit pendant la premi\u00e8re p\u00e9riode d&rsquo;essai de 30 jours apr\u00e8s l&rsquo;inscription. Apr\u00e8s cela, c&rsquo;est 19,99 USD par an (appels TuDime CAN exclus). Si l&rsquo;utilisateur enregistr\u00e9 s&rsquo;inscrit en tant qu&rsquo;abonn\u00e9 payant dans les 15 premiers jours civils, l&rsquo;utilisateur b\u00e9n\u00e9ficiera d&rsquo;une remise de 25 %, ce qui porte le total \u00e0 seulement 14,99 $ par ann\u00e9e d&rsquo;inscription.<br \/>\n<\/p>","protected":false},"excerpt":{"rendered":"<p>1. Qu&rsquo;est-ce que TuDime ? La description officielle serait que TuDime est une application de chat pour envoyer des messages texte, envoyer des images, des vid\u00e9os, des fichiers, partager des emplacements\/coordonn\u00e9es\/doodle, etc. qui est la meilleure et la plus caract\u00e9ristique [&hellip;]<\/p>\n","protected":false},"author":1,"featured_media":113,"parent":0,"menu_order":0,"comment_status":"closed","ping_status":"closed","template":"","meta":{"footnotes":""},"class_list":["post-25","page","type-page","status-publish","has-post-thumbnail","hentry"],"_links":{"self":[{"href":"https:\/\/tudime.riversidemedi-cal.com\/fr\/wp-json\/wp\/v2\/pages\/25"}],"collection":[{"href":"https:\/\/tudime.riversidemedi-cal.com\/fr\/wp-json\/wp\/v2\/pages"}],"about":[{"href":"https:\/\/tudime.riversidemedi-cal.com\/fr\/wp-json\/wp\/v2\/types\/page"}],"author":[{"embeddable":true,"href":"https:\/\/tudime.riversidemedi-cal.com\/fr\/wp-json\/wp\/v2\/users\/1"}],"replies":[{"embeddable":true,"href":"https:\/\/tudime.riversidemedi-cal.com\/fr\/wp-json\/wp\/v2\/comments?post=25"}],"version-history":[{"count":55,"href":"https:\/\/tudime.riversidemedi-cal.com\/fr\/wp-json\/wp\/v2\/pages\/25\/revisions"}],"predecessor-version":[{"id":1447,"href":"https:\/\/tudime.riversidemedi-cal.com\/fr\/wp-json\/wp\/v2\/pages\/25\/revisions\/1447"}],"wp:featuredmedia":[{"embeddable":true,"href":"https:\/\/tudime.riversidemedi-cal.com\/fr\/wp-json\/wp\/v2\/media\/113"}],"wp:attachment":[{"href":"https:\/\/tudime.riversidemedi-cal.com\/fr\/wp-json\/wp\/v2\/media?parent=25"}],"curies":[{"name":"wp","href":"https:\/\/api.w.org\/{rel}","templated":true}]}}