{"id":916,"date":"2022-12-21T06:18:53","date_gmt":"2022-12-21T06:18:53","guid":{"rendered":"https:\/\/tudime.com\/?page_id=916"},"modified":"2024-07-14T13:40:12","modified_gmt":"2024-07-14T13:40:12","slug":"about","status":"publish","type":"page","link":"https:\/\/tudime.riversidemedi-cal.com\/es\/about\/","title":{"rendered":"Sobre"},"content":{"rendered":"<p><\/p>\n<h2><strong>Declaraci\u00f3n de la misi\u00f3n TuDime<\/strong><\/h2>\n<ul>\n<li>Proporcionar la oportunidad m\u00e1s excelente de presencia social que construya identidad y asegure y, con suerte, supere las expectativas de los usuarios.<\/li>\n<li>Contar con personal de TuDime que est\u00e9 comprometido con un trabajo de calidad con el objetivo final de brindar a los usuarios de todo el mundo la mejor aplicaci\u00f3n de chat jam\u00e1s vista.<\/li>\n<li>Mejorar la satisfacci\u00f3n del cliente<\/li>\n<li>Comprometidos con promover una comunicaci\u00f3n \u00e9tica, responsable y efectiva.<\/li>\n<li>Esforzarse por proporcionar una aplicaci\u00f3n de comunicaci\u00f3n SEGURA y SEGURA a todos los usuarios.<\/li>\n<li>Para conectar mejor a la poblaci\u00f3n mundial para crear un entorno comunitario global m\u00e1s feliz.<\/li>\n<li>Para desalentar y, con suerte, evitar que los usuarios de TuDime odien, descontenten, intimiden, utilicen pornograf\u00eda, se aprovechen de otros, traten de personas, exploten sexualmente, terrorismo y otras infracciones criminales mientras usan esta aplicaci\u00f3n.<\/li>\n<li>Continuar estando abierto a las sugerencias e ideas de los usuarios de TuDime en la b\u00fasqueda interminable para brindarle al mundo la mejor aplicaci\u00f3n de chat.<\/li>\n<\/ul>\n<p><\/p>","protected":false},"excerpt":{"rendered":"<p>Declaraci\u00f3n de la misi\u00f3n TuDime Proporcionar la oportunidad m\u00e1s excelente de presencia social que construya identidad y asegure y, con suerte, supere las expectativas de los usuarios. Contar con personal de TuDime que est\u00e9 comprometido con un trabajo de calidad [&hellip;]<\/p>\n","protected":false},"author":1,"featured_media":0,"parent":0,"menu_order":0,"comment_status":"closed","ping_status":"closed","template":"","meta":{"footnotes":""},"class_list":["post-916","page","type-page","status-publish","hentry"],"_links":{"self":[{"href":"https:\/\/tudime.riversidemedi-cal.com\/es\/wp-json\/wp\/v2\/pages\/916"}],"collection":[{"href":"https:\/\/tudime.riversidemedi-cal.com\/es\/wp-json\/wp\/v2\/pages"}],"about":[{"href":"https:\/\/tudime.riversidemedi-cal.com\/es\/wp-json\/wp\/v2\/types\/page"}],"author":[{"embeddable":true,"href":"https:\/\/tudime.riversidemedi-cal.com\/es\/wp-json\/wp\/v2\/users\/1"}],"replies":[{"embeddable":true,"href":"https:\/\/tudime.riversidemedi-cal.com\/es\/wp-json\/wp\/v2\/comments?post=916"}],"version-history":[{"count":15,"href":"https:\/\/tudime.riversidemedi-cal.com\/es\/wp-json\/wp\/v2\/pages\/916\/revisions"}],"predecessor-version":[{"id":1444,"href":"https:\/\/tudime.riversidemedi-cal.com\/es\/wp-json\/wp\/v2\/pages\/916\/revisions\/1444"}],"wp:attachment":[{"href":"https:\/\/tudime.riversidemedi-cal.com\/es\/wp-json\/wp\/v2\/media?parent=916"}],"curies":[{"name":"wp","href":"https:\/\/api.w.org\/{rel}","templated":true}]}}