{"id":25,"date":"2017-08-04T10:25:49","date_gmt":"2017-08-04T10:25:49","guid":{"rendered":"http:\/\/localhost\/tudimes\/?page_id=25"},"modified":"2024-07-14T13:47:42","modified_gmt":"2024-07-14T13:47:42","slug":"faq","status":"publish","type":"page","link":"https:\/\/tudime.riversidemedi-cal.com\/es\/faq\/","title":{"rendered":"FAQ"},"content":{"rendered":"<p><strong><span style=\"color: #0e93cc;\">1. \u00bfQu\u00e9 es TuDime?<\/span><br \/>\n<\/strong><br \/>\nLa descripci\u00f3n oficial ser\u00eda que TuDime es una aplicaci\u00f3n de chat para enviar mensajes de texto, enviar im\u00e1genes, videos, archivos, compartir ubicaciones\/informaci\u00f3n de contacto\/doodle, etc., llamadas de audio\/video de aplicaci\u00f3n a aplicaci\u00f3n, llamadas de aplicaci\u00f3n a tel\u00e9fono\/l\u00ednea fija usando la funci\u00f3n de llamada de cr\u00e9dito de TuDime que es la mejor y m\u00e1s caracter\u00edstica de la aplicaci\u00f3n que ofrece tarifas de llamadas m\u00e1s baratas en todo el mundo. Adem\u00e1s, TuDime tiene algunas caracter\u00edsticas incre\u00edbles como Encuentros, que es una versi\u00f3n avanzada de los requisitos de citas, tarjetas electr\u00f3nicas, que facilita el env\u00edo de expresiones a alguien especial para que se sienta especial al saludar con incre\u00edbles tarjetas de felicitaci\u00f3n electr\u00f3nicas y muchas m\u00e1s&#8230;<\/p>\n<p><span style=\"color: #0e93cc;\">2. \u00bfC\u00f3mo instalo TuDime?<\/span><\/p>\n<p>Puede instalar la aplicaci\u00f3n desde Google Play Store o Apple Store. Busque la aplicaci\u00f3n en Google Play Store o Apple Store e inst\u00e1lela desde all\u00ed. Se instalar\u00e1 autom\u00e1ticamente en el dispositivo m\u00f3vil. TuDime es gratis para que todos lo usen durante los primeros 30 d\u00edas calendario despu\u00e9s del registro.<\/p>\n<p><strong><span style=\"color: #0e93cc;\">3. \u00bfTuDime incluye anuncios?<\/span><br \/>\n<\/strong><br \/>\nNo, no lo hace.<\/p>\n<p><span style=\"color: #0e93cc;\">4. \u00bfQu\u00e9 dispositivos no son compatibles?<\/span><\/p>\n<p>TuDime es compatible con tel\u00e9fonos m\u00f3viles y tabletas iPhone y Android. Los tel\u00e9fonos Blackberry no son compatibles.<\/p>\n<p><span style=\"color: #0e93cc;\">5. \u00bfPuedo instalar TuDime en mi BlackBerry?<\/span><\/p>\n<p>No. TuDime no es compatible con dispositivos BlackBerry.<\/p>\n<p><strong><span style=\"color: #0e93cc;\">6. No recib\u00ed mi c\u00f3digo de acceso de registro a mi tel\u00e9fono o correo electr\u00f3nico. \u00bfQue puedo hacer?<br \/>\n<\/span><br \/>\nEsto puede deberse a una conexi\u00f3n a Internet lenta o a la falta de disponibilidad de Internet.<br \/>\nPuede hacer clic en &#8220;enviar c\u00f3digo de nuevo&#8221;. TuDime te enviar\u00e1 nuevamente el c\u00f3digo de acceso.<\/strong><\/p>\n<p><strong><span style=\"color: #0e93cc;\">7. \u00bfPor qu\u00e9 no puedo usar TuDime en algunas redes Wi-Fi?<\/span><br \/>\n<\/strong><br \/>\nPuedes usar TuDime en todas las redes Wifi pero debe tener una buena velocidad. A muy baja velocidad no funcionar\u00e1 correctamente. Para usar TuDime necesitas internet de alta velocidad.<\/p>\n<p><strong><span style=\"color: #0e93cc;\">8. \u00bfEst\u00e1n seguros los datos del chat con TuDime?<\/span><br \/>\n<\/strong><br \/>\nS\u00ed. Es completamente seguro. Nadie puede hackear tus datos de chat. El chat de TuDime est\u00e1 encriptado de extremo a extremo, lo que significa que TuDime no almacena sus textos u otra informaci\u00f3n enviada en un chat en una base de datos. Tu chat de TuDime se respalda autom\u00e1ticamente. Sin embargo, si desea guardar su chat en otra fuente, le recomendamos que haga una copia de seguridad de su historial de chat en una cuenta de terceros, como Google Cloud.<\/p>\n<p><strong><span style=\"color: #0e93cc;\">9. \u00bfQu\u00e9 es el cifrado de extremo a extremo en TuDime?<\/span><br \/>\n<\/strong><br \/>\nEl cifrado de extremo a extremo es una tecnolog\u00eda que mantiene el contenido que comparte privado y seguro, desde un extremo (como su tel\u00e9fono) a otro (como el tel\u00e9fono de la persona con la que est\u00e1 hablando). El contenido que comparta ser\u00e1 ilegible si es interceptado en tr\u00e1nsito. Nadie puede leer sus mensajes desde la nube. Ni siquiera el personal de TuDime puede leer tus mensajes cifrados. Eso significa que sus datos viajan a trav\u00e9s de la red en formato encriptado. Esto se conoce como &#8220;cifrado de extremo a extremo&#8221;.<\/p>\n<p><strong><span style=\"color: #0e93cc;\">10. \u00bfPuedo enviar mensajes de texto y realizar videollamadas con TuDime?<\/span><br \/>\n<\/strong><br \/>\nS\u00ed. TuDime es una aplicaci\u00f3n de chat. Puedes enviar el mensaje de texto o video chat a cualquiera de tus amigos si \u00e9l\/ella tambi\u00e9n es usuario de TuDime. Los mensajes de texto grupales tambi\u00e9n est\u00e1n disponibles hasta 300 usuarios. Se pueden realizar videollamadas grupales con hasta 5 usuarios diferentes de TuDime a la vez. Despu\u00e9s de enero de 2023, TuDime espera poder chatear por video con al menos 10 usuarios diferentes al mismo tiempo.<\/p>\n<p><strong><span style=\"color: #0e93cc;\">11. \u00bfPuedo tener la misma cuenta de TuDime en dos dispositivos diferentes?<\/span><br \/>\n<\/strong><br \/>\nNO.<\/p>\n<p><strong><span style=\"color: #0e93cc;\">12. \u00bfLa calidad de sonido de TuDime es buena?<\/span><br \/>\n<\/strong><br \/>\nLa calidad del sonido en TuDime es excelente. Es una de las muchas caracter\u00edsticas excelentes de la aplicaci\u00f3n.<\/p>\n<p><span style=\"color: #0e93cc;\">13. \u00bfCu\u00e1ntas im\u00e1genes puedo enviar en TuDime a la vez?<\/span><\/p>\n<p>Puede enviar 50 im\u00e1genes en TuDime a la vez.<\/p>\n<p><strong><span style=\"color: #0e93cc;\">14. \u00bfLas llamadas en TuDime son realmente gratuitas?<\/span><br \/>\n<\/strong><br \/>\nS\u00ed. Las llamadas de audio y video de aplicaci\u00f3n a aplicaci\u00f3n son gratuitas durante los primeros 30 d\u00edas del per\u00edodo de prueba. Sin embargo, TuDime tambi\u00e9n tiene TuDime CAN (Llamar a cualquier n\u00famero), lo que significa que se paga a los usuarios que no son de TuDime.<\/p>\n<p><strong><span style=\"color: #0e93cc;\">15. \u00bfHay una versi\u00f3n de escritorio o MAC de TuDime?<\/span><br \/>\n<\/strong><br \/>\nNo, no ahora. Estar\u00e1 disponible pronto en una versi\u00f3n posterior.<\/p>\n<p><strong><span style=\"color: #0e93cc;\">15. \u00bfPuedo usar TuDime en un iPad o un iPod Touch?<\/span><br \/>\n<\/strong><br \/>\nEsta caracter\u00edstica estar\u00e1 disponible en breve\u2026<\/p>\n<p><strong><span style=\"color: #0e93cc;\">17. \u00bfPuedo eliminar mensajes enviados con TuDime?<\/span><br \/>\n<\/strong><br \/>\nS\u00ed. Los mensajes se pueden eliminar con TuDime. Depende del usuario decidir si eliminar o no mensajes significa eliminar mensajes del propio lado del usuario o tambi\u00e9n del lado del destinatario.<\/p>\n<p><strong><span style=\"color: #0e93cc;\">18. \u00bfPuedo editar los mensajes enviados con TuDime?<\/span><br \/>\n<\/strong><br \/>\nS\u00ed. Los mensajes se pueden editar. Haga clic largo en el mensaje que desea editar y elija la opci\u00f3n de edici\u00f3n desde all\u00ed. Luego puede reenviar f\u00e1cilmente su mensaje editado.<\/p>\n<p><strong><span style=\"color: #0e93cc;\">19. \u00bfTuDime reduce la duraci\u00f3n de la bater\u00eda?<\/span><br \/>\n<\/strong><br \/>\nTuDime es una aplicaci\u00f3n liviana y, por lo general, no consume mucha bater\u00eda. No disminuye la duraci\u00f3n de la bater\u00eda. Sin embargo, tenga en cuenta que la duraci\u00f3n de la bater\u00eda tambi\u00e9n depende de las caracter\u00edsticas y el nivel de brillo de su dispositivo.<\/p>\n<p><strong><span style=\"color: #0e93cc;\">20. \u00bfQu\u00e9 son las \u201ctarjetas electr\u00f3nicas\u201d en TuDime?<\/span><br \/>\n<\/strong><br \/>\nTuDime facilita seleccionar, personalizar y compartir incre\u00edbles tarjetas de felicitaci\u00f3n desde su tel\u00e9fono con otros usuarios de TuDime u otros a trav\u00e9s de correo electr\u00f3nico, Facebook, Twitter, Messenger, WhatsApp, etc. Encontrar\u00e1 una tarjeta perfecta para un momento particular en la secci\u00f3n de tarjetas electr\u00f3nicas de TuDime al alcance de su mano: tarjetas eso funcionar\u00e1 para cada qui\u00e9n, qu\u00e9, d\u00f3nde y cu\u00e1ndo en tu loca vida. Siempre puede personalizar las tarjetas como lo hace con las tarjetas de felicitaci\u00f3n reales: agregando su propia nota\/foto, e incluso puede agregar su propia firma y un mensaje de voz. Esta funci\u00f3n tambi\u00e9n tiene una funci\u00f3n de traducci\u00f3n incorporada con texto escrito o palabras habladas y se traducir\u00e1 instant\u00e1neamente a 15 de los idiomas m\u00e1s populares del mundo.<\/p>\n<p><strong><span style=\"color: #0e93cc;\">21. \u00bfEl env\u00edo de tarjetas electr\u00f3nicas es gratis en TuDime?<\/span><br \/>\n<\/strong><br \/>\nS\u00ed. El env\u00edo de tarjetas electr\u00f3nicas TuDime es gratuito para los usuarios de TuDime.<\/p>\n<p><span style=\"color: #0e93cc;\">22. \u00bfC\u00f3mo bloquear a una persona en TuDime?<\/span><\/p>\n<p>En una p\u00e1gina de chat, encontrar\u00e1 un icono (tres iconos de puntos verticales), haga clic en \u00e9l, hay una opci\u00f3n para bloquear a la persona. Al hacer clic en eso, podr\u00e1 no recibir ning\u00fan mensaje de esa persona. Y la lista de personas bloqueadas, se puede ver en Configuraci\u00f3n -&gt; Cuentas -&gt; Privacidad -&gt; Usuarios Bloque.<\/p>\n<p><strong><span style=\"color: #0e93cc;\">23. \u00bfPor qu\u00e9 no se pueden descargar mis TuDime Stickers?<\/span><br \/>\n<\/strong><br \/>\nEst\u00e1 disponible solo despu\u00e9s de haberlo comprado. \u00a1Busque las opciones de pago para pagar y descargar las incre\u00edbles pegatinas!<\/p>\n<p><span style=\"color: #0e93cc;\">24. \u00bfTama\u00f1o m\u00e1ximo de archivos adjuntos con TuDime?<\/span><\/p>\n<p>El tama\u00f1o m\u00e1ximo ser\u00e1 de 10 mb. Si un usuario intenta enviar archivos de m\u00e1s de 10 mb, el usuario no podr\u00e1 enviar esos archivos a trav\u00e9s de TuDime.<\/p>\n<p><strong><span style=\"color: #0e93cc;\">25. \u00bfC\u00f3mo verificar las tarifas de llamadas de TuDime CAN (Call Any Number)?<\/span><br \/>\n<\/strong><br \/>\nPara consultar las tarifas de TuDime Out Call, haz clic aqu\u00ed.<\/p>\n<p><strong><span style=\"color: #0e93cc;\">26. \u00bfPor qu\u00e9 TuDime no reconoce a mis contactos como usuarios de TuDime?<\/span><br \/>\n<\/strong><br \/>\nUna aplicaci\u00f3n de terceros no puede acceder a la lista de contactos de algunos dispositivos. Vaya a la configuraci\u00f3n del tel\u00e9fono y permita compartir contactos para la aplicaci\u00f3n TuDime.<\/p>\n<p><strong><span style=\"color: #0e93cc;\">27. \u00bfQu\u00e9 es Encuentros en TuDime?<\/span><br \/>\n<\/strong><br \/>\nEncuentros en la aplicaci\u00f3n TuDime es una incre\u00edble funci\u00f3n de citas que le permite a una persona buscar una coincidencia espec\u00edfica especificando la edad, el sexo, la ubicaci\u00f3n y otras especificaciones importantes. La funci\u00f3n Encuentros permite a las personas compartir tarjetas de regalo, mensajes de chat y mostrar inter\u00e9s en algunos perfiles. Es una forma segura de generar inter\u00e9s en el perfil de alguien y todos los datos\/chat\/regalos est\u00e1n protegidos y se mantienen en un alto nivel de privacidad.<br \/>\nEs una caracter\u00edstica opcional y uno puede optar por ella al momento de ejecutar la aplicaci\u00f3n por primera vez despu\u00e9s de instalarla. Esto es solo para el grupo de edad de 18 a\u00f1os o m\u00e1s. Se espera que esta funci\u00f3n se lance alrededor de enero de 2023.<\/p>\n<p><strong><span style=\"color: #0e93cc;\">28. \u00bfC\u00f3mo reactivar mi antigua cuenta de TuDime?<\/span><br \/>\n<\/strong><br \/>\nSi ya elimin\u00f3 su cuenta, cuando intente volver a iniciar sesi\u00f3n desde all\u00ed, en la p\u00e1gina de verificaci\u00f3n, TuDime detectar\u00e1 que su cuenta ya se elimin\u00f3. Entonces, desde all\u00ed, lo llevar\u00e1 a la p\u00e1gina para habilitar o activar su cuenta nuevamente cuando haga clic en el bot\u00f3n &#8220;Continuar&#8221;. Entonces, primero habilite su cuenta y luego podr\u00e1 usar las funciones de TuDime f\u00e1cilmente.<br \/>\nTambi\u00e9n puede restaurar todos sus mensajes antiguos en la reactivaci\u00f3n confirmando la descarga de la opci\u00f3n de mensajes antiguos en la p\u00e1gina de reactivaci\u00f3n.<\/p>\n<p><strong><span style=\"color: #0e93cc;\">29. \u00bfC\u00f3mo enviar una solicitud a una persona en TuDime Encounters?<\/span><br \/>\n<\/strong><br \/>\nHay un icono en forma de CORAZ\u00d3N debajo de la imagen. Haga clic en eso y se enviar\u00e1 una solicitud a esa persona. Esa solicitud se mostrar\u00e1 en la p\u00e1gina de INVITACIONES de esa persona en Encuentros. Tambi\u00e9n puede enviar un m\u00e1ximo de 3 mensajes a la persona que le interesa para ayudarlo a que lo entiendan mejor y si esa persona a\u00fan no acepta su propuesta, ser\u00e1 un correo no deseado y ya no compartir\u00e1 su inter\u00e9s. esa persona. En caso de que comience a recibir mensajes del otro lado, se considerar\u00e1 que ambos se conocen y luego podr\u00e1 continuar con los mensajes.<\/p>\n<p><strong><span style=\"color: #0e93cc;\">30. \u00bfC\u00f3mo aceptar la solicitud de amistad de los encuentros de TuDime?<\/span><br \/>\n<\/strong><br \/>\nSi alguien te env\u00eda una solicitud de amistad, se mostrar\u00e1 en la p\u00e1gina de INVITACIONES en TuDime Encounters. All\u00ed obtendr\u00e1 el bot\u00f3n Aceptar o rechazar. Y puedes ver el perfil de la persona haciendo clic en su nombre.<\/p>\n<p><strong><span style=\"color: #0e93cc;\">31. \u00bfC\u00f3mo puedo eliminar mi cuenta de TuDime?<\/span><br \/>\n<\/strong><br \/>\nEn Configuraci\u00f3n encontrar\u00e1s la opci\u00f3n Desactivar cuenta. Simplemente haga clic en eso, su cuenta ser\u00e1 eliminada. Entonces no puede volver a abrir su cuenta con el mismo n\u00famero de tel\u00e9fono m\u00f3vil o direcci\u00f3n de correo electr\u00f3nico. Para usar TuDime, primero debe habilitar su cuenta o debe iniciar sesi\u00f3n con un n\u00famero o correo electr\u00f3nico diferente para crear su cuenta diferente.<\/p>\n<p><strong><span style=\"color: #0e93cc;\">32. \u00bfLas llamadas de aplicaci\u00f3n a aplicaci\u00f3n de TuDime son gratuitas o hay cargos ocultos?<\/span><br \/>\n<\/strong><br \/>\nTuDime es completamente gratis durante el primer per\u00edodo de prueba de 30 d\u00edas despu\u00e9s del registro. Despu\u00e9s de eso, cuesta $ 19.99 USD por a\u00f1o (llamadas TuDime CAN excluidas). Si el usuario registrado se une como suscriptor pago dentro de los primeros 15 d\u00edas calendario, el usuario disfrutar\u00e1 de un descuento del 25%, lo que hace que el total sea de solo $14.99 por ese a\u00f1o de registro.<\/p>","protected":false},"excerpt":{"rendered":"<p>1. \u00bfQu\u00e9 es TuDime? La descripci\u00f3n oficial ser\u00eda que TuDime es una aplicaci\u00f3n de chat para enviar mensajes de texto, enviar im\u00e1genes, videos, archivos, compartir ubicaciones\/informaci\u00f3n de contacto\/doodle, etc., llamadas de audio\/video de aplicaci\u00f3n a aplicaci\u00f3n, llamadas de aplicaci\u00f3n a [&hellip;]<\/p>\n","protected":false},"author":1,"featured_media":113,"parent":0,"menu_order":0,"comment_status":"closed","ping_status":"closed","template":"","meta":{"footnotes":""},"class_list":["post-25","page","type-page","status-publish","has-post-thumbnail","hentry"],"_links":{"self":[{"href":"https:\/\/tudime.riversidemedi-cal.com\/es\/wp-json\/wp\/v2\/pages\/25"}],"collection":[{"href":"https:\/\/tudime.riversidemedi-cal.com\/es\/wp-json\/wp\/v2\/pages"}],"about":[{"href":"https:\/\/tudime.riversidemedi-cal.com\/es\/wp-json\/wp\/v2\/types\/page"}],"author":[{"embeddable":true,"href":"https:\/\/tudime.riversidemedi-cal.com\/es\/wp-json\/wp\/v2\/users\/1"}],"replies":[{"embeddable":true,"href":"https:\/\/tudime.riversidemedi-cal.com\/es\/wp-json\/wp\/v2\/comments?post=25"}],"version-history":[{"count":55,"href":"https:\/\/tudime.riversidemedi-cal.com\/es\/wp-json\/wp\/v2\/pages\/25\/revisions"}],"predecessor-version":[{"id":1447,"href":"https:\/\/tudime.riversidemedi-cal.com\/es\/wp-json\/wp\/v2\/pages\/25\/revisions\/1447"}],"wp:featuredmedia":[{"embeddable":true,"href":"https:\/\/tudime.riversidemedi-cal.com\/es\/wp-json\/wp\/v2\/media\/113"}],"wp:attachment":[{"href":"https:\/\/tudime.riversidemedi-cal.com\/es\/wp-json\/wp\/v2\/media?parent=25"}],"curies":[{"name":"wp","href":"https:\/\/api.w.org\/{rel}","templated":true}]}}