{"id":23,"date":"2017-08-04T10:25:40","date_gmt":"2017-08-04T10:25:40","guid":{"rendered":"http:\/\/localhost\/tudimes\/?page_id=23"},"modified":"2024-07-12T11:39:33","modified_gmt":"2024-07-12T11:39:33","slug":"terms","status":"publish","type":"page","link":"https:\/\/tudime.riversidemedi-cal.com\/es\/terms\/","title":{"rendered":"Caracteristicas"},"content":{"rendered":"<p><\/p>\n<div class=\"tcontent\">\n<h1 style=\"text-align: center;\"><strong><span style=\"color: #1092ce;\">Tu<\/span><span style=\"color: #e22291;\">Dime<\/span><\/strong><\/h1>\n<h3 style=\"text-align: center; color: #000;\"><strong>Best Chat App In The World With The Most Features!<\/strong><\/h3>\n<h4 style=\"text-align: center;\"><strong>Communication App \/ Chat App<\/strong><\/h4>\n<\/div>\n<p>&nbsp;<\/p>\n<ul>\n<li>Texto de chat uno a uno (de usuario a usuario)<\/li>\n<li>Llamadas de video chat (de usuario a usuario)<\/li>\n<li>Llame a cualquier n\u00famero en el mundo, como tel\u00e9fonos fijos, tel\u00e9fonos m\u00f3viles, que acepte llamadas con TuDime CAN (Call Any Number). Tenga en cuenta que debe poner cr\u00e9dito en la cuenta CAN de TuDime con una tasa de llamada muy baja (esto es diferente del chat de video y las llamadas de voz entre usuarios de TuDime).<br \/>\nPara ver las tarifas de llamadas para llamar a un usuario que no es de TuDime (por ejemplo, llamar a un n\u00famero de tel\u00e9fono fijo comercial, un n\u00famero de tel\u00e9fono de la casa o un usuario que no es de TuDime directamente, debe usar la funci\u00f3n &#8220;TuDime CAN&#8221;. Una vez que haya instalado TuDime en su tel\u00e9fono celular , puede colocar dinero para cr\u00e9dito de llamadas en su cuenta CAN de TuDime.Vaya a http:\/\/tudime.com\/CAN-Rates\/ para ver las tarifas de llamadas internacionales CAN de TuDime.<\/li>\n<li>Chat grupal (hasta 200 usuarios)<\/li>\n<li>Llamadas de chat de audio (de usuario a usuario)<\/li>\n<li>Pulsar para hablar y dejar mensajes de voz<\/li>\n<li>Funciones de <strong> <em> TRADUCCI\u00d3N DE IDIOMAS <\/em> <\/strong> integradas (texto y voz a texto)<\/li>\n<li>Funci\u00f3n de traducci\u00f3n adicional: presione para hablar y el mensaje aparece en el idioma hablado y luego se traduce al idioma deseado.<\/li>\n<li>Edite y recupere los mensajes de texto de chat enviados.<\/li>\n<li>Env\u00ede <strong> tarjetas de felicitaci\u00f3n <\/strong> personalizadas a los usuarios de TuDime y a los que no lo son (tarjetas electr\u00f3nicas de TuDime)<\/li>\n<li>Busque amigos (* Encuentros TuDime) y env\u00ede mensajes de chat. Debe tener 18 a\u00f1os o m\u00e1s para usar.<\/li>\n<li>Crea un perfil p\u00fablico o privado. Sube hasta 10 fotos en el perfil.<\/li>\n<li>Mensajes seguros de cifrado de extremo a extremo para su protecci\u00f3n.<\/li>\n<li>Esconderse de los dem\u00e1s \/ Esconderse de todos<\/li>\n<li>Opci\u00f3n de chat secreto<\/li>\n<li>Opci\u00f3n de mensajes que desaparecen (Usted establece un l\u00edmite de tiempo de 1 segundo a una semana despu\u00e9s de leer el mensaje) de ambos lados.<\/li>\n<li>Recupere y elimine mensajes enviados accidentalmente (\u00bfAlguna vez envi\u00f3 accidentalmente un mensaje a otra persona, lo que caus\u00f3 un gran problema?)<\/li>\n<li>Haga una copia de seguridad del chat en Google Drive o en la opci\u00f3n de nube. Excelente caracter\u00edstica en caso de que pierda o cambie de tel\u00e9fono celular.<\/li>\n<li>Recupere y restaure su historial de chat.<\/li>\n<li>Env\u00ede archivos, documentos, im\u00e1genes, fotos, videos, contactos, ubicaci\u00f3n, audio.<\/li>\n<li>Opci\u00f3n de contrase\u00f1a para abrir TuDime para mayor seguridad y evitar que otros vean su chat y mensajes.<\/li>\n<li>Opci\u00f3n adicional para establecer una contrase\u00f1a adicional para TuDime Encounters *<\/li>\n<li>Funci\u00f3n de Doodle para charlar.<\/li>\n<li>Cambie los temas de fondo para usted y otros usuarios de TuDime. Agrega tus propios temas.<\/li>\n<li>Opci\u00f3n de notificaciones push<\/li>\n<\/ul>\n<p><strong>Costo:<\/strong><\/p>\n<p>Prueba gratuita durante los primeros 30 d\u00edas despu\u00e9s del registro.<\/p>\n<p>$ 15 (USD) por membres\u00eda anual. Sin embargo, si el usuario se une dentro de los primeros 15 d\u00edas, cuesta $ 11.25 (25 por ciento de descuento) a trav\u00e9s de Stripe, Visa o MC \/ tarjetas de d\u00e9bito o cr\u00e9dito.<\/p>\n<p><strong>Charlar \/ Comunicaci\u00f3n :<\/strong><\/p>\n<p>El usuario disfrutar\u00e1 de conversaciones de texto y videollamadas con colegas, amigos, familiares, compa\u00f1eros de trabajo y otros, mientras comparte videos, audios, im\u00e1genes y archivos. Videollamadas y videoconferencias gratuitas en todo el mundo para usuarios de TuDime (primeros 30 d\u00edas gratis).<\/p>\n<p><strong>Tarjetas de felicitaci\u00f3n (eCards) :<\/strong><\/p>\n<p>TuDime facilita la personalizaci\u00f3n y el intercambio de fant\u00e1sticas tarjetas de felicitaci\u00f3n (eCards) desde su tel\u00e9fono celular con sus seres queridos y cercanos a trav\u00e9s del usuario de la aplicaci\u00f3n, correo electr\u00f3nico, FaceBook, Twitter, etc. Cree una tarjeta perfecta al alcance de su mano para la mayor\u00eda de las ocasiones desde la funci\u00f3n TuDime eCards. Puede personalizar cada tarjeta como puede hacerlo en tarjetas de felicitaci\u00f3n reales. Esto incluye escribir su propio mensaje personal junto con la inserci\u00f3n de una foto. Si eso no es suficiente, \u00bfqu\u00e9 tal si agrega un mensaje de voz personalizado y lo firma con su propia firma? Definitivamente ganar\u00e1s puntos con tus amigos y familiares envi\u00e1ndoles una tarjeta electr\u00f3nica TuDime!<\/p>\n<p><strong>Llamadas de usuario a usuario y comunicaci\u00f3n por video chat:<\/strong><\/p>\n<p>Habla con otros usuarios de TuDime todo el tiempo que quieras, incluso con personas de otros pa\u00edses. Las llamadas son gratuitas a trav\u00e9s de Wi-Fi.<\/p>\n<p>Adem\u00e1s, puede llamar a CUALQUIER n\u00famero en el mundo que acepte llamadas con TuDime CAN (necesita poner cr\u00e9dito en la cuenta TuDime CAN con tarifas de llamadas internacionales muy bajas).<\/p>\n<p><strong>Llame a cualquier n\u00famero del mundo que acepte llamadas entrantes :<\/strong><\/p>\n<p>Llame a cualquier n\u00famero en el mundo, como tel\u00e9fonos fijos, tel\u00e9fonos m\u00f3viles, que acepte llamadas con TuDime CAN (Call Any Number). Tenga en cuenta que debe poner cr\u00e9dito en la cuenta CAN de TuDime con una tasa de llamada muy baja (esto es diferente del chat de video y las llamadas de voz entre usuarios de TuDime).<\/p>\n<p>Para ver las tarifas de llamadas para llamar a un usuario que no es de TuDime (por ejemplo, llamar a un n\u00famero de tel\u00e9fono fijo comercial, un n\u00famero de tel\u00e9fono de la casa o un usuario que no es de TuDime directamente, debe usar la funci\u00f3n &#8220;TuDime CAN&#8221;. Una vez que haya instalado TuDime en su tel\u00e9fono celular , puede colocar dinero para cr\u00e9dito de llamadas en su cuenta CAN de TuDime.<\/p>\n<p>Vaya a http:\/\/tudime.com\/CAN-Rates\/ para ver las tarifas de llamadas internacionales CAN de TuDime.<\/p>\n<p><strong>Fechada :<\/strong><\/p>\n<p>* TuDime Encounters es una caracter\u00edstica OPCIONAL de comunicaci\u00f3n de citas incre\u00edble para personas de al menos 18 a\u00f1os de edad, que les permite buscar coincidencias que especifiquen la edad, el g\u00e9nero, la ubicaci\u00f3n y otras caracter\u00edsticas importantes. Esta funci\u00f3n permite a las personas compartir tarjetas de felicitaci\u00f3n, chatear mensajes y mostrar inter\u00e9s en el perfil de otra persona. Es una forma segura de expresar inter\u00e9s y pensamientos sobre los dem\u00e1s con un alto nivel de privacidad.<\/p>\n<p><em><strong>*Esta caracter\u00edstica en desarrollo. Lanzamiento previsto aproximadamente en junio de 2021.<\/strong><\/em><\/p>","protected":false},"excerpt":{"rendered":"<p>TuDime Best Chat App In The World With The Most Features! Communication App \/ Chat App &nbsp; Texto de chat uno a uno (de usuario a usuario) Llamadas de video chat (de usuario a usuario) Llame a cualquier n\u00famero en [&hellip;]<\/p>\n","protected":false},"author":1,"featured_media":113,"parent":0,"menu_order":0,"comment_status":"closed","ping_status":"closed","template":"temp-fetured.php","meta":{"footnotes":""},"class_list":["post-23","page","type-page","status-publish","has-post-thumbnail","hentry"],"_links":{"self":[{"href":"https:\/\/tudime.riversidemedi-cal.com\/es\/wp-json\/wp\/v2\/pages\/23"}],"collection":[{"href":"https:\/\/tudime.riversidemedi-cal.com\/es\/wp-json\/wp\/v2\/pages"}],"about":[{"href":"https:\/\/tudime.riversidemedi-cal.com\/es\/wp-json\/wp\/v2\/types\/page"}],"author":[{"embeddable":true,"href":"https:\/\/tudime.riversidemedi-cal.com\/es\/wp-json\/wp\/v2\/users\/1"}],"replies":[{"embeddable":true,"href":"https:\/\/tudime.riversidemedi-cal.com\/es\/wp-json\/wp\/v2\/comments?post=23"}],"version-history":[{"count":48,"href":"https:\/\/tudime.riversidemedi-cal.com\/es\/wp-json\/wp\/v2\/pages\/23\/revisions"}],"predecessor-version":[{"id":1437,"href":"https:\/\/tudime.riversidemedi-cal.com\/es\/wp-json\/wp\/v2\/pages\/23\/revisions\/1437"}],"wp:featuredmedia":[{"embeddable":true,"href":"https:\/\/tudime.riversidemedi-cal.com\/es\/wp-json\/wp\/v2\/media\/113"}],"wp:attachment":[{"href":"https:\/\/tudime.riversidemedi-cal.com\/es\/wp-json\/wp\/v2\/media?parent=23"}],"curies":[{"name":"wp","href":"https:\/\/api.w.org\/{rel}","templated":true}]}}