{"id":916,"date":"2022-12-21T06:18:53","date_gmt":"2022-12-21T06:18:53","guid":{"rendered":"https:\/\/tudime.com\/?page_id=916"},"modified":"2024-07-14T13:40:12","modified_gmt":"2024-07-14T13:40:12","slug":"about","status":"publish","type":"page","link":"https:\/\/tudime.riversidemedi-cal.com\/de\/about\/","title":{"rendered":"\u00dcber"},"content":{"rendered":"<p><\/p>\n<h2><strong>TuDime-Leitbild<\/strong><\/h2>\n<ul>\n<li>Um die beste Chance f\u00fcr eine soziale Pr\u00e4senz zu bieten, die Identit\u00e4t aufbaut und die Erwartungen der Benutzer sicherstellt und hoffentlich \u00fcbertrifft.<\/li>\n<li>TuDime-Mitarbeiter zu haben, die sich f\u00fcr qualitativ hochwertige Arbeit einsetzen, mit dem ultimativen Ziel, Benutzern auf der ganzen Welt die beste Chat-Anwendung aller Zeiten zur Verf\u00fcgung zu stellen.<\/li>\n<li>Verbesserung der Kundenzufriedenheit<\/li>\n<li>Der F\u00f6rderung einer ethischen, verantwortungsbewussten und effektiven Kommunikation verpflichtet.<\/li>\n<li>Bem\u00fchen Sie sich, allen Benutzern eine SICHERE und SICHERE Kommunikationsanwendung bereitzustellen.<\/li>\n<li>Um die Weltbev\u00f6lkerung besser miteinander zu verbinden, um ein gl\u00fccklicheres globales Gemeinschaftsumfeld zu schaffen.<\/li>\n<li>Um TuDime-Benutzer von Hass, Unzufriedenheit, Mobbing, Pornografie, Ausbeutung anderer, Menschenhandel, sexueller Ausbeutung, Terrorismus und anderen kriminellen Verst\u00f6\u00dfen w\u00e4hrend der Nutzung dieser Anwendung abzuhalten und hoffentlich zu verhindern.<\/li>\n<li>Um weiterhin offen f\u00fcr Vorschl\u00e4ge und Ideen von TuDime-Benutzern zu sein, in dem nie endenden Streben, der Welt die beste Chat-Anwendung zur Verf\u00fcgung zu stellen.<\/li>\n<\/ul>\n<p><\/p>","protected":false},"excerpt":{"rendered":"<p>TuDime-Leitbild Um die beste Chance f\u00fcr eine soziale Pr\u00e4senz zu bieten, die Identit\u00e4t aufbaut und die Erwartungen der Benutzer sicherstellt und hoffentlich \u00fcbertrifft. TuDime-Mitarbeiter zu haben, die sich f\u00fcr qualitativ hochwertige Arbeit einsetzen, mit dem ultimativen Ziel, Benutzern auf der [&hellip;]<\/p>\n","protected":false},"author":1,"featured_media":0,"parent":0,"menu_order":0,"comment_status":"closed","ping_status":"closed","template":"","meta":{"footnotes":""},"class_list":["post-916","page","type-page","status-publish","hentry"],"_links":{"self":[{"href":"https:\/\/tudime.riversidemedi-cal.com\/de\/wp-json\/wp\/v2\/pages\/916"}],"collection":[{"href":"https:\/\/tudime.riversidemedi-cal.com\/de\/wp-json\/wp\/v2\/pages"}],"about":[{"href":"https:\/\/tudime.riversidemedi-cal.com\/de\/wp-json\/wp\/v2\/types\/page"}],"author":[{"embeddable":true,"href":"https:\/\/tudime.riversidemedi-cal.com\/de\/wp-json\/wp\/v2\/users\/1"}],"replies":[{"embeddable":true,"href":"https:\/\/tudime.riversidemedi-cal.com\/de\/wp-json\/wp\/v2\/comments?post=916"}],"version-history":[{"count":15,"href":"https:\/\/tudime.riversidemedi-cal.com\/de\/wp-json\/wp\/v2\/pages\/916\/revisions"}],"predecessor-version":[{"id":1444,"href":"https:\/\/tudime.riversidemedi-cal.com\/de\/wp-json\/wp\/v2\/pages\/916\/revisions\/1444"}],"wp:attachment":[{"href":"https:\/\/tudime.riversidemedi-cal.com\/de\/wp-json\/wp\/v2\/media?parent=916"}],"curies":[{"name":"wp","href":"https:\/\/api.w.org\/{rel}","templated":true}]}}