{"id":25,"date":"2017-08-04T10:25:49","date_gmt":"2017-08-04T10:25:49","guid":{"rendered":"http:\/\/localhost\/tudimes\/?page_id=25"},"modified":"2024-07-14T13:47:42","modified_gmt":"2024-07-14T13:47:42","slug":"faq","status":"publish","type":"page","link":"https:\/\/tudime.riversidemedi-cal.com\/de\/faq\/","title":{"rendered":"FAQ"},"content":{"rendered":"<p><strong><span style=\"color: #0e93cc;\">1. Was ist TuDime?<\/span><br \/>\n<\/strong><br \/>\nOffizielle Beschreibung w\u00e4re, dass TuDime eine Chat-App zum Senden von Textnachrichten, Senden von Bildern, Videos, Dateien, Teilen von Standorten\/Kontaktinformationen\/Doodle usw., Audio-\/Videoanrufen von App zu App, Anrufen von App zu Telefon\/Festnetz mit der TuDime-Guthabenanruffunktion ist Dies ist die beste und umfassendste Funktion der App, die weltweit die g\u00fcnstigsten Gespr\u00e4chstarife bietet. Au\u00dferdem hat TuDime einige gro\u00dfartige Funktionen wie Begegnungen \u2013 die eine erweiterte Version einer Dating-Anforderung sind, eCards \u2013 die es erleichtern, jemandem einen Ausdruck zu schicken, damit er sich besonders f\u00fchlt, indem er mit fantastischen eGru\u00dfkarten gr\u00fc\u00dft und vieles mehr \u2026<\/p>\n<p><strong><span style=\"color: #0e93cc;\">2. Wie installiere ich TuDime?<\/span><br \/>\n<\/strong><br \/>\nSie k\u00f6nnen die Anwendung aus dem Google Play Store oder dem Apple Store installieren. Suchen Sie die Anwendung entweder im Google Play Store oder im Apple Store und installieren Sie sie von dort aus. Es wird automatisch auf dem Mobilger\u00e4t installiert. TuDime ist in den ersten 30 Kalendertagen nach der Registrierung f\u00fcr alle kostenlos.<\/p>\n<p><strong><span style=\"color: #0e93cc;\">3. Enth\u00e4lt TuDime Werbung?<\/span><br \/>\n<\/strong><br \/>\nNein, tut es nicht.<\/p>\n<p><strong><span style=\"color: #0e93cc;\">4. Welche Ger\u00e4te werden nicht unterst\u00fctzt?<\/span><br \/>\n<\/strong><br \/>\nTuDime unterst\u00fctzt sowohl iPhone- als auch Android-Handy- und Tablet-Ger\u00e4te. Blackberry-Telefone werden nicht unterst\u00fctzt.<\/p>\n<p><strong><span style=\"color: #0e93cc;\">5. Kann ich TuDime auf meinem BlackBerry installieren?<\/span><\/strong><\/p>\n<p>Nein. TuDime unterst\u00fctzt keine BlackBerry-Ger\u00e4te.<\/p>\n<p><strong><span style=\"color: #0e93cc;\">6. Ich habe meinen Registrierungszugangscode nicht an mein Telefon oder meine E-Mail erhalten. Was kann ich machen?<br \/>\n<\/span><\/strong><br \/>\nDies kann an einer langsamen Internetverbindung oder einer Nichtverf\u00fcgbarkeit des Internets liegen.<br \/>\nSie k\u00f6nnen auf \u201eCode erneut senden\u201c klicken. TuDime sendet Ihnen den Zugangscode erneut zu.<\/p>\n<p><strong><span style=\"color: #0e93cc;\">7. Warum kann ich TuDime in einigen Wi-Fi-Netzwerken nicht verwenden?<\/span><br \/>\n<\/strong><br \/>\nSie k\u00f6nnen TuDime in allen WLAN-Netzwerken verwenden, aber es sollte eine gute Geschwindigkeit haben. Bei sehr niedriger Geschwindigkeit funktioniert es nicht richtig. Um TuDime nutzen zu k\u00f6nnen, ben\u00f6tigen Sie Highspeed-Internet.<\/p>\n<p><strong><span style=\"color: #0e93cc;\">8. Sind die Chatdaten bei TuDime sicher?<\/span><br \/>\n<\/strong><br \/>\nJa. Es ist absolut sicher. Niemand kann Ihre Chat-Daten hacken. Der TuDime-Chat ist Ende-zu-Ende-verschl\u00fcsselt, was bedeutet, dass TuDime Ihre Texte oder andere Informationen, die in einem Chat gesendet werden, nicht in einer Datenbank speichert. Ihr TuDime-Chat wird automatisch gesichert. Wenn Sie Ihren Chat jedoch auf einer anderen Quelle speichern m\u00f6chten, empfehlen wir Ihnen, Ihren Chatverlauf auf einem Drittanbieterkonto wie Google Cloud zu sichern.<\/p>\n<p><strong><span style=\"color: #0e93cc;\">9. Was ist End-to-End-Verschl\u00fcsselung in TuDime?<\/span><br \/>\n<\/strong><br \/>\nDie End-to-End-Verschl\u00fcsselung ist eine Technologie, die die von Ihnen geteilten Inhalte von einem Endpunkt (z. B. Ihrem Telefon) zum anderen (z. B. dem Telefon Ihres Gespr\u00e4chspartners) privat und sicher h\u00e4lt. Die von Ihnen geteilten Inhalte sind unlesbar, wenn sie w\u00e4hrend der \u00dcbertragung abgefangen werden. Niemand kann Ihre Nachrichten aus der Cloud lesen. Nicht einmal die Mitarbeiter von TuDime k\u00f6nnen Ihre verschl\u00fcsselten Nachrichten lesen. Das bedeutet, dass Ihre Daten verschl\u00fcsselt \u00fcber das Netzwerk \u00fcbertragen werden. Dies wird als \u201eEnde-zu-Ende-Verschl\u00fcsselung\u201c bezeichnet.<\/p>\n<p><strong><span style=\"color: #0e93cc;\">10. Kann ich mit TuDime Textnachrichten senden und Videoanrufe f\u00fchren?<\/span><br \/>\n<\/strong><br \/>\nJa. TuDime ist eine Chat-Anwendung. Sie k\u00f6nnen die Textnachricht oder den Video-Chat an jeden Ihrer Freunde senden, wenn er\/sie auch ein Benutzer von TuDime ist. Gruppen-SMS ist auch f\u00fcr bis zu 300 Benutzer verf\u00fcgbar. Gruppen-Videoanrufe k\u00f6nnen mit bis zu 5 verschiedenen TuDime-Benutzern gleichzeitig get\u00e4tigt werden. Nach Januar 2023 hofft TuDime hinzuf\u00fcgen zu k\u00f6nnen, um gleichzeitig mit mindestens 10 verschiedenen Benutzern per Video chatten zu k\u00f6nnen.<\/p>\n<p><strong><span style=\"color: #0e93cc;\">11. Kann ich dasselbe TuDime-Konto auf zwei verschiedenen Ger\u00e4ten haben?<\/span><br \/>\n<\/strong><br \/>\nNEIN.<\/p>\n<p><strong><span style=\"color: #0e93cc;\">12. Ist die Tonqualit\u00e4t von TuDime gut?<\/span><br \/>\n<\/strong><br \/>\nDie Tonqualit\u00e4t auf TuDime ist ausgezeichnet. Dies ist eine von vielen gro\u00dfartigen Funktionen der App.<\/p>\n<p><strong><span style=\"color: #0e93cc;\">13. Wie viele Bilder kann ich gleichzeitig auf TuDime senden?<\/span><br \/>\n<\/strong><br \/>\nSie k\u00f6nnen 50 Bilder gleichzeitig auf TuDime senden.<\/p>\n<p><strong><span style=\"color: #0e93cc;\">14. Sind die Anrufe auf TuDime wirklich kostenlos?<\/span><br \/>\n<\/strong><br \/>\nJa. Audio- und Videoanrufe von App zu App sind w\u00e4hrend der ersten 30-t\u00e4gigen Testphase kostenlos. TuDime hat jedoch auch TuDime CAN (Call Any Number), was bedeutet, dass Nicht-TuDime-Benutzer bezahlt werden.<\/p>\n<p><strong><span style=\"color: #0e93cc;\">15. Gibt es eine Desktop- oder MAC-Version von TuDime?<\/span><br \/>\n<\/strong><br \/>\nNein nicht jetzt. Es wird bald in einer sp\u00e4teren Version verf\u00fcgbar sein.<\/p>\n<p><strong><span style=\"color: #0e93cc;\">16. Kann ich TuDime auf einem iPad oder iPod Touch verwenden?<\/span><br \/>\n<\/strong><br \/>\nDiese Funktion wird bald verf\u00fcgbar sein\u2026<\/p>\n<p><strong><span style=\"color: #0e93cc;\">17. Kann ich mit TuDime gesendete Nachrichten l\u00f6schen?<\/span><br \/>\n<\/strong><br \/>\nJa. Nachrichten k\u00f6nnen mit TuDime gel\u00f6scht werden. Es liegt am Benutzer zu entscheiden, ob das L\u00f6schen von Nachrichten bedeutet, dass Nachrichten von der eigenen Seite des Benutzers oder auch von der Empf\u00e4ngerseite gel\u00f6scht werden.<\/p>\n<p><strong><span style=\"color: #0e93cc;\">18. Darf ich gesendete Nachrichten mit TuDime bearbeiten?<\/span><br \/>\n<\/strong><br \/>\nJa. Nachrichten k\u00f6nnen bearbeitet werden. Klicken Sie lange auf die Nachricht, die Sie bearbeiten m\u00f6chten, und w\u00e4hlen Sie dort die Bearbeitungsoption aus. Dann k\u00f6nnen Sie Ihre bearbeitete Nachricht ganz einfach erneut senden.<\/p>\n<p><strong><span style=\"color: #0e93cc;\">19. Verk\u00fcrzt TuDime die Batterielebensdauer?<\/span><br \/>\n<\/strong><br \/>\nTuDime ist eine leichtgewichtige Anwendung und entl\u00e4dt normalerweise nicht viel Batterie. Die Batterielebensdauer wird dadurch nicht verringert. Beachten Sie jedoch, dass die Akkulaufzeit auch von den Funktionen und der Helligkeit Ihres Ger\u00e4ts abh\u00e4ngt.<\/p>\n<p><strong><span style=\"color: #0e93cc;\">20. Was sind \u201eeCards\u201c in TuDime?<\/span><br \/>\n<\/strong><br \/>\nTuDime erleichtert das Ausw\u00e4hlen, Personalisieren und Teilen toller Gru\u00dfkarten von Ihrem Telefon mit anderen TuDime-Benutzern oder anderen per E-Mail, Facebook, Twitter, Messenger, WhatsApp usw. Sie finden eine perfekte Karte f\u00fcr einen bestimmten Moment aus dem Bereich TuDime eCards \u2013 Karten das wird f\u00fcr jedes wer, was, wo und wann in deinem verr\u00fcckten Leben funktionieren. Sie k\u00f6nnen Karten jederzeit so anpassen, wie Sie es bei echten Gru\u00dfkarten tun k\u00f6nnen: F\u00fcgen Sie eine eigene Notiz \/ ein eigenes Foto hinzu, und Sie k\u00f6nnen sogar Ihre eigene Signatur und eine Sprachnachricht hinzuf\u00fcgen. Diese Funktion verf\u00fcgt auch \u00fcber eine integrierte \u00dcbersetzungsfunktion mit entweder getipptem Text oder gesprochenen W\u00f6rtern und wird sofort in 15 der beliebtesten Sprachen der Welt \u00fcbersetzt.<\/p>\n<p><strong><span style=\"color: #0e93cc;\">21. Ist das Versenden von eCards auf TuDime kostenlos?<\/span><br \/>\n<\/strong><br \/>\nJa. Das Versenden von TuDime eCards ist f\u00fcr TuDime-Benutzer kostenlos.<\/p>\n<p><strong><span style=\"color: #0e93cc;\">22. Wie blockiere ich eine Person auf TuDime?<\/span><br \/>\n<\/strong><br \/>\nAuf einer Chat-Seite finden Sie ein Symbol (drei vertikal gepunktete Symbole). Klicken Sie darauf, es gibt eine Option zum Blockieren der Person. Wenn Sie darauf klicken, k\u00f6nnen Sie keine Nachricht von dieser Person erhalten. Und die Liste der blockierten Personen k\u00f6nnen Sie unter Einstellungen -&gt; Konten -&gt; Datenschutz -&gt; Benutzer blockieren.<\/p>\n<p><strong><span style=\"color: #0e93cc;\">23. Warum k\u00f6nnen meine TuDime-Sticker nicht heruntergeladen werden?<\/span><br \/>\n<\/strong><br \/>\nEs ist nur verf\u00fcgbar, nachdem Sie es gekauft haben. Bitte suchen Sie nach den Zahlungsoptionen, um die tollen Aufkleber zu bezahlen und herunterzuladen!<\/p>\n<p><strong><span style=\"color: #0e93cc;\">24. Maximale Gr\u00f6\u00dfe von angeh\u00e4ngten Dateien mit TuDime?<\/span><br \/>\n<\/strong><br \/>\nDie maximale Gr\u00f6\u00dfe betr\u00e4gt 10 MB. Wenn ein Benutzer versucht, Dateien mit mehr als 10 MB zu senden, kann der Benutzer diese Dateien nicht \u00fcber TuDime senden.<\/p>\n<p><strong><span style=\"color: #0e93cc;\">25. Wie \u00fcberpr\u00fcfe ich die Tarife von TuDime CAN (Call Any Number)?<\/span><br \/>\n<\/strong><br \/>\nUm die TuDime Out Call-Tarife zu \u00fcberpr\u00fcfen, klicken Sie bitte hier.<\/p>\n<p><strong><span style=\"color: #0e93cc;\">26. Warum erkennt TuDime meine Kontakte nicht als TuDime-Benutzer?<\/span><br \/>\n<\/strong><br \/>\nAuf einige Ger\u00e4tekontaktlisten kann \u00fcber eine Drittanbieter-App nicht zugegriffen werden. Bitte gehen Sie zu den Telefoneinstellungen und erlauben Sie die Kontaktfreigabe f\u00fcr die Anwendung TuDime.<\/p>\n<p><strong><span style=\"color: #0e93cc;\">27. Was sind Begegnungen in TuDime?<\/span><br \/>\n<\/strong><br \/>\nBegegnungen in der TuDime-App ist eine gro\u00dfartige Dating-Funktion, die es einer Person erm\u00f6glicht, nach bestimmten \u00dcbereinstimmungen zu suchen, die Alter, Geschlecht, Ort und andere wichtige Spezifikationen angeben. Es ist eine sichere M\u00f6glichkeit, das Interesse an jemandes Profil zu wecken, und alle Daten\/Chats\/Geschenke werden gesichert und auf einem hohen Datenschutzniveau gehalten.<br \/>\nEs ist eine optionale Funktion und kann beim erstmaligen Ausf\u00fchren der App nach der Installation ausgew\u00e4hlt werden. Dies gilt nur f\u00fcr die Altersgruppe ab 18 Jahren. Diese Funktion wird voraussichtlich im Januar 2023 ver\u00f6ffentlicht.<\/p>\n<p><strong><span style=\"color: #0e93cc;\">28. Wie reaktiviere ich mein altes TuDime-Konto?<\/span><br \/>\n<\/strong><br \/>\nWenn Sie Ihr Konto bereits gel\u00f6scht haben, wird TuDime auf der Best\u00e4tigungsseite feststellen, dass Ihr Konto bereits gel\u00f6scht wurde, wenn Sie versuchen, sich erneut anzumelden. Von dort gelangen Sie also zu der Seite, auf der Sie Ihr Konto erneut aktivieren oder aktivieren k\u00f6nnen, wenn Sie auf die Schaltfl\u00e4che \u201eWeiter\u201c klicken. Aktivieren Sie also zuerst Ihr Konto, danach k\u00f6nnen Sie TuDime-Funktionen problemlos nutzen.<br \/>\nSie k\u00f6nnen auch alle Ihre alten Nachrichten bei der Reaktivierung wiederherstellen, indem Sie best\u00e4tigen, dass Sie die Option f\u00fcr alte Nachrichten auf der Reaktivierungsseite herunterladen.<\/p>\n<p><strong><span style=\"color: #0e93cc;\">29. Wie sende ich eine Anfrage an eine Person auf TuDime Encounters?<\/span><br \/>\n<\/strong><br \/>\nUnter dem Bild befindet sich ein HERZ-Form-Symbol. Klicken Sie darauf und eine Anfrage wird an diese Person gesendet. Diese Anfrage wird auf der Seite EINLADUNGEN dieser Person bei Begegnungen angezeigt. Sie k\u00f6nnen auch maximal 3 Nachrichten an die Person senden, an der Sie interessiert sind, damit sie Sie besser versteht, und wenn diese Person Ihren Vorschlag immer noch nicht akzeptiert, wird es ein Spam sein und Sie werden Ihr Interesse nicht mehr teilen diese Person. Falls Sie Nachrichten von der anderen Seite erhalten, wird davon ausgegangen, dass Sie sich beide kennen, und Sie k\u00f6nnen die Nachrichten fortsetzen.<\/p>\n<p><strong><span style=\"color: #0e93cc;\">30. Wie akzeptiere ich Freundschaftsanfragen von TuDime-Begegnungen?<\/span><br \/>\n<\/strong><br \/>\nWenn Ihnen jemand eine Freundschaftsanfrage sendet, wird diese auf der Seite EINLADUNGEN auf TuDime-Begegnungen angezeigt. Dort erhalten Sie die Schaltfl\u00e4che Akzeptieren oder Ablehnen. Und Sie k\u00f6nnen das Personenprofil sehen, indem Sie auf seinen Namen klicken.<\/p>\n<p><strong><span style=\"color: #0e93cc;\">31. Wie kann ich mein TuDime-Konto l\u00f6schen?<\/span><br \/>\n<\/strong><br \/>\nIn den Einstellungen finden Sie eine Option zum Deaktivieren des Kontos. Klicken Sie einfach darauf, Ihr Konto wird gel\u00f6scht. Dann k\u00f6nnen Sie Ihr Konto nicht mit derselben Handynummer oder E-Mail-Adresse erneut er\u00f6ffnen. Um TuDime zu verwenden, m\u00fcssen Sie zuerst Ihr Konto aktivieren oder sich mit einer anderen Nummer oder E-Mail-Adresse anmelden, um Ihr anderes Konto zu erstellen.<\/p>\n<p><strong><span style=\"color: #0e93cc;\">32. Sind App-zu-App-Anrufe von TuDime kostenlos oder gibt es versteckte Geb\u00fchren?<\/span><br \/>\n<\/strong><br \/>\nTuDime ist w\u00e4hrend der ersten 30-t\u00e4gigen Testphase nach der Registrierung v\u00f6llig kostenlos. Danach sind es 19,99 USD pro Jahr (TuDime CAN-Anrufe ausgeschlossen). Wenn der registrierte Benutzer innerhalb der ersten 15 Kalendertage als zahlender Abonnent beitritt, erh\u00e4lt der Benutzer einen Rabatt von 25 %, wodurch sich die Gesamtsumme auf nur 14,99 $ pro Registrierungsjahr bel\u00e4uft.<br \/>\n<\/p>","protected":false},"excerpt":{"rendered":"<p>1. Was ist TuDime? Offizielle Beschreibung w\u00e4re, dass TuDime eine Chat-App zum Senden von Textnachrichten, Senden von Bildern, Videos, Dateien, Teilen von Standorten\/Kontaktinformationen\/Doodle usw., Audio-\/Videoanrufen von App zu App, Anrufen von App zu Telefon\/Festnetz mit der TuDime-Guthabenanruffunktion ist Dies ist [&hellip;]<\/p>\n","protected":false},"author":1,"featured_media":113,"parent":0,"menu_order":0,"comment_status":"closed","ping_status":"closed","template":"","meta":{"footnotes":""},"class_list":["post-25","page","type-page","status-publish","has-post-thumbnail","hentry"],"_links":{"self":[{"href":"https:\/\/tudime.riversidemedi-cal.com\/de\/wp-json\/wp\/v2\/pages\/25"}],"collection":[{"href":"https:\/\/tudime.riversidemedi-cal.com\/de\/wp-json\/wp\/v2\/pages"}],"about":[{"href":"https:\/\/tudime.riversidemedi-cal.com\/de\/wp-json\/wp\/v2\/types\/page"}],"author":[{"embeddable":true,"href":"https:\/\/tudime.riversidemedi-cal.com\/de\/wp-json\/wp\/v2\/users\/1"}],"replies":[{"embeddable":true,"href":"https:\/\/tudime.riversidemedi-cal.com\/de\/wp-json\/wp\/v2\/comments?post=25"}],"version-history":[{"count":55,"href":"https:\/\/tudime.riversidemedi-cal.com\/de\/wp-json\/wp\/v2\/pages\/25\/revisions"}],"predecessor-version":[{"id":1447,"href":"https:\/\/tudime.riversidemedi-cal.com\/de\/wp-json\/wp\/v2\/pages\/25\/revisions\/1447"}],"wp:featuredmedia":[{"embeddable":true,"href":"https:\/\/tudime.riversidemedi-cal.com\/de\/wp-json\/wp\/v2\/media\/113"}],"wp:attachment":[{"href":"https:\/\/tudime.riversidemedi-cal.com\/de\/wp-json\/wp\/v2\/media?parent=25"}],"curies":[{"name":"wp","href":"https:\/\/api.w.org\/{rel}","templated":true}]}}